{"id":884,"date":"2025-09-14T20:45:10","date_gmt":"2025-09-14T18:45:10","guid":{"rendered":"https:\/\/trachtler.at\/?page_id=884"},"modified":"2025-09-15T13:22:45","modified_gmt":"2025-09-15T11:22:45","slug":"brauchtumspflege","status":"publish","type":"page","link":"https:\/\/trachtler.at\/?page_id=884","title":{"rendered":"O\u00d6 Brauchtumskalender"},"content":{"rendered":"\n<p class=\"has-text-align-center\"><strong>Brauchtum &amp; Tradition<\/strong><\/p>\n\n\n\n<p>Brauchtum und Tradition werden in Ober\u00f6sterreich gro\u00df geschrieben. Wer gelebtes Brauchtum und lebendige Tradition miterleben m\u00f6chte, der kann in Ober\u00f6sterreich so manches erleben. Bei zahlreichen Festen wird altes Brauchtum gepflegt, viele der Traditionen gehen auf religi\u00f6ses Brauchtum zur\u00fcck. G\u00e4ste und Mitfeiernde sind bei Tradition und Brauchtum immer gerne gesehen und damit steht einer Tour zu Tradition und Brauchtum in Oberreich ja eigentlich nichts mehr im Wege. Hier unser Vorschlag zu Tradition und Brauchtum in Ober\u00f6sterreich. Klicken Sie auf das Bild.<\/p>\n\n\n<div class=\"wp-block-image\">\n<figure class=\"aligncenter size-full\"><a href=\"http:\/\/www.brauchtumskalender.at\/\" target=\"_blank\" rel=\" noreferrer noopener\"><img loading=\"lazy\" decoding=\"async\" width=\"542\" height=\"199\" src=\"https:\/\/trachtler.at\/wp-content\/uploads\/2025\/09\/oobtkalender.jpg\" alt=\"\" class=\"wp-image-885\" srcset=\"https:\/\/trachtler.at\/wp-content\/uploads\/2025\/09\/oobtkalender.jpg 542w, https:\/\/trachtler.at\/wp-content\/uploads\/2025\/09\/oobtkalender-300x110.jpg 300w\" sizes=\"auto, (max-width: 542px) 100vw, 542px\" \/><\/a><\/figure>\n<\/div>\n\n\n<p><\/p>\n","protected":false},"excerpt":{"rendered":"<p>Brauchtum &amp; Tradition Brauchtum und Tradition werden in Ober\u00f6sterreich gro\u00df geschrieben. Wer gelebtes Brauchtum und lebendige Tradition miterleben m\u00f6chte, der kann in Ober\u00f6sterreich so manches erleben. Bei zahlreichen Festen wird altes Brauchtum gepflegt, viele der Traditionen gehen auf religi\u00f6ses Brauchtum zur\u00fcck. G\u00e4ste und Mitfeiernde sind bei Tradition und Brauchtum immer gerne gesehen und damit steht einer Tour zu Tradition und Brauchtum in Oberreich ja eigentlich nichts mehr im Wege. Hier unser Vorschlag zu Tradition und Brauchtum in Ober\u00f6sterreich. Klicken Sie auf das Bild.<\/p>\n","protected":false},"author":1,"featured_media":0,"parent":0,"menu_order":0,"comment_status":"closed","ping_status":"closed","template":"","meta":{"footnotes":""},"class_list":["post-884","page","type-page","status-publish","hentry"],"_links":{"self":[{"href":"https:\/\/trachtler.at\/index.php?rest_route=\/wp\/v2\/pages\/884","targetHints":{"allow":["GET"]}}],"collection":[{"href":"https:\/\/trachtler.at\/index.php?rest_route=\/wp\/v2\/pages"}],"about":[{"href":"https:\/\/trachtler.at\/index.php?rest_route=\/wp\/v2\/types\/page"}],"author":[{"embeddable":true,"href":"https:\/\/trachtler.at\/index.php?rest_route=\/wp\/v2\/users\/1"}],"replies":[{"embeddable":true,"href":"https:\/\/trachtler.at\/index.php?rest_route=%2Fwp%2Fv2%2Fcomments&post=884"}],"version-history":[{"count":6,"href":"https:\/\/trachtler.at\/index.php?rest_route=\/wp\/v2\/pages\/884\/revisions"}],"predecessor-version":[{"id":1194,"href":"https:\/\/trachtler.at\/index.php?rest_route=\/wp\/v2\/pages\/884\/revisions\/1194"}],"wp:attachment":[{"href":"https:\/\/trachtler.at\/index.php?rest_route=%2Fwp%2Fv2%2Fmedia&parent=884"}],"curies":[{"name":"wp","href":"https:\/\/api.w.org\/{rel}","templated":true}]}}