{"id":858,"date":"2025-09-14T20:30:18","date_gmt":"2025-09-14T18:30:18","guid":{"rendered":"https:\/\/trachtler.at\/?page_id=858"},"modified":"2025-09-15T11:22:31","modified_gmt":"2025-09-15T09:22:31","slug":"arbeitskultur-innerhalb-der-verbandsorganisation","status":"publish","type":"page","link":"https:\/\/trachtler.at\/?page_id=858","title":{"rendered":"Arbeitskultur innerhalb der Verbandsorganisation"},"content":{"rendered":"<div class=\"wp-block-image\">\n<figure class=\"aligncenter size-large\"><img loading=\"lazy\" decoding=\"async\" width=\"1024\" height=\"712\" src=\"https:\/\/trachtler.at\/wp-content\/uploads\/2025\/09\/verbandslogo-02_002-1024x712.jpg\" alt=\"\" class=\"wp-image-237\" srcset=\"https:\/\/trachtler.at\/wp-content\/uploads\/2025\/09\/verbandslogo-02_002-1024x712.jpg 1024w, https:\/\/trachtler.at\/wp-content\/uploads\/2025\/09\/verbandslogo-02_002-300x209.jpg 300w, https:\/\/trachtler.at\/wp-content\/uploads\/2025\/09\/verbandslogo-02_002-768x534.jpg 768w, https:\/\/trachtler.at\/wp-content\/uploads\/2025\/09\/verbandslogo-02_002-1140x792.jpg 1140w, https:\/\/trachtler.at\/wp-content\/uploads\/2025\/09\/verbandslogo-02_002.jpg 1151w\" sizes=\"auto, (max-width: 1024px) 100vw, 1024px\" \/><\/figure>\n<\/div>\n\n\n<p class=\"has-text-align-center\">Das Zusammenarbeiten innerhalb des Verbandes ist geregelt in der Gesch\u00e4ftsordnung und in den Statuten. Auf Grund der F\u00fclle von Aufgaben ist die Verbandleitung laufend um Mitarbeiter in allen Fachbereichen bem\u00fcht. Gefestigt werden die F\u00e4higkeiten der Mitarbeiter durch Entsendungen zu Seminaren und Ausbildungsseminaren.<\/p>\n\n\n\n<p class=\"has-text-align-center\">Linksseitig k\u00f6nnen neben der umfangreichen Chronik des Verbandes das Regelwerk eingesehen werden. Sollten Sie an einer Mitarbeit innerhalb des Verbandes anstreben, stehen wir Ihnen gerne mit Rat und Tat oder mit einem guten Gespr\u00e4ch gerne zur Verf\u00fcgung. Nehmen Sie einfach mit uns Kontakt auf.<\/p>\n\n\n\n<p><\/p>\n","protected":false},"excerpt":{"rendered":"<p>Das Zusammenarbeiten innerhalb des Verbandes ist geregelt in der Gesch\u00e4ftsordnung und in den Statuten. Auf Grund der F\u00fclle von Aufgaben ist die Verbandleitung laufend um Mitarbeiter in allen Fachbereichen bem\u00fcht. Gefestigt werden die F\u00e4higkeiten der Mitarbeiter durch Entsendungen zu Seminaren und Ausbildungsseminaren. Linksseitig k\u00f6nnen neben der umfangreichen Chronik des Verbandes das Regelwerk eingesehen werden. Sollten Sie an einer Mitarbeit innerhalb des Verbandes anstreben, stehen wir Ihnen gerne mit Rat und Tat oder mit einem guten Gespr\u00e4ch gerne zur Verf\u00fcgung. Nehmen Sie einfach mit uns Kontakt auf.<\/p>\n","protected":false},"author":1,"featured_media":0,"parent":0,"menu_order":0,"comment_status":"closed","ping_status":"closed","template":"","meta":{"footnotes":""},"class_list":["post-858","page","type-page","status-publish","hentry"],"_links":{"self":[{"href":"https:\/\/trachtler.at\/index.php?rest_route=\/wp\/v2\/pages\/858","targetHints":{"allow":["GET"]}}],"collection":[{"href":"https:\/\/trachtler.at\/index.php?rest_route=\/wp\/v2\/pages"}],"about":[{"href":"https:\/\/trachtler.at\/index.php?rest_route=\/wp\/v2\/types\/page"}],"author":[{"embeddable":true,"href":"https:\/\/trachtler.at\/index.php?rest_route=\/wp\/v2\/users\/1"}],"replies":[{"embeddable":true,"href":"https:\/\/trachtler.at\/index.php?rest_route=%2Fwp%2Fv2%2Fcomments&post=858"}],"version-history":[{"count":3,"href":"https:\/\/trachtler.at\/index.php?rest_route=\/wp\/v2\/pages\/858\/revisions"}],"predecessor-version":[{"id":1184,"href":"https:\/\/trachtler.at\/index.php?rest_route=\/wp\/v2\/pages\/858\/revisions\/1184"}],"wp:attachment":[{"href":"https:\/\/trachtler.at\/index.php?rest_route=%2Fwp%2Fv2%2Fmedia&parent=858"}],"curies":[{"name":"wp","href":"https:\/\/api.w.org\/{rel}","templated":true}]}}