{"id":836,"date":"2025-09-14T20:02:03","date_gmt":"2025-09-14T18:02:03","guid":{"rendered":"https:\/\/trachtler.at\/?page_id=836"},"modified":"2026-02-17T12:22:32","modified_gmt":"2026-02-17T11:22:32","slug":"trachten-unserer-mitgliedervereine","status":"publish","type":"page","link":"https:\/\/trachtler.at\/?page_id=836","title":{"rendered":"Die Trachten unserer Mitgliedervereine"},"content":{"rendered":"\n<p>Trachten, bis in das 20. Jahrhundert allgemeine Bezeichnung f\u00fcr jede &#8222;getragene&#8220; Kleidung und die dazugeh\u00f6rige Aufmachung (Haar-, Barttracht usw.) mit verbindlichem Charakter, um Unterschiede des Familienstands, der Konfession, des sozialen Status und der Berufszugeh\u00f6rigkeit (Bergleute, Handwerker usw.) deutlich zu machen. Mit der Natur- und Trachtenbegeisterung (Heimatkunstbewegung) bei der st\u00e4dtisch-b\u00fcrgerlichen und aristokratischen Bev\u00f6lkerung im 19. und fr\u00fchen 20. Jahrhundert entwickelte sich auch eine bewusste Trachtenpflege (Heimatwerk); heute bezeichnen Trachten eine vermeintlich zeitlose b\u00e4uerliche Traditionskleidung. Die heute bekannten Trachten gingen aus der Verbindung einer regionalen Sonderkleidung mit traditionellen und zeitmodischen Elementen hervor. Neben regionaler Abgeschiedenheit spielten die N\u00e4he zu gr\u00f6\u00dferen St\u00e4dten, Saisonarbeit und Wanderhandel (Abzeichenfunktion) sowie fr\u00fcher Tourismus f\u00fcr die Erhaltung und Entwicklung der Trachten eine besondere Rolle.<\/p>\n\n\n\n<p>Die Forschung unterscheidet seit dem 19. Jahrhundert zahlreiche \u00f6sterreichisch &#8222;Trachtenlandschaften&#8220; (insbesondere der Alpenregionen). Gemeinsame Grundtypen ergeben sich aus der Verf\u00fcgbarkeit von Materialien, wie Leinen, Wolle und Leder, der M\u00f6glichkeit ihrer Verarbeitung sowie infolge modischer Neuerungen des 18. und fr\u00fchen 19. Jahrhunderts (Aufhebung obrigkeitlichen Kleiderordnungen). Zu den Grundtypen geh\u00f6ren der &#8222;Leibkittel&#8220; (eng anliegendes \u00e4rmelloses Oberteil mit angesetztem, reich gezogenem oder plissiertem Rock, Dirndl), die Halbsch\u00fcrze, hirsch- oder gamslederne kurze oder knielange Hosen, M\u00e4nneranz\u00fcge aus grauem oder braunem Loden oder Tuch mit farbigen Aufschl\u00e4gen (Steireranzug), festliche Hauben aus Pelz sowie Hauben und Kr\u00f6nchen aus Gold- und Silberfiligran (Goldhaube).<\/p>\n\n\n\n<p><strong>Quelle:<\/strong> <a href=\"http:\/\/austria-lexikon.at\/af\/AEIOU\/Trachten\">Austria-Forum<\/a> &amp; <a href=\"http:\/\/austria-lexikon.at\/af\/Wissenssammlungen\/ABC_zur_Volkskunde_%C3%96sterreichs\/Tracht\">ABC zur Volkskunde<\/a><\/p>\n\n\n\n<p>Mit viel Liebe pflegen unsere Mitgliedervereine ihre Trachten. Eine entsprechende Beschreibung der einzelnen Vereinstrachten finden Sie in nachfolgender Liste.<\/p>\n\n\n\n<h3 class=\"wp-block-heading\">Die Trachten unserer Mitgliedervereine alphabetisch<br><br><\/h3>\n\n\n\n<div class=\"wp-block-group is-layout-grid wp-container-core-group-is-layout-478b6e6b wp-block-group-is-layout-grid\">\n<p class=\"has-text-align-center\">Brauchtumsgruppe Haibach<\/p>\n\n\n\n<p class=\"has-text-align-center\">Goldhaubengruppe Asten<\/p>\n\n\n\n<p class=\"has-text-align-center\"><a href=\"https:\/\/trachtler.at\/?page_id=1249\" data-type=\"page\" data-id=\"1249\">Gebirgstrachtenerhaltungsverein D` Gr\u00fcnbergler Frankenburg<\/a><\/p>\n\n\n\n<p class=\"has-text-align-center\"><a href=\"https:\/\/trachtler.at\/?page_id=1252\" data-type=\"page\" data-id=\"1252\">Heimat- und Trachtenverein Ebelsberg<\/a><\/p>\n\n\n\n<p class=\"has-text-align-center\"><a href=\"https:\/\/trachtler.at\/?page_id=1255\" data-type=\"page\" data-id=\"1255\">Heimat- und Trachtenverein Kleinreifling<\/a><\/p>\n\n\n\n<p class=\"has-text-align-center\"><a href=\"https:\/\/trachtler.at\/?page_id=1258\" data-type=\"page\" data-id=\"1258\">Heimat- und Trachtenverein Neukirchen a. Walde<\/a><\/p>\n\n\n\n<p class=\"has-text-align-center wp-container-content-69bc4bdf\"><a href=\"https:\/\/trachtler.at\/?page_id=1261\" data-type=\"page\" data-id=\"1261\">Heimat- und Trachtenverein Traun<\/a><\/p>\n\n\n\n<p class=\"has-text-align-center wp-container-content-69bc4bdf\"><a href=\"https:\/\/trachtler.at\/?page_id=1270\" data-type=\"page\" data-id=\"1270\">Landsmannschaft der Steirer in Linz<\/a><\/p>\n\n\n\n<p class=\"has-text-align-center\"><a href=\"https:\/\/trachtler.at\/?page_id=1274\" data-type=\"page\" data-id=\"1274\">M\u00fchlviertler Heimatverein Rottenegg<\/a><\/p>\n\n\n\n<p class=\"has-text-align-center wp-container-content-69bc4bdf\">Schuhplattlergruppe Wartberg ob der Aist<\/p>\n\n\n\n<p class=\"has-text-align-center wp-container-content-69bc4bdf\"><a href=\"https:\/\/trachtler.at\/?page_id=1277\" data-type=\"page\" data-id=\"1277\">Schuhplattlergruppe Maria Neustift<\/a><\/p>\n\n\n\n<p class=\"has-text-align-center\"><a href=\"https:\/\/trachtler.at\/?page_id=1280\" data-type=\"page\" data-id=\"1280\">Siebenb\u00fcrger Jugend Traun<\/a><\/p>\n\n\n\n<p class=\"has-text-align-center\"><a href=\"https:\/\/trachtler.at\/?page_id=1283\" data-type=\"page\" data-id=\"1283\">Stefan Fadinger Bauerngruppe<\/a><\/p>\n\n\n\n<p class=\"has-text-align-center\"><a href=\"https:\/\/trachtler.at\/?page_id=1286\" data-type=\"page\" data-id=\"1286\">Tanz- und Trachtenverein D` Kerznstoana Bad M\u00fchllacken &#8211; Feldkirchen<\/a><\/p>\n\n\n\n<p class=\"has-text-align-center\"><a href=\"https:\/\/trachtler.at\/?page_id=1289\" data-type=\"page\" data-id=\"1289\">Trachtengruppe Hilkering<\/a><\/p>\n\n\n\n<p class=\"has-text-align-center\"><a href=\"https:\/\/trachtler.at\/?page_id=1320\" data-type=\"page\" data-id=\"1320\">Trachten- und Volkskulturverein Neuhofen<\/a><\/p>\n\n\n\n<p class=\"has-text-align-center\"><a href=\"https:\/\/trachtler.at\/?page_id=1297\" data-type=\"page\" data-id=\"1297\">Trachtenverein Almtaler Linz<\/a><\/p>\n\n\n\n<p class=\"has-text-align-center\"><a href=\"https:\/\/trachtler.at\/?page_id=1300\" data-type=\"page\" data-id=\"1300\">Trachtenverein Altst\u00e4dter Bauerngmoa<\/a><\/p>\n\n\n\n<p class=\"has-text-align-center\"><a href=\"https:\/\/trachtler.at\/?page_id=1304\" data-type=\"page\" data-id=\"1304\">Tanz und Brauchtumsgruppe Altenberger Granit<\/a><\/p>\n\n\n\n<p class=\"has-text-align-center\"><a href=\"https:\/\/trachtler.at\/?page_id=1328\" data-type=\"page\" data-id=\"1328\">Trachtenverein D` Linzer Holzknecht<\/a><\/p>\n\n\n\n<p class=\"has-text-align-center\">Trachtenverein D` Wimberg Buam<\/p>\n\n\n\n<p class=\"has-text-align-center\"><a href=\"https:\/\/trachtler.at\/?page_id=1307\" data-type=\"page\" data-id=\"1307\">Trachtenverein Donautal Leonding<\/a><\/p>\n\n\n\n<p class=\"has-text-align-center\"><a href=\"https:\/\/trachtler.at\/?page_id=1310\" data-type=\"page\" data-id=\"1310\">Trachtenverein Enns<\/a><\/p>\n\n\n\n<p class=\"has-text-align-center wp-container-content-69bc4bdf\"><a href=\"https:\/\/trachtler.at\/?page_id=1317\" data-type=\"page\" data-id=\"1317\">Trachtenverein Steyr<\/a><\/p>\n\n\n\n<p class=\"has-text-align-center\"><a href=\"https:\/\/trachtler.at\/?page_id=1323\" data-type=\"page\" data-id=\"1323\">Verband der S\u00fcdtiroler in O\u00d6<\/a><\/p>\n\n\n\n<p class=\"has-text-align-center\">Volkstanzgruppe Bad Zell<\/p>\n\n\n\n<p class=\"has-text-align-center\">Volkstanzgruppe B\u00f6hmerwald<\/p>\n\n\n\n<p class=\"has-text-align-center\">Volkstanzgruppe K\u00f6nigswiesen<\/p>\n\n\n\n<p class=\"has-text-align-center\">Volkstanzgruppe Katsdorf<\/p>\n\n\n\n<p class=\"has-text-align-center\">Volkstanzgruppe Sonnberg im M\u00fchlkreis<\/p>\n\n\n\n<p class=\"has-text-align-center\">Volkstanzgruppe St. Leonhard<\/p>\n\n\n\n<p class=\"has-text-align-center\">Volkstanzgruppe St. Stefan a. Walde<\/p>\n\n\n\n<p class=\"has-text-align-center\">Volkstanzgruppe Sarleinsbach<\/p>\n\n\n\n<p class=\"has-text-align-center\">Volkstanzgruppe Unterwei\u00dfenbach<\/p>\n\n\n\n<p><\/p>\n<\/div>\n","protected":false},"excerpt":{"rendered":"<p>Trachten, bis in das 20. Jahrhundert allgemeine Bezeichnung f\u00fcr jede &#8222;getragene&#8220; Kleidung und die dazugeh\u00f6rige Aufmachung (Haar-, Barttracht usw.) mit verbindlichem Charakter, um Unterschiede des Familienstands, der Konfession, des sozialen Status und der Berufszugeh\u00f6rigkeit (Bergleute, Handwerker usw.) deutlich zu machen. Mit der Natur- und Trachtenbegeisterung (Heimatkunstbewegung) bei der st\u00e4dtisch-b\u00fcrgerlichen und aristokratischen Bev\u00f6lkerung im 19. und fr\u00fchen 20. Jahrhundert entwickelte sich auch eine bewusste Trachtenpflege (Heimatwerk); heute bezeichnen Trachten eine vermeintlich zeitlose b\u00e4uerliche Traditionskleidung. Die heute bekannten Trachten gingen aus der Verbindung einer regionalen Sonderkleidung mit traditionellen und zeitmodischen Elementen hervor. Neben regionaler Abgeschiedenheit spielten die N\u00e4he zu gr\u00f6\u00dferen St\u00e4dten, Saisonarbeit und Wanderhandel (Abzeichenfunktion) sowie fr\u00fcher Tourismus f\u00fcr die Erhaltung und Entwicklung der Trachten eine besondere Rolle. Die Forschung unterscheidet seit dem 19. Jahrhundert zahlreiche \u00f6sterreichisch &#8222;Trachtenlandschaften&#8220; (insbesondere der Alpenregionen). Gemeinsame Grundtypen ergeben sich aus der Verf\u00fcgbarkeit von Materialien, wie Leinen, Wolle und Leder, der M\u00f6glichkeit ihrer Verarbeitung sowie infolge modischer Neuerungen des 18. und fr\u00fchen 19. Jahrhunderts (Aufhebung obrigkeitlichen Kleiderordnungen). Zu den Grundtypen geh\u00f6ren der &#8222;Leibkittel&#8220; (eng anliegendes \u00e4rmelloses Oberteil mit angesetztem, reich gezogenem oder plissiertem Rock, Dirndl), die Halbsch\u00fcrze, hirsch- oder gamslederne kurze oder knielange Hosen, M\u00e4nneranz\u00fcge aus grauem oder braunem Loden oder Tuch mit farbigen Aufschl\u00e4gen (Steireranzug), festliche Hauben aus Pelz sowie Hauben und Kr\u00f6nchen aus Gold- und Silberfiligran (Goldhaube). Quelle: Austria-Forum &amp; ABC zur Volkskunde Mit viel Liebe pflegen unsere Mitgliedervereine ihre Trachten. Eine entsprechende Beschreibung der einzelnen Vereinstrachten finden Sie in nachfolgender Liste. Die Trachten unserer Mitgliedervereine alphabetisch Brauchtumsgruppe Haibach Goldhaubengruppe Asten Gebirgstrachtenerhaltungsverein D` Gr\u00fcnbergler Frankenburg Heimat- und Trachtenverein Ebelsberg Heimat- und Trachtenverein Kleinreifling Heimat- und Trachtenverein Neukirchen a. Walde Heimat- und Trachtenverein Traun Landsmannschaft der Steirer in Linz M\u00fchlviertler Heimatverein Rottenegg Schuhplattlergruppe Wartberg ob der Aist Schuhplattlergruppe Maria Neustift Siebenb\u00fcrger Jugend Traun Stefan Fadinger Bauerngruppe Tanz- und Trachtenverein D` Kerznstoana Bad M\u00fchllacken &#8211; Feldkirchen Trachtengruppe Hilkering Trachten- und Volkskulturverein Neuhofen Trachtenverein Almtaler Linz Trachtenverein Altst\u00e4dter Bauerngmoa Tanz und Brauchtumsgruppe Altenberger Granit Trachtenverein D` Linzer Holzknecht Trachtenverein D` Wimberg Buam Trachtenverein Donautal Leonding Trachtenverein Enns Trachtenverein Steyr Verband der S\u00fcdtiroler in O\u00d6 Volkstanzgruppe Bad Zell Volkstanzgruppe B\u00f6hmerwald Volkstanzgruppe K\u00f6nigswiesen Volkstanzgruppe Katsdorf Volkstanzgruppe Sonnberg im M\u00fchlkreis Volkstanzgruppe St. Leonhard Volkstanzgruppe St. Stefan a. Walde Volkstanzgruppe Sarleinsbach Volkstanzgruppe Unterwei\u00dfenbach<\/p>\n","protected":false},"author":1,"featured_media":0,"parent":763,"menu_order":0,"comment_status":"closed","ping_status":"closed","template":"","meta":{"footnotes":""},"class_list":["post-836","page","type-page","status-publish","hentry"],"_links":{"self":[{"href":"https:\/\/trachtler.at\/index.php?rest_route=\/wp\/v2\/pages\/836","targetHints":{"allow":["GET"]}}],"collection":[{"href":"https:\/\/trachtler.at\/index.php?rest_route=\/wp\/v2\/pages"}],"about":[{"href":"https:\/\/trachtler.at\/index.php?rest_route=\/wp\/v2\/types\/page"}],"author":[{"embeddable":true,"href":"https:\/\/trachtler.at\/index.php?rest_route=\/wp\/v2\/users\/1"}],"replies":[{"embeddable":true,"href":"https:\/\/trachtler.at\/index.php?rest_route=%2Fwp%2Fv2%2Fcomments&post=836"}],"version-history":[{"count":9,"href":"https:\/\/trachtler.at\/index.php?rest_route=\/wp\/v2\/pages\/836\/revisions"}],"predecessor-version":[{"id":1724,"href":"https:\/\/trachtler.at\/index.php?rest_route=\/wp\/v2\/pages\/836\/revisions\/1724"}],"up":[{"embeddable":true,"href":"https:\/\/trachtler.at\/index.php?rest_route=\/wp\/v2\/pages\/763"}],"wp:attachment":[{"href":"https:\/\/trachtler.at\/index.php?rest_route=%2Fwp%2Fv2%2Fmedia&parent=836"}],"curies":[{"name":"wp","href":"https:\/\/api.w.org\/{rel}","templated":true}]}}