{"id":247,"date":"2025-09-14T14:30:13","date_gmt":"2025-09-14T12:30:13","guid":{"rendered":"https:\/\/trachtler.at\/?page_id=247"},"modified":"2025-09-17T14:15:59","modified_gmt":"2025-09-17T12:15:59","slug":"impressum","status":"publish","type":"page","link":"https:\/\/trachtler.at\/?page_id=247","title":{"rendered":"Impressum"},"content":{"rendered":"\n<ul class=\"wp-block-list\">\n<li><strong>Inhalt der Webseiten<br><\/strong><br>Die Verbandsleitung ist bem\u00fcht die Inhalte dieses Internetangebotes stets aktuell, inhaltlich richtig und vollst\u00e4ndig anzubieten. Dennoch sind Fehler nicht auszuschlie\u00dfen. Der Linzer Trachtenverband (LTV) \u00fcbernimmt keinerlei Gew\u00e4hr f\u00fcr die Aktualit\u00e4t, Korrektheit, Vollst\u00e4ndigkeit oder Qualit\u00e4t der bereitgestellten Informationen. Haftungsanspr\u00fcche gegen den LTV, welche sich auf Sch\u00e4den materieller oder ideeller Art beziehen, die durch die Nutzung oder Nichtnutzung der dargebotenen Informationen bzw. durch die Nutzung fehlerhafter und unvollst\u00e4ndiger Informationen verursacht wurden, sind grunds\u00e4tzlich ausgeschlossen.<br><br><br>&nbsp;<\/li>\n\n\n\n<li><strong>\u00c4nderungen\/Erg\u00e4nzungen\/Ver\u00f6ffentlichungen<\/strong><br><br>Der LTV beh\u00e4lt es sich ausdr\u00fccklich vor, Teile der Seiten oder das gesamte Angebot jederzeit ohne Ank\u00fcndigung zu ver\u00e4ndern, zu erg\u00e4nzen, zu l\u00f6schen oder die Ver\u00f6ffentlichung zeitweise oder endg\u00fcltig einzustellen. Alle durch die Mitgliedervereine zur Publizierung an den LTV \u00fcbergebenen Darstellung werden mit gr\u00f6\u00dftm\u00f6glicher Genauigkeit und Original \u00fcbernommen und bearbeitet. Die jeweiligen Rechte gehen mit der \u00dcbergabe der Materialien an den LTV \u00fcber.<br><br>&nbsp;<\/li>\n\n\n\n<li><strong>Urheberrecht<\/strong><br><br>Alle Rechte, auch die der fotomechanischen Wiedergabe, der Vervielf\u00e4ltigung und der Verbreitung mittels besonderer Verfahren (zum Beispiel Datenverarbeitung, Datentr\u00e4ger und Datennetze), auch teilweise, werden unter einer CC-Lizenz zur Verf\u00fcgung gestellt.<br><br><br>Alle innerhalb des Internetangebotes genannten und ggf. durch Dritte gesch\u00fctzten Marken- und Warenzeichen unterliegen uneingeschr\u00e4nkt den Bestimmungen des jeweils g\u00fcltigen Kennzeichenrechts und den Besitzrechten der jeweiligen eingetragenen Eigent\u00fcmer. Externe verwendete Quellen werden als solche deklariert und angef\u00fchrt. Die jeweiligen Rechte liegen beim Urheber.<br><br>&nbsp;<\/li>\n\n\n\n<li><strong>Externe Verweise und Links<\/strong><br><br>Die Gesetzgebung hat entschieden, dass man durch die Ausbringung eines Verweises auf fremde Internetseiten (&#8222;Links&#8220;) die Inhalte der gelinkten Seite ggf. mit zu verantworten hat. Dies kann, so das LG, nur dadurch verhindert werden, dass man sich ausdr\u00fccklich von diesen Inhalten distanziert. Der LTV distanziert sich hiermit ausdr\u00fccklich von allen Inhalten aller gelinkten \/ verkn\u00fcpften Seiten, auch wenn von dieser Webseite auf diese externe Seiten ein Link verwiesen wurde. Des gleichen auch von den im Servicebereich angebotenen, userdefinierten Links.<br><br>&nbsp;<\/li>\n\n\n\n<li><strong>Datenschutz<\/strong><br><br>Sofern innerhalb der Homepages die M\u00f6glichkeit der Einsicht von pers\u00f6nlichen Daten (E-Mailadresse, Namen, Anschriften, Telefonnummern, etc.) besteht, so erfolgt die Preisgabe dieser Daten seitens des Nutzers auf ausdr\u00fccklich freiwilliger Basis. Jeglicher kommerzielle Nutzen wird ausdr\u00fccklich untersagt. Der Linzer Trachtenverband ist gem\u00e4\u00df BGBl. Nr. 565\/1978 im \u00d6sterreichischen Datenverarbeitungsregister registriert. Die Verwendung des Adressenmaterials au\u00dferhalb der Trachtenbewegung wird untersagt. Zuwiderhandlingen werden strafgerichtlich verfolgt. Gerichtssitz ist Linz an der Donau, \u00d6sterreich.<br><br>Datenverarbeitungsregister: \u25ba DVR 0808415<br>Zentrales Vereinsregister Nummer: \u25ba ZVR 921016699<br>Vereinsregisterauszug abrufbar unter: \u25ba <a href=\"http:\/\/zvr.bmi.gv.at\/Start\" target=\"_blank\" rel=\"noreferrer noopener\">http:\/\/zvr.bmi.gv.at<\/a>&nbsp;<br><br>&nbsp;<\/li>\n\n\n\n<li><strong>Bankverbindung<\/strong><br><br>&nbsp;Raiffeisen Landesbank O\u00d6, IBAN AT49 3400 0000 0283 0040 (ohne Jugendkassa)<br>&nbsp;<\/li>\n\n\n\n<li><strong>Anschrift<\/strong><br><br>Linzer Trachtenverband<br>Obmann: G\u00fcnther Kreutler<br>Promenade 37<br>4020 Linz an der Donau<br>\u00d6sterreich<br>\u00a0<\/li>\n\n\n\n<li><strong>Hinweis<\/strong><br><br>Bei eventuellen Verletzungen&nbsp;des Copyright wird um eine Email oder Telefonanruf gebeten. Die entsprechende Website wird dann unverz\u00fcglich berichtigt werden.&nbsp;Wir danken f\u00fcr Ihr Verst\u00e4ndnis.<br><br>Telefon: +43 664 5443375<br>Email: office@trachtler.at<\/li>\n<\/ul>\n\n\n\n<p><\/p>\n","protected":false},"excerpt":{"rendered":"","protected":false},"author":1,"featured_media":0,"parent":858,"menu_order":0,"comment_status":"closed","ping_status":"closed","template":"","meta":{"footnotes":""},"class_list":["post-247","page","type-page","status-publish","hentry"],"_links":{"self":[{"href":"https:\/\/trachtler.at\/index.php?rest_route=\/wp\/v2\/pages\/247","targetHints":{"allow":["GET"]}}],"collection":[{"href":"https:\/\/trachtler.at\/index.php?rest_route=\/wp\/v2\/pages"}],"about":[{"href":"https:\/\/trachtler.at\/index.php?rest_route=\/wp\/v2\/types\/page"}],"author":[{"embeddable":true,"href":"https:\/\/trachtler.at\/index.php?rest_route=\/wp\/v2\/users\/1"}],"replies":[{"embeddable":true,"href":"https:\/\/trachtler.at\/index.php?rest_route=%2Fwp%2Fv2%2Fcomments&post=247"}],"version-history":[{"count":3,"href":"https:\/\/trachtler.at\/index.php?rest_route=\/wp\/v2\/pages\/247\/revisions"}],"predecessor-version":[{"id":1223,"href":"https:\/\/trachtler.at\/index.php?rest_route=\/wp\/v2\/pages\/247\/revisions\/1223"}],"up":[{"embeddable":true,"href":"https:\/\/trachtler.at\/index.php?rest_route=\/wp\/v2\/pages\/858"}],"wp:attachment":[{"href":"https:\/\/trachtler.at\/index.php?rest_route=%2Fwp%2Fv2%2Fmedia&parent=247"}],"curies":[{"name":"wp","href":"https:\/\/api.w.org\/{rel}","templated":true}]}}