{"id":201,"date":"2025-09-14T14:09:22","date_gmt":"2025-09-14T12:09:22","guid":{"rendered":"https:\/\/trachtler.at\/?page_id=201"},"modified":"2025-10-16T09:39:51","modified_gmt":"2025-10-16T07:39:51","slug":"herzlich-willkommen","status":"publish","type":"page","link":"https:\/\/trachtler.at\/","title":{"rendered":"Herzlich Willkommen"},"content":{"rendered":"\n<p><\/p>\n\n\n\n<div class=\"wp-block-group is-nowrap is-layout-flex wp-container-core-group-is-layout-6c531013 wp-block-group-is-layout-flex\">\n<p class=\"has-text-align-center\">auf der Homepage des Linzer Trachten Verbandes. Wir freuen uns, dass Sie uns besuchen.<br><br>Sie haben interessante Beitr\u00e4ge? Dann stellen Sie uns diese bitte zur Verf\u00fcgung. Nur so k\u00f6nnen wir alle Bed\u00fcrfnisse abdecken und Ihre W\u00fcnsche ber\u00fccksichtigen.<\/p>\n<\/div>\n\n\n\n<p class=\"has-text-align-center\"><\/p>\n\n\n<div class=\"wp-block-image\">\n<figure class=\"aligncenter size-large\"><a href=\"mailto:office@trachtler.at\"><img decoding=\"async\" src=\"https:\/\/trachtler.at\/wp-content\/uploads\/2025\/09\/Guenther-Kreutler.jpg\" alt=\"\"\/><\/a><\/figure>\n<\/div>\n\n\n<p class=\"has-text-align-center has-medium-font-size\"><em>Euer Verbandsobmann<\/em><br><em><strong>Kons. G\u00fcnther Kreutler&nbsp;<\/strong><\/em><\/p>\n\n\n\n<p class=\"has-text-align-center\">Wir danken unseren Sponsoren:<\/p>\n\n\n\n<div class=\"wp-block-columns is-layout-flex wp-container-core-columns-is-layout-28f84493 wp-block-columns-is-layout-flex\">\n<div class=\"wp-block-column is-layout-flow wp-block-column-is-layout-flow\" style=\"flex-basis:50%\"><div class=\"wp-block-image\">\n<figure class=\"aligncenter size-large is-resized\"><a href=\"http:\/\/www.ooe-heimatwerk.at\/\"><img decoding=\"async\" src=\"https:\/\/trachtler.at\/wp-content\/uploads\/2025\/09\/Heimatwerk_Logo_Blau_RGB_SCREEN-003.png\" alt=\"\" style=\"width:227px;height:auto\"\/><\/a><\/figure>\n<\/div><\/div>\n\n\n\n<div class=\"wp-block-column is-layout-flow wp-block-column-is-layout-flow\" style=\"flex-basis:50%\">\n<div style=\"height:28px\" aria-hidden=\"true\" class=\"wp-block-spacer\"><\/div>\n\n\n<div class=\"wp-block-image\">\n<figure class=\"aligncenter size-large is-resized\"><a href=\"http:\/\/rlbooe.at\/\"><img decoding=\"async\" src=\"https:\/\/trachtler.at\/wp-content\/uploads\/2025\/09\/rlb_ooe_logo_pos_CMYK_002-1024x166.jpg\" alt=\"\" style=\"width:360px;height:auto\"\/><\/a><\/figure>\n<\/div><\/div>\n<\/div>\n\n\n\n<p><\/p>\n\n\n\n<p><\/p>\n\n\n\n<p><\/p>\n","protected":false},"excerpt":{"rendered":"<p>auf der Homepage des Linzer Trachten Verbandes. Wir freuen uns, dass Sie uns besuchen. Sie haben interessante Beitr\u00e4ge? Dann stellen Sie uns diese bitte zur Verf\u00fcgung. Nur so k\u00f6nnen wir alle Bed\u00fcrfnisse abdecken und Ihre W\u00fcnsche ber\u00fccksichtigen. Euer VerbandsobmannKons. G\u00fcnther Kreutler&nbsp; Wir danken unseren Sponsoren:<\/p>\n","protected":false},"author":1,"featured_media":0,"parent":0,"menu_order":0,"comment_status":"closed","ping_status":"closed","template":"","meta":{"footnotes":""},"class_list":["post-201","page","type-page","status-publish","hentry"],"_links":{"self":[{"href":"https:\/\/trachtler.at\/index.php?rest_route=\/wp\/v2\/pages\/201","targetHints":{"allow":["GET"]}}],"collection":[{"href":"https:\/\/trachtler.at\/index.php?rest_route=\/wp\/v2\/pages"}],"about":[{"href":"https:\/\/trachtler.at\/index.php?rest_route=\/wp\/v2\/types\/page"}],"author":[{"embeddable":true,"href":"https:\/\/trachtler.at\/index.php?rest_route=\/wp\/v2\/users\/1"}],"replies":[{"embeddable":true,"href":"https:\/\/trachtler.at\/index.php?rest_route=%2Fwp%2Fv2%2Fcomments&post=201"}],"version-history":[{"count":17,"href":"https:\/\/trachtler.at\/index.php?rest_route=\/wp\/v2\/pages\/201\/revisions"}],"predecessor-version":[{"id":1448,"href":"https:\/\/trachtler.at\/index.php?rest_route=\/wp\/v2\/pages\/201\/revisions\/1448"}],"wp:attachment":[{"href":"https:\/\/trachtler.at\/index.php?rest_route=%2Fwp%2Fv2%2Fmedia&parent=201"}],"curies":[{"name":"wp","href":"https:\/\/api.w.org\/{rel}","templated":true}]}}