{"id":1373,"date":"2025-09-22T18:47:33","date_gmt":"2025-09-22T16:47:33","guid":{"rendered":"https:\/\/trachtler.at\/?page_id=1373"},"modified":"2025-09-22T18:49:51","modified_gmt":"2025-09-22T16:49:51","slug":"patenschaften-im-in-und-ausland","status":"publish","type":"page","link":"https:\/\/trachtler.at\/?page_id=1373","title":{"rendered":"Patenschaften im In- und Ausland"},"content":{"rendered":"<div class=\"wp-block-image\">\n<figure class=\"aligncenter size-full\"><img loading=\"lazy\" decoding=\"async\" width=\"200\" height=\"158\" src=\"https:\/\/trachtler.at\/wp-content\/uploads\/2025\/09\/partner_in_auslang.png\" alt=\"\" class=\"wp-image-1374\"\/><\/figure>\n<\/div>\n\n\n<p><\/p>\n\n\n\n<p><\/p>\n\n\n\n<p class=\"has-text-align-center\">Als sehr wichtig empfinden wir unsere eingegangenen Patenschaften mit gegenw\u00e4rtig zwei Organisationen. Eine in \u00d6sterreich &#8211; Steiermark &#8211; und eine im benachbarten Bayern. Gegenseitige Festbesuche und Zusammentreffen bei sonstigen, teilweise sogar famili\u00e4ren Anl\u00e4ssen vertiefen diese \u00e4u\u00dferst freundschaftslichen Beziehungen.<\/p>\n\n\n\n<p class=\"has-text-align-center\">Dies sind die nachstehende Organisationen:<\/p>\n\n\n\n<div class=\"wp-block-group is-content-justification-center is-nowrap is-layout-flex wp-container-core-group-is-layout-23441af8 wp-block-group-is-layout-flex\">\n<p><a href=\"http:\/\/www.otv-leoben.at\" target=\"_blank\" rel=\"noreferrer noopener\">Obersteierischer Trachtenverband<\/a><\/p>\n\n\n\n<p><a href=\"http:\/\/www.dreifluessegau.de\" target=\"_blank\" rel=\"noreferrer noopener\">Dreifl\u00fcssetrachtengau Passau<\/a><\/p>\n<\/div>\n\n\n\n<p><\/p>\n","protected":false},"excerpt":{"rendered":"<p>Als sehr wichtig empfinden wir unsere eingegangenen Patenschaften mit gegenw\u00e4rtig zwei Organisationen. Eine in \u00d6sterreich &#8211; Steiermark &#8211; und eine im benachbarten Bayern. Gegenseitige Festbesuche und Zusammentreffen bei sonstigen, teilweise sogar famili\u00e4ren Anl\u00e4ssen vertiefen diese \u00e4u\u00dferst freundschaftslichen Beziehungen. Dies sind die nachstehende Organisationen: Obersteierischer Trachtenverband Dreifl\u00fcssetrachtengau Passau<\/p>\n","protected":false},"author":1,"featured_media":0,"parent":0,"menu_order":0,"comment_status":"closed","ping_status":"closed","template":"","meta":{"footnotes":""},"class_list":["post-1373","page","type-page","status-publish","hentry"],"_links":{"self":[{"href":"https:\/\/trachtler.at\/index.php?rest_route=\/wp\/v2\/pages\/1373","targetHints":{"allow":["GET"]}}],"collection":[{"href":"https:\/\/trachtler.at\/index.php?rest_route=\/wp\/v2\/pages"}],"about":[{"href":"https:\/\/trachtler.at\/index.php?rest_route=\/wp\/v2\/types\/page"}],"author":[{"embeddable":true,"href":"https:\/\/trachtler.at\/index.php?rest_route=\/wp\/v2\/users\/1"}],"replies":[{"embeddable":true,"href":"https:\/\/trachtler.at\/index.php?rest_route=%2Fwp%2Fv2%2Fcomments&post=1373"}],"version-history":[{"count":2,"href":"https:\/\/trachtler.at\/index.php?rest_route=\/wp\/v2\/pages\/1373\/revisions"}],"predecessor-version":[{"id":1379,"href":"https:\/\/trachtler.at\/index.php?rest_route=\/wp\/v2\/pages\/1373\/revisions\/1379"}],"wp:attachment":[{"href":"https:\/\/trachtler.at\/index.php?rest_route=%2Fwp%2Fv2%2Fmedia&parent=1373"}],"curies":[{"name":"wp","href":"https:\/\/api.w.org\/{rel}","templated":true}]}}