{"id":1328,"date":"2025-09-21T16:27:05","date_gmt":"2025-09-21T14:27:05","guid":{"rendered":"https:\/\/trachtler.at\/?page_id=1328"},"modified":"2025-09-21T16:27:41","modified_gmt":"2025-09-21T14:27:41","slug":"tracht-des-trachtenvereins-d-linzer-holzknecht","status":"publish","type":"page","link":"https:\/\/trachtler.at\/?page_id=1328","title":{"rendered":"Tracht des Trachtenvereins D` Linzer Holzknecht"},"content":{"rendered":"<div class=\"wp-block-image\">\n<figure class=\"aligncenter size-full\"><img loading=\"lazy\" decoding=\"async\" width=\"200\" height=\"319\" src=\"https:\/\/trachtler.at\/wp-content\/uploads\/2025\/09\/holzknecht.jpg\" alt=\"\" class=\"wp-image-1329\" srcset=\"https:\/\/trachtler.at\/wp-content\/uploads\/2025\/09\/holzknecht.jpg 200w, https:\/\/trachtler.at\/wp-content\/uploads\/2025\/09\/holzknecht-188x300.jpg 188w\" sizes=\"auto, (max-width: 200px) 100vw, 200px\" \/><\/figure>\n<\/div>\n\n\n<figure class=\"wp-block-table\"><table class=\"has-fixed-layout\"><tbody><tr><td><strong>&nbsp;Frauentracht<\/strong><\/td><\/tr><\/tbody><\/table><\/figure>\n\n\n\n<figure class=\"wp-block-table\"><table class=\"has-fixed-layout\"><tbody><tr><td>&nbsp;Schuhwerk:<\/td><td>einfache Damentrachtenschuhe mit dezenter Silberspange<\/td><\/tr><tr><td>&nbsp;Str\u00fcmpfe:<\/td><td>wei\u00dfe Strumpfhose<\/td><\/tr><tr><td>&nbsp;Kittel:<\/td><td>schwarzer Seidenbrokat<\/td><\/tr><tr><td>&nbsp;Sch\u00fcrze:<\/td><td>Blaudrucksch\u00fcrze aus Baumwolle<\/td><\/tr><tr><td>&nbsp;Oberteil:<\/td><td>roter Seidenbrokat mit schwarzer Samteinfassung<\/td><\/tr><tr><td>&nbsp;Bluse:<\/td><td>wei\u00dfe, hochgeschlossene Bluse mit 3\/4 Puff\u00e4rmel und Spitzenbesatz an den Enden<\/td><\/tr><tr><td>&nbsp;Tuch:<\/td><td>kurzfransige, blau-gelb-rot gestreift mit eingewebten Blumenmuster<\/td><\/tr><tr><td>&nbsp;Kopfbedeckung:<\/td><td>&#8211;<\/td><\/tr><tr><td>&nbsp;Jacke:<\/td><td>schwarzes, taillierte Lodenjacke mit Samteinfassung<\/td><\/tr><tr><td>&nbsp;Zusatz:<\/td><td>Gew\u00fcrzbrosche bei Bluse<\/td><\/tr><\/tbody><\/table><\/figure>\n\n\n\n<figure class=\"wp-block-table\"><table class=\"has-fixed-layout\"><tbody><tr><td><strong>&nbsp;Herrentracht<\/strong><\/td><\/tr><\/tbody><\/table><\/figure>\n\n\n\n<figure class=\"wp-block-table\"><table class=\"has-fixed-layout\"><tbody><tr><td>&nbsp;Schuhwerk:<\/td><td>schwarze Lederschuhe mit Silberspange<\/td><\/tr><tr><td>&nbsp;Stutzen:<\/td><td>wei\u00dfe Stutzen mit Zopfmuster<\/td><\/tr><tr><td>&nbsp;Hose:<\/td><td>Kniebundhose aus schwarzer Teufelshaut (Samtstoff) gr\u00fcn aufgen\u00e4ht<\/td><\/tr><tr><td>&nbsp;Hemd &amp; Binder:<\/td><td>einfaches, wei\u00dfes Hemd mit gestreiften Seidentuch mit kurzen Fransen gebunden<\/td><\/tr><tr><td>&nbsp;Rock:<\/td><td>brauner Lodenrock mit gr\u00fcner Einfassung und Stehkragen mit besticktem Revers fixiert mit je einem Silberknopf. 6 gro\u00dfe und 2 kleine Kn\u00f6pfe mit Steg als Verschluss. \u00c4rmel gr\u00fcn besetzt mit je einem Silberknopf. Vier eingearbeitete Taschen mit gr\u00fcner Umrandung und rotem Lodenfutter. Innenfutter aus rot-gr\u00fcn geblumter Seide<\/td><\/tr><tr><td>&nbsp;Kopfbedeckung:<\/td><td>schwarzer Lodenhut mit gr\u00fcnen Kordeln und einen Hahnensto\u00df<\/td><\/tr><tr><td>&nbsp;Ranzen:<\/td><td>Bundbestickter Raunzen samt Kette mit Silberm\u00fcnzen<\/td><\/tr><\/tbody><\/table><\/figure>\n","protected":false},"excerpt":{"rendered":"<p>&nbsp;Frauentracht &nbsp;Schuhwerk: einfache Damentrachtenschuhe mit dezenter Silberspange &nbsp;Str\u00fcmpfe: wei\u00dfe Strumpfhose &nbsp;Kittel: schwarzer Seidenbrokat &nbsp;Sch\u00fcrze: Blaudrucksch\u00fcrze aus Baumwolle &nbsp;Oberteil: roter Seidenbrokat mit schwarzer Samteinfassung &nbsp;Bluse: wei\u00dfe, hochgeschlossene Bluse mit 3\/4 Puff\u00e4rmel und Spitzenbesatz an den Enden &nbsp;Tuch: kurzfransige, blau-gelb-rot gestreift mit eingewebten Blumenmuster &nbsp;Kopfbedeckung: &#8211; &nbsp;Jacke: schwarzes, taillierte Lodenjacke mit Samteinfassung &nbsp;Zusatz: Gew\u00fcrzbrosche bei Bluse &nbsp;Herrentracht &nbsp;Schuhwerk: schwarze Lederschuhe mit Silberspange &nbsp;Stutzen: wei\u00dfe Stutzen mit Zopfmuster &nbsp;Hose: Kniebundhose aus schwarzer Teufelshaut (Samtstoff) gr\u00fcn aufgen\u00e4ht &nbsp;Hemd &amp; Binder: einfaches, wei\u00dfes Hemd mit gestreiften Seidentuch mit kurzen Fransen gebunden &nbsp;Rock: brauner Lodenrock mit gr\u00fcner Einfassung und Stehkragen mit besticktem Revers fixiert mit je einem Silberknopf. 6 gro\u00dfe und 2 kleine Kn\u00f6pfe mit Steg als Verschluss. \u00c4rmel gr\u00fcn besetzt mit je einem Silberknopf. Vier eingearbeitete Taschen mit gr\u00fcner Umrandung und rotem Lodenfutter. Innenfutter aus rot-gr\u00fcn geblumter Seide &nbsp;Kopfbedeckung: schwarzer Lodenhut mit gr\u00fcnen Kordeln und einen Hahnensto\u00df &nbsp;Ranzen: Bundbestickter Raunzen samt Kette mit Silberm\u00fcnzen<\/p>\n","protected":false},"author":1,"featured_media":0,"parent":836,"menu_order":0,"comment_status":"closed","ping_status":"closed","template":"","meta":{"footnotes":""},"class_list":["post-1328","page","type-page","status-publish","hentry"],"_links":{"self":[{"href":"https:\/\/trachtler.at\/index.php?rest_route=\/wp\/v2\/pages\/1328","targetHints":{"allow":["GET"]}}],"collection":[{"href":"https:\/\/trachtler.at\/index.php?rest_route=\/wp\/v2\/pages"}],"about":[{"href":"https:\/\/trachtler.at\/index.php?rest_route=\/wp\/v2\/types\/page"}],"author":[{"embeddable":true,"href":"https:\/\/trachtler.at\/index.php?rest_route=\/wp\/v2\/users\/1"}],"replies":[{"embeddable":true,"href":"https:\/\/trachtler.at\/index.php?rest_route=%2Fwp%2Fv2%2Fcomments&post=1328"}],"version-history":[{"count":1,"href":"https:\/\/trachtler.at\/index.php?rest_route=\/wp\/v2\/pages\/1328\/revisions"}],"predecessor-version":[{"id":1330,"href":"https:\/\/trachtler.at\/index.php?rest_route=\/wp\/v2\/pages\/1328\/revisions\/1330"}],"up":[{"embeddable":true,"href":"https:\/\/trachtler.at\/index.php?rest_route=\/wp\/v2\/pages\/836"}],"wp:attachment":[{"href":"https:\/\/trachtler.at\/index.php?rest_route=%2Fwp%2Fv2%2Fmedia&parent=1328"}],"curies":[{"name":"wp","href":"https:\/\/api.w.org\/{rel}","templated":true}]}}