{"id":1317,"date":"2025-09-21T16:17:50","date_gmt":"2025-09-21T14:17:50","guid":{"rendered":"https:\/\/trachtler.at\/?page_id=1317"},"modified":"2025-09-21T16:20:29","modified_gmt":"2025-09-21T14:20:29","slug":"tracht-des-trachtenvereins-steyr","status":"publish","type":"page","link":"https:\/\/trachtler.at\/?page_id=1317","title":{"rendered":"Tracht des Trachtenvereins Steyr"},"content":{"rendered":"<div class=\"wp-block-image\">\n<figure class=\"aligncenter size-full\"><img loading=\"lazy\" decoding=\"async\" width=\"148\" height=\"252\" src=\"https:\/\/trachtler.at\/wp-content\/uploads\/2025\/09\/steyr.jpg\" alt=\"\" class=\"wp-image-1318\"\/><\/figure>\n<\/div>\n\n\n<figure class=\"wp-block-table\"><table class=\"has-fixed-layout\"><tbody><tr><td><strong>&nbsp;Frauentracht<\/strong><\/td><\/tr><\/tbody><\/table><\/figure>\n\n\n\n<figure class=\"wp-block-table\"><table class=\"has-fixed-layout\"><tbody><tr><td>&nbsp;Schuhwerk:<\/td><td>schwarze geschlossene Lederschuhe<\/td><\/tr><tr><td>&nbsp;Str\u00fcmpfe:<\/td><td>wei\u00dfe blickdichte Str\u00fcmpfe<\/td><\/tr><tr><td>&nbsp;Kittel:<\/td><td>aus Brokat oder Seide in gr\u00fcn, boden- oder wadenlang, Latzverzierung silber. Ausschnitt und Latz mit gr\u00fcnem Schr\u00e4gsamt eingefa\u00dft.<\/td><\/tr><tr><td>&nbsp;Sch\u00fcrze:<\/td><td>Reinseidentaft in silbergrau mit feinen rosa oder gr\u00fcnen Streifen<\/td><\/tr><tr><td>&nbsp;Bluse:<\/td><td>wei\u00dfe, hochgeschlossene Bluse mit 3\/4 \u00c4rmel und Spitzenbesatz an den Enden<\/td><\/tr><tr><td>&nbsp;Kopfbedeckung:<\/td><td>rosa-silber Seidentuch am R\u00fccken mit Brosche befestigt<\/td><\/tr><tr><td>&nbsp;Tuch:<\/td><td>schwarze Haube mit Perlenstickereien r\u00fcckw\u00e4rts<\/td><\/tr><tr><td>&nbsp;Jacke:<\/td><td>schwarz in Taillenform kurz aus Wollstoff&nbsp; mit Stehkragen<\/td><\/tr><tr><td>&nbsp;Zusatz:<\/td><td>Beutel aus gleichem Stoff wie Kittel mit Samtborte verziert<\/td><\/tr><\/tbody><\/table><\/figure>\n\n\n\n<figure class=\"wp-block-table\"><table class=\"has-fixed-layout\"><tbody><tr><td><strong>&nbsp;Herrentracht<\/strong><\/td><\/tr><\/tbody><\/table><\/figure>\n\n\n\n<figure class=\"wp-block-table\"><table class=\"has-fixed-layout\"><tbody><tr><td>&nbsp;Schuhwerk:<\/td><td>schwarze Trachtenschuhe mit Schnalle oder einfache Schuhe<\/td><\/tr><tr><td>&nbsp;Stutzen:<\/td><td>wei\u00dfe Garnstutzen oder schwarze Socken<\/td><\/tr><tr><td>&nbsp;Hose:<\/td><td>ange schwarze Hose oder Kniebundhose auch aus Leder<\/td><\/tr><tr><td>&nbsp;Hemd &amp; Binder:<\/td><td>aus Leinen oder Baumwolle in wei\u00df, rosa Bindl<\/td><\/tr><tr><td>&nbsp;Weste:<\/td><td>Wollstoff in gr\u00fcn mit kleinen Silberkn\u00f6pfen&nbsp;<\/td><\/tr><tr><td>&nbsp;Rock:<\/td><td>brauner Wollstoff mit Strick &#8211; r\u00fcckw\u00e4rtig Quetschfalte, Stehkragen&nbsp;<\/td><\/tr><tr><td>&nbsp;Kopfbedeckung:<\/td><td>Hammerherrenhut &#8211; schwarzer Hut in gerader Form mit dunkelgr\u00fcnem Hutband<\/td><\/tr><tr><td>&nbsp;Zusatz:<\/td><td>M\u00e4nnertracht wurde farblich der Frauentracht angepa\u00dft<\/td><\/tr><\/tbody><\/table><\/figure>\n","protected":false},"excerpt":{"rendered":"<p>&nbsp;Frauentracht &nbsp;Schuhwerk: schwarze geschlossene Lederschuhe &nbsp;Str\u00fcmpfe: wei\u00dfe blickdichte Str\u00fcmpfe &nbsp;Kittel: aus Brokat oder Seide in gr\u00fcn, boden- oder wadenlang, Latzverzierung silber. Ausschnitt und Latz mit gr\u00fcnem Schr\u00e4gsamt eingefa\u00dft. &nbsp;Sch\u00fcrze: Reinseidentaft in silbergrau mit feinen rosa oder gr\u00fcnen Streifen &nbsp;Bluse: wei\u00dfe, hochgeschlossene Bluse mit 3\/4 \u00c4rmel und Spitzenbesatz an den Enden &nbsp;Kopfbedeckung: rosa-silber Seidentuch am R\u00fccken mit Brosche befestigt &nbsp;Tuch: schwarze Haube mit Perlenstickereien r\u00fcckw\u00e4rts &nbsp;Jacke: schwarz in Taillenform kurz aus Wollstoff&nbsp; mit Stehkragen &nbsp;Zusatz: Beutel aus gleichem Stoff wie Kittel mit Samtborte verziert &nbsp;Herrentracht &nbsp;Schuhwerk: schwarze Trachtenschuhe mit Schnalle oder einfache Schuhe &nbsp;Stutzen: wei\u00dfe Garnstutzen oder schwarze Socken &nbsp;Hose: ange schwarze Hose oder Kniebundhose auch aus Leder &nbsp;Hemd &amp; Binder: aus Leinen oder Baumwolle in wei\u00df, rosa Bindl &nbsp;Weste: Wollstoff in gr\u00fcn mit kleinen Silberkn\u00f6pfen&nbsp; &nbsp;Rock: brauner Wollstoff mit Strick &#8211; r\u00fcckw\u00e4rtig Quetschfalte, Stehkragen&nbsp; &nbsp;Kopfbedeckung: Hammerherrenhut &#8211; schwarzer Hut in gerader Form mit dunkelgr\u00fcnem Hutband &nbsp;Zusatz: M\u00e4nnertracht wurde farblich der Frauentracht angepa\u00dft<\/p>\n","protected":false},"author":1,"featured_media":0,"parent":836,"menu_order":0,"comment_status":"closed","ping_status":"closed","template":"","meta":{"footnotes":""},"class_list":["post-1317","page","type-page","status-publish","hentry"],"_links":{"self":[{"href":"https:\/\/trachtler.at\/index.php?rest_route=\/wp\/v2\/pages\/1317","targetHints":{"allow":["GET"]}}],"collection":[{"href":"https:\/\/trachtler.at\/index.php?rest_route=\/wp\/v2\/pages"}],"about":[{"href":"https:\/\/trachtler.at\/index.php?rest_route=\/wp\/v2\/types\/page"}],"author":[{"embeddable":true,"href":"https:\/\/trachtler.at\/index.php?rest_route=\/wp\/v2\/users\/1"}],"replies":[{"embeddable":true,"href":"https:\/\/trachtler.at\/index.php?rest_route=%2Fwp%2Fv2%2Fcomments&post=1317"}],"version-history":[{"count":1,"href":"https:\/\/trachtler.at\/index.php?rest_route=\/wp\/v2\/pages\/1317\/revisions"}],"predecessor-version":[{"id":1319,"href":"https:\/\/trachtler.at\/index.php?rest_route=\/wp\/v2\/pages\/1317\/revisions\/1319"}],"up":[{"embeddable":true,"href":"https:\/\/trachtler.at\/index.php?rest_route=\/wp\/v2\/pages\/836"}],"wp:attachment":[{"href":"https:\/\/trachtler.at\/index.php?rest_route=%2Fwp%2Fv2%2Fmedia&parent=1317"}],"curies":[{"name":"wp","href":"https:\/\/api.w.org\/{rel}","templated":true}]}}