{"id":1310,"date":"2025-09-21T16:16:12","date_gmt":"2025-09-21T14:16:12","guid":{"rendered":"https:\/\/trachtler.at\/?page_id=1310"},"modified":"2025-09-21T16:20:29","modified_gmt":"2025-09-21T14:20:29","slug":"tracht-des-trachtenvereins-enns","status":"publish","type":"page","link":"https:\/\/trachtler.at\/?page_id=1310","title":{"rendered":"Tracht des\u00a0Trachtenvereins Enns"},"content":{"rendered":"<div class=\"wp-block-image\">\n<figure class=\"aligncenter size-full\"><img loading=\"lazy\" decoding=\"async\" width=\"170\" height=\"252\" src=\"https:\/\/trachtler.at\/wp-content\/uploads\/2025\/09\/enns.jpg\" alt=\"\" class=\"wp-image-1311\"\/><\/figure>\n<\/div>\n\n\n<figure class=\"wp-block-table\"><table class=\"has-fixed-layout\"><tbody><tr><td><strong>&nbsp;Frauentracht<\/strong><\/td><\/tr><\/tbody><\/table><\/figure>\n\n\n\n<figure class=\"wp-block-table\"><table class=\"has-fixed-layout\"><tbody><tr><td>&nbsp;Schuhwerk:<\/td><td>schwarze Damentrachtenschuhe (wird auch mit Goldschnalle getragen)<\/td><\/tr><tr><td>&nbsp;Str\u00fcmpfe:<\/td><td>wei\u00dfe Garnstr\u00fcmpfe<\/td><\/tr><tr><td>&nbsp;Kittel:<\/td><td>Leib und Rock sind aus gr\u00fcnem Seidenbrokat mit rotem Muster. Ausschnitt und vordere Verschlusskante (Hafterlverschlu\u00df) mit rotem Seidenbesatz umrandet. Mit Goldborte und Goldschnur reich bestickt &#8211; in der Mitte des Revers eine Blume aus Goldflitter.<\/td><\/tr><tr><td>&nbsp;Sch\u00fcrze:<\/td><td>goldfarben &#8211; in sich zart gemustert<\/td><\/tr><tr><td>&nbsp;Bluse:<\/td><td>hochgeschlossene wei\u00dfe Bluse mit Puff\u00e4rmel<\/td><\/tr><tr><td>&nbsp;Jacke:<\/td><td>aus schwarzer Schurwolle mit Stehkragen und Silberkn\u00f6pfen<\/td><\/tr><tr><td>&nbsp;Zusatz:<\/td><td>Gew\u00fcrzbrosche an der Bluse<\/td><\/tr><\/tbody><\/table><\/figure>\n\n\n\n<figure class=\"wp-block-table\"><table class=\"has-fixed-layout\"><tbody><tr><td><strong>&nbsp;Herrentracht<\/strong><\/td><\/tr><\/tbody><\/table><\/figure>\n\n\n\n<figure class=\"wp-block-table\"><table class=\"has-fixed-layout\"><tbody><tr><td>&nbsp;Schuhwerk:<\/td><td>Schwarze Schnallenschuhe aus Leder<\/td><\/tr><tr><td>&nbsp;Stutzen:<\/td><td>wei\u00dfe Stutzen<\/td><\/tr><tr><td>&nbsp;Hose:<\/td><td>Kniebundhose aus Wildleder; wei\u00df aufgestickt<\/td><\/tr><tr><td>&nbsp;Hemd:<\/td><td>wei\u00dfes Leinenhemd<\/td><\/tr><tr><td>&nbsp;Binder:<\/td><td>gr\u00fcn &#8211; rot &#8211; wei\u00dfes Binderl<\/td><\/tr><tr><td>&nbsp;Rock:<\/td><td>gefertigt aus gr\u00fcnem Tuch, Vorderseite zweireihig mit Silberkn\u00f6pfen geziert. Stehkragen aus schwarzen Samt und auch die Taschen mit schwarzen Samt passpoiliert.<\/td><\/tr><\/tbody><\/table><\/figure>\n","protected":false},"excerpt":{"rendered":"<p>&nbsp;Frauentracht &nbsp;Schuhwerk: schwarze Damentrachtenschuhe (wird auch mit Goldschnalle getragen) &nbsp;Str\u00fcmpfe: wei\u00dfe Garnstr\u00fcmpfe &nbsp;Kittel: Leib und Rock sind aus gr\u00fcnem Seidenbrokat mit rotem Muster. Ausschnitt und vordere Verschlusskante (Hafterlverschlu\u00df) mit rotem Seidenbesatz umrandet. Mit Goldborte und Goldschnur reich bestickt &#8211; in der Mitte des Revers eine Blume aus Goldflitter. &nbsp;Sch\u00fcrze: goldfarben &#8211; in sich zart gemustert &nbsp;Bluse: hochgeschlossene wei\u00dfe Bluse mit Puff\u00e4rmel &nbsp;Jacke: aus schwarzer Schurwolle mit Stehkragen und Silberkn\u00f6pfen &nbsp;Zusatz: Gew\u00fcrzbrosche an der Bluse &nbsp;Herrentracht &nbsp;Schuhwerk: Schwarze Schnallenschuhe aus Leder &nbsp;Stutzen: wei\u00dfe Stutzen &nbsp;Hose: Kniebundhose aus Wildleder; wei\u00df aufgestickt &nbsp;Hemd: wei\u00dfes Leinenhemd &nbsp;Binder: gr\u00fcn &#8211; rot &#8211; wei\u00dfes Binderl &nbsp;Rock: gefertigt aus gr\u00fcnem Tuch, Vorderseite zweireihig mit Silberkn\u00f6pfen geziert. Stehkragen aus schwarzen Samt und auch die Taschen mit schwarzen Samt passpoiliert.<\/p>\n","protected":false},"author":1,"featured_media":0,"parent":836,"menu_order":0,"comment_status":"closed","ping_status":"closed","template":"","meta":{"footnotes":""},"class_list":["post-1310","page","type-page","status-publish","hentry"],"_links":{"self":[{"href":"https:\/\/trachtler.at\/index.php?rest_route=\/wp\/v2\/pages\/1310","targetHints":{"allow":["GET"]}}],"collection":[{"href":"https:\/\/trachtler.at\/index.php?rest_route=\/wp\/v2\/pages"}],"about":[{"href":"https:\/\/trachtler.at\/index.php?rest_route=\/wp\/v2\/types\/page"}],"author":[{"embeddable":true,"href":"https:\/\/trachtler.at\/index.php?rest_route=\/wp\/v2\/users\/1"}],"replies":[{"embeddable":true,"href":"https:\/\/trachtler.at\/index.php?rest_route=%2Fwp%2Fv2%2Fcomments&post=1310"}],"version-history":[{"count":1,"href":"https:\/\/trachtler.at\/index.php?rest_route=\/wp\/v2\/pages\/1310\/revisions"}],"predecessor-version":[{"id":1312,"href":"https:\/\/trachtler.at\/index.php?rest_route=\/wp\/v2\/pages\/1310\/revisions\/1312"}],"up":[{"embeddable":true,"href":"https:\/\/trachtler.at\/index.php?rest_route=\/wp\/v2\/pages\/836"}],"wp:attachment":[{"href":"https:\/\/trachtler.at\/index.php?rest_route=%2Fwp%2Fv2%2Fmedia&parent=1310"}],"curies":[{"name":"wp","href":"https:\/\/api.w.org\/{rel}","templated":true}]}}