{"id":1307,"date":"2025-09-21T16:15:37","date_gmt":"2025-09-21T14:15:37","guid":{"rendered":"https:\/\/trachtler.at\/?page_id=1307"},"modified":"2025-09-21T16:20:29","modified_gmt":"2025-09-21T14:20:29","slug":"tracht-des-trachtenvereins-donautal-leonding","status":"publish","type":"page","link":"https:\/\/trachtler.at\/?page_id=1307","title":{"rendered":"Tracht des Trachtenvereins Donautal Leonding"},"content":{"rendered":"<div class=\"wp-block-image\">\n<figure class=\"aligncenter size-full\"><img loading=\"lazy\" decoding=\"async\" width=\"170\" height=\"264\" src=\"https:\/\/trachtler.at\/wp-content\/uploads\/2025\/09\/leonding.jpg\" alt=\"\" class=\"wp-image-1308\"\/><\/figure>\n<\/div>\n\n\n<figure class=\"wp-block-table\"><table class=\"has-fixed-layout\"><tbody><tr><td><strong>&nbsp;Frauentracht<\/strong><\/td><\/tr><\/tbody><\/table><\/figure>\n\n\n\n<figure class=\"wp-block-table\"><table class=\"has-fixed-layout\"><tbody><tr><td>&nbsp;Schuhwerk:<\/td><td>Schwarze Damenhalbschuhe mit Schnalle<\/td><\/tr><tr><td>&nbsp;Str\u00fcmpfe:<\/td><td>Wei\u00dfe Garnstr\u00fcmpfe<\/td><\/tr><tr><td>&nbsp;Leibchen:<\/td><td>Weinroter &#8222;in sich&#8220; gemusterter Woll-Baumwollbrokat. Runder Ausschnitt mit Samtbesatz und anschlie\u00dfender schmaler Borte &#8211; Ton in Ton und Hafterlverschluss. R\u00fcckenteil gepaspelt.<\/td><\/tr><tr><td>&nbsp;Sch\u00fcrze:<\/td><td>Seidensch\u00fcrze, gestreift oder gemustert in verschiedenen Farben<\/td><\/tr><tr><td>&nbsp;Rock:<\/td><td>Weinroter &#8222;in sich&#8220; gemusterter Woll-Baumwollbrokat. Runder Ausschnitt mit Samtbesatz und anschlie\u00dfender schmaler Borte &#8211; Ton in Ton und Hafterlverschluss. R\u00fcckenteil gepaspelt.<\/td><\/tr><tr><td>&nbsp;Bluse:<\/td><td>Puff\u00e4rmelbluse aus feiner Baumwollwebe<\/td><\/tr><tr><td>&nbsp;Jacke:<\/td><td>Weinroter Baumwollbrokat, Samtbesatz und anschlie\u00dfende schmale Borte &#8211; Ton in Ton, diese Verzierung wiederholt sich am \u00c4rmel. Hafterlverschluss. R\u00fcckenteil gepaspelt.<\/td><\/tr><tr><td>&nbsp;Zusatz:<\/td><td>Im Winter dunkelgrauer Lodenmantel oder Wetterfleck. Einheitlicher Regenschirm.<\/td><\/tr><\/tbody><\/table><\/figure>\n\n\n\n<figure class=\"wp-block-table\"><table class=\"has-fixed-layout\"><tbody><tr><td><strong>&nbsp;Herrentracht<\/strong><\/td><\/tr><\/tbody><\/table><\/figure>\n\n\n\n<figure class=\"wp-block-table\"><table class=\"has-fixed-layout\"><tbody><tr><td>&nbsp;Schuhwerk:<\/td><td>Schwarze Haferlschuhe mit Ledersohle<\/td><\/tr><tr><td>&nbsp;Stutzen:<\/td><td>Handgestrickte Modelstutzen (Schafwolle oder Naturfarben)<\/td><\/tr><tr><td>&nbsp;Hose:<\/td><td>Kniebundhose aus dunkelbraunem Wildleder, wei\u00df ausgen\u00e4ht. Lederhosentr\u00e4ger mit wei\u00df ausgen\u00e4htem Querblatt in gleicher Lederfarbe<\/td><\/tr><tr><td>&nbsp;Hemd &amp; Binder:<\/td><td>Wei\u00dfe Leinenpfoard mit Wollbindl<\/td><\/tr><tr><td>&nbsp;Rock:<\/td><td>aus gr\u00fcnem Loden mit schwarzem Besatz f\u00fcr Kragen und Taschen. Stehbrust, auf f\u00fcnf (5) Silberkn\u00f6pfen gearbeitet. R\u00fccken tailliert mit aufgen\u00e4hten Scho\u00dfecken. \u00c4rmel ebenfalls mit Leisten markiert und zwei (2) Kn\u00f6pfen besetzt. Knopfl\u00f6cher und Rockkanten schwarz passepoliert. Kragen mit gr\u00fcner Seide besteppt.<\/td><\/tr><tr><td>&nbsp;Zusatz:<\/td><td>Ein mit Federkiel gestickter Ranzen wird getragen<\/td><\/tr><\/tbody><\/table><\/figure>\n","protected":false},"excerpt":{"rendered":"<p>&nbsp;Frauentracht &nbsp;Schuhwerk: Schwarze Damenhalbschuhe mit Schnalle &nbsp;Str\u00fcmpfe: Wei\u00dfe Garnstr\u00fcmpfe &nbsp;Leibchen: Weinroter &#8222;in sich&#8220; gemusterter Woll-Baumwollbrokat. Runder Ausschnitt mit Samtbesatz und anschlie\u00dfender schmaler Borte &#8211; Ton in Ton und Hafterlverschluss. R\u00fcckenteil gepaspelt. &nbsp;Sch\u00fcrze: Seidensch\u00fcrze, gestreift oder gemustert in verschiedenen Farben &nbsp;Rock: Weinroter &#8222;in sich&#8220; gemusterter Woll-Baumwollbrokat. Runder Ausschnitt mit Samtbesatz und anschlie\u00dfender schmaler Borte &#8211; Ton in Ton und Hafterlverschluss. R\u00fcckenteil gepaspelt. &nbsp;Bluse: Puff\u00e4rmelbluse aus feiner Baumwollwebe &nbsp;Jacke: Weinroter Baumwollbrokat, Samtbesatz und anschlie\u00dfende schmale Borte &#8211; Ton in Ton, diese Verzierung wiederholt sich am \u00c4rmel. Hafterlverschluss. R\u00fcckenteil gepaspelt. &nbsp;Zusatz: Im Winter dunkelgrauer Lodenmantel oder Wetterfleck. Einheitlicher Regenschirm. &nbsp;Herrentracht &nbsp;Schuhwerk: Schwarze Haferlschuhe mit Ledersohle &nbsp;Stutzen: Handgestrickte Modelstutzen (Schafwolle oder Naturfarben) &nbsp;Hose: Kniebundhose aus dunkelbraunem Wildleder, wei\u00df ausgen\u00e4ht. Lederhosentr\u00e4ger mit wei\u00df ausgen\u00e4htem Querblatt in gleicher Lederfarbe &nbsp;Hemd &amp; Binder: Wei\u00dfe Leinenpfoard mit Wollbindl &nbsp;Rock: aus gr\u00fcnem Loden mit schwarzem Besatz f\u00fcr Kragen und Taschen. Stehbrust, auf f\u00fcnf (5) Silberkn\u00f6pfen gearbeitet. R\u00fccken tailliert mit aufgen\u00e4hten Scho\u00dfecken. \u00c4rmel ebenfalls mit Leisten markiert und zwei (2) Kn\u00f6pfen besetzt. Knopfl\u00f6cher und Rockkanten schwarz passepoliert. Kragen mit gr\u00fcner Seide besteppt. &nbsp;Zusatz: Ein mit Federkiel gestickter Ranzen wird getragen<\/p>\n","protected":false},"author":1,"featured_media":0,"parent":836,"menu_order":0,"comment_status":"closed","ping_status":"closed","template":"","meta":{"footnotes":""},"class_list":["post-1307","page","type-page","status-publish","hentry"],"_links":{"self":[{"href":"https:\/\/trachtler.at\/index.php?rest_route=\/wp\/v2\/pages\/1307","targetHints":{"allow":["GET"]}}],"collection":[{"href":"https:\/\/trachtler.at\/index.php?rest_route=\/wp\/v2\/pages"}],"about":[{"href":"https:\/\/trachtler.at\/index.php?rest_route=\/wp\/v2\/types\/page"}],"author":[{"embeddable":true,"href":"https:\/\/trachtler.at\/index.php?rest_route=\/wp\/v2\/users\/1"}],"replies":[{"embeddable":true,"href":"https:\/\/trachtler.at\/index.php?rest_route=%2Fwp%2Fv2%2Fcomments&post=1307"}],"version-history":[{"count":1,"href":"https:\/\/trachtler.at\/index.php?rest_route=\/wp\/v2\/pages\/1307\/revisions"}],"predecessor-version":[{"id":1309,"href":"https:\/\/trachtler.at\/index.php?rest_route=\/wp\/v2\/pages\/1307\/revisions\/1309"}],"up":[{"embeddable":true,"href":"https:\/\/trachtler.at\/index.php?rest_route=\/wp\/v2\/pages\/836"}],"wp:attachment":[{"href":"https:\/\/trachtler.at\/index.php?rest_route=%2Fwp%2Fv2%2Fmedia&parent=1307"}],"curies":[{"name":"wp","href":"https:\/\/api.w.org\/{rel}","templated":true}]}}