{"id":1304,"date":"2025-09-21T16:15:06","date_gmt":"2025-09-21T14:15:06","guid":{"rendered":"https:\/\/trachtler.at\/?page_id=1304"},"modified":"2025-09-21T16:20:03","modified_gmt":"2025-09-21T14:20:03","slug":"tracht-der-tanz-und-brauchtumsgruppe-altenberg-granit","status":"publish","type":"page","link":"https:\/\/trachtler.at\/?page_id=1304","title":{"rendered":"Tracht der Tanz und Brauchtumsgruppe Altenberg Granit"},"content":{"rendered":"<div class=\"wp-block-image\">\n<figure class=\"aligncenter size-full\"><img loading=\"lazy\" decoding=\"async\" width=\"377\" height=\"662\" src=\"https:\/\/trachtler.at\/wp-content\/uploads\/2025\/09\/Tracht-Altenberger2.jpg\" alt=\"\" class=\"wp-image-1305\" srcset=\"https:\/\/trachtler.at\/wp-content\/uploads\/2025\/09\/Tracht-Altenberger2.jpg 377w, https:\/\/trachtler.at\/wp-content\/uploads\/2025\/09\/Tracht-Altenberger2-171x300.jpg 171w\" sizes=\"auto, (max-width: 377px) 100vw, 377px\" \/><\/figure>\n<\/div>\n\n\n<figure class=\"wp-block-table\"><table class=\"has-fixed-layout\"><tbody><tr><td><strong>&nbsp;Frauentracht<\/strong><\/td><\/tr><\/tbody><\/table><\/figure>\n\n\n\n<figure class=\"wp-block-table\"><table class=\"has-fixed-layout\"><tbody><tr><td>&nbsp;Schuhwe<\/td><td>schwarze Schuhe<\/td><\/tr><tr><td>&nbsp;Str\u00fcmpfe:<\/td><td>wei\u00dfe Zwirnstutzen<\/td><\/tr><tr><td>&nbsp;Rock:<\/td><td>Schwarzer, in sich gemusterter Baumwolldruck<\/td><\/tr><tr><td>&nbsp;Sch\u00fcrze:<\/td><td>Rot \u2013 gr\u00fcn \u2013 schwarz gestreifte Baumwollsch\u00fcrze mit wei\u00dfen Blumen<\/td><\/tr><tr><td>&nbsp;Leibl:<\/td><td>Rotes, ungemustertes Leinen, Ausschnitte aus gleichem Stoff gepaspelt. Teilungsn\u00e4hte und entlang des Ausschnittes 2 Reihen Schnurarbeit Kn\u00f6pfe mit Rosenmotiv (aus dem Altenberger Gemeindewappen)<\/td><\/tr><tr><td>&nbsp;Bluse:<\/td><td>wei\u00dfe Bluse mit kurzen \u00c4rmeln<\/td><\/tr><tr><td>&nbsp;Tuch:<\/td><td>&nbsp;<\/td><\/tr><tr><td>&nbsp;Jacke:<\/td><td>&nbsp;<\/td><\/tr><tr><td>&nbsp;Zusatz:<\/td><td>passende Granitkette<\/td><\/tr><\/tbody><\/table><\/figure>\n\n\n\n<figure class=\"wp-block-table\"><table class=\"has-fixed-layout\"><tbody><tr><td><strong>&nbsp;Herrentracht<\/strong><\/td><\/tr><\/tbody><\/table><\/figure>\n\n\n\n<figure class=\"wp-block-table\"><table class=\"has-fixed-layout\"><tbody><tr><td>&nbsp;Schuhwerk:<\/td><td>schwarze Haferlschuhe<\/td><\/tr><tr><td>&nbsp;Stutzen:<\/td><td>Beige Stutzen<\/td><\/tr><tr><td>&nbsp;Hose:<\/td><td>Kniebundlederhose<\/td><\/tr><tr><td>&nbsp;Hemd;<\/td><td>wei\u00dfes Hirtenhemd mit eingesticktem Monogramm<\/td><\/tr><tr><td>&nbsp;Rock:<\/td><td>Grauer Lodenrock, Stehbrust, 5 schwarze Rinderhornkn\u00f6pfe, schwarzer Stehkragen mit grauer Stickerei, Quetschfalte mit einer schwarzen, handgen\u00e4hten Schneiderfliege und drei schwarze Passpoiltaschen<\/td><\/tr><tr><td>&nbsp;Kopfbedeckung:<\/td><td>keine<\/td><\/tr><\/tbody><\/table><\/figure>\n","protected":false},"excerpt":{"rendered":"<p>&nbsp;Frauentracht &nbsp;Schuhwe schwarze Schuhe &nbsp;Str\u00fcmpfe: wei\u00dfe Zwirnstutzen &nbsp;Rock: Schwarzer, in sich gemusterter Baumwolldruck &nbsp;Sch\u00fcrze: Rot \u2013 gr\u00fcn \u2013 schwarz gestreifte Baumwollsch\u00fcrze mit wei\u00dfen Blumen &nbsp;Leibl: Rotes, ungemustertes Leinen, Ausschnitte aus gleichem Stoff gepaspelt. Teilungsn\u00e4hte und entlang des Ausschnittes 2 Reihen Schnurarbeit Kn\u00f6pfe mit Rosenmotiv (aus dem Altenberger Gemeindewappen) &nbsp;Bluse: wei\u00dfe Bluse mit kurzen \u00c4rmeln &nbsp;Tuch: &nbsp; &nbsp;Jacke: &nbsp; &nbsp;Zusatz: passende Granitkette &nbsp;Herrentracht &nbsp;Schuhwerk: schwarze Haferlschuhe &nbsp;Stutzen: Beige Stutzen &nbsp;Hose: Kniebundlederhose &nbsp;Hemd; wei\u00dfes Hirtenhemd mit eingesticktem Monogramm &nbsp;Rock: Grauer Lodenrock, Stehbrust, 5 schwarze Rinderhornkn\u00f6pfe, schwarzer Stehkragen mit grauer Stickerei, Quetschfalte mit einer schwarzen, handgen\u00e4hten Schneiderfliege und drei schwarze Passpoiltaschen &nbsp;Kopfbedeckung: keine<\/p>\n","protected":false},"author":1,"featured_media":0,"parent":836,"menu_order":0,"comment_status":"closed","ping_status":"closed","template":"","meta":{"footnotes":""},"class_list":["post-1304","page","type-page","status-publish","hentry"],"_links":{"self":[{"href":"https:\/\/trachtler.at\/index.php?rest_route=\/wp\/v2\/pages\/1304","targetHints":{"allow":["GET"]}}],"collection":[{"href":"https:\/\/trachtler.at\/index.php?rest_route=\/wp\/v2\/pages"}],"about":[{"href":"https:\/\/trachtler.at\/index.php?rest_route=\/wp\/v2\/types\/page"}],"author":[{"embeddable":true,"href":"https:\/\/trachtler.at\/index.php?rest_route=\/wp\/v2\/users\/1"}],"replies":[{"embeddable":true,"href":"https:\/\/trachtler.at\/index.php?rest_route=%2Fwp%2Fv2%2Fcomments&post=1304"}],"version-history":[{"count":1,"href":"https:\/\/trachtler.at\/index.php?rest_route=\/wp\/v2\/pages\/1304\/revisions"}],"predecessor-version":[{"id":1306,"href":"https:\/\/trachtler.at\/index.php?rest_route=\/wp\/v2\/pages\/1304\/revisions\/1306"}],"up":[{"embeddable":true,"href":"https:\/\/trachtler.at\/index.php?rest_route=\/wp\/v2\/pages\/836"}],"wp:attachment":[{"href":"https:\/\/trachtler.at\/index.php?rest_route=%2Fwp%2Fv2%2Fmedia&parent=1304"}],"curies":[{"name":"wp","href":"https:\/\/api.w.org\/{rel}","templated":true}]}}