{"id":1300,"date":"2025-09-21T16:14:28","date_gmt":"2025-09-21T14:14:28","guid":{"rendered":"https:\/\/trachtler.at\/?page_id=1300"},"modified":"2025-09-21T16:20:29","modified_gmt":"2025-09-21T14:20:29","slug":"tracht-des-trachtenvereins-altstaedter-bauerngmoa-linz","status":"publish","type":"page","link":"https:\/\/trachtler.at\/?page_id=1300","title":{"rendered":"Tracht des Trachtenvereins Altst\u00e4dter Bauerngmoa Linz"},"content":{"rendered":"<div class=\"wp-block-image\">\n<figure class=\"aligncenter size-full\"><img loading=\"lazy\" decoding=\"async\" width=\"159\" height=\"252\" src=\"https:\/\/trachtler.at\/wp-content\/uploads\/2025\/09\/altstaedter_1.jpg\" alt=\"\" class=\"wp-image-1301\"\/><\/figure>\n<\/div>\n\n\n<figure class=\"wp-block-table\"><table class=\"has-fixed-layout\"><tbody><tr><td><strong>&nbsp;Frauentracht &#8211; Linzer Goldhaubenklein bzw. M\u00fchlviertler Goldhaubenkleid<\/strong><\/td><\/tr><\/tbody><\/table><\/figure>\n\n\n\n<figure class=\"wp-block-table\"><table class=\"has-fixed-layout\"><tbody><tr><td>&nbsp;Schuhwerk:<\/td><td>einfache Damentrachtenschuhe mit dezenter Silberspange<\/td><\/tr><tr><td>&nbsp;Str\u00fcmpfe:<\/td><td>wei\u00dfe Str\u00fcmpfe (Strumpfhose), beim Jackenkleid zum Kopftuch auch schwarze Str\u00fcmpfe m\u00f6glich<\/td><\/tr><tr><td>&nbsp;Kittel:<\/td><td>laut o.a. Versionen<\/td><\/tr><tr><td>&nbsp;Sch\u00fcrze:<\/td><td>zum Goldhaubenkleid keine Sch\u00fcrze, zur Kopftuchtracht Sch\u00fcrze<\/td><\/tr><tr><td>&nbsp;Bluse:<\/td><td>keine zu den Goldhaubenkleidern, bei Kopftuchtracht mit Samtjoppe einfache Bluse<\/td><\/tr><tr><td>&nbsp;Jacke:<\/td><td>bei Jackenkleid gleich mit Rock, Seide oder Polyesterseide, Farbe nach Wahl<\/td><\/tr><tr><td>&nbsp;Kopfbedeckung:<\/td><td>Linzer Gold- oder Perlhaube bzw. Goldperlhaube Schwarzes Schwalbenschwanzkopftuch als Variante, jedoch hierzu unbedingt zweiteiliges Kleid erforderlich, Variante f\u00fcr zweiteiliges Kleid \u2013 Samtjoppe \u2013 siehe o.a. Angabe<\/td><\/tr><tr><td>&nbsp;Zusatz:<\/td><td>Kropfkette und Schmuck (echter Schmuck) passend zur Goldhaube, Gebetbuch, Handstitzerl wei\u00df oder schwarz (Fest\/Trauer), Blumen, Beuterl in verschiedener Ausf\u00fchrung (Stoff wie Kleid), Perlbeuterl, ein Schultertuch (so genanntes t\u00fcrkisches Tuch) wird als \u00dcberkleid getragen, eleganter schwarzer Schirm mit R\u00fcschenverzierung<\/td><\/tr><tr><td>&nbsp;Anmerkung:<\/td><td>Variable Goldhaubentracht nach Wunsch der Tr\u00e4gerin &#8211; klassisches Linzer Goldhaubenkleid oder Jackenkleid (zweiteilig) bzw: Jackenkleid zum Kopftuch oder auch Kopftuchtracht mit Samtjoppe dazu wird eine Sch\u00fcrze (schwarz mit Spitzensaum oder gestreift) getragen<\/td><\/tr><\/tbody><\/table><\/figure>\n\n\n\n<figure class=\"wp-block-table\"><table class=\"has-fixed-layout\"><tbody><tr><td><strong>&nbsp;Herrentracht &#8211; Bauernrock<\/strong><\/td><\/tr><\/tbody><\/table><\/figure>\n\n\n\n<figure class=\"wp-block-table\"><table class=\"has-fixed-layout\"><tbody><tr><td>&nbsp;Schuhwerk:<\/td><td>glatte schwarze Halbschuhe<\/td><\/tr><tr><td>&nbsp;Stutzen \/&nbsp;Socken:<\/td><td>schwarze Socken bzw. Stutzen<\/td><\/tr><tr><td>&nbsp;Hose:<\/td><td>lange schwarze Tuchhose<\/td><\/tr><tr><td>&nbsp;Hemd &amp; Binder:<\/td><td>einfaches wei\u00dfes Hemd aus Baumwolle oder Leinen; Seidenbindl \u2013 farblich frei w\u00e4hlbar \u2013 Vorgabe rot gemustert<\/td><\/tr><tr><td>&nbsp;Weste:<\/td><td>schwarzer Bl\u00fcmelsamt bzw. frei w\u00e4hlbar als Variante mit V-Ausschnitt oder hochgeschlossen mit schmalem Umlegkragen &#8211; R\u00fcckenteil aus farblich abgestimmter Seide, Ungerade Knopfzahl<\/td><\/tr><tr><td>&nbsp;Rock:<\/td><td>schwarzer Tuchrock mit vorgegebener Steppverzierung aus schwarzer Knopflochseide am Vorderteil, auf dem Revers, den Patentschen vorne, an den \u00c4rmelstulpen und entlang der R\u00fcckenrundn\u00e4hte, schwarzer Samtkragen, alle Kanten, die Patentschen und \u00c4rmelstulpen mit schwarzen Tressen &#8222;eingebandelt&#8220;. Der Rock ist nicht zu schlie\u00dfen und wird mit einer Stoffspange zusammengehalten und zweireihig mit je 5 schwarzen Hornkn\u00f6pfen ausgef\u00fchrt<\/td><\/tr><tr><td>&nbsp;Beiwerk:<\/td><td>\u00fcber die Weste wird eine Silberuhrkette mit diversen Anh\u00e4ngern nach freier Wahl getragen<\/td><\/tr><tr><td>&nbsp;Kopfbedeckung:<\/td><td>schwarzer Hut, bei Festveranstaltungen mit Blumen und Rosmarienstr\u00e4u\u00dfchen geschm\u00fcckt (echter nat\u00fcrlicher Blumenschmuck w\u00e4re zu bevorzugen.<\/td><\/tr><\/tbody><\/table><\/figure>\n\n\n<div class=\"wp-block-image\">\n<figure class=\"aligncenter size-full\"><img loading=\"lazy\" decoding=\"async\" width=\"97\" height=\"247\" src=\"https:\/\/trachtler.at\/wp-content\/uploads\/2025\/09\/altstaedter_2.jpg\" alt=\"\" class=\"wp-image-1302\"\/><\/figure>\n<\/div>\n\n\n<figure class=\"wp-block-table\"><table class=\"has-fixed-layout\"><tbody><tr><td><strong>&nbsp;Frauentracht &#8211; Freist\u00e4dter Festtracht<\/strong><\/td><\/tr><\/tbody><\/table><\/figure>\n\n\n\n<figure class=\"wp-block-table\"><table class=\"has-fixed-layout\"><tbody><tr><td>&nbsp;Schuhwerk:<\/td><td>einfache Trachtenschuhe<\/td><\/tr><tr><td>&nbsp;Str\u00fcmpfe:<\/td><td>aus wei\u00dfem Garn oder wei\u00dfe Strumpfhose<\/td><\/tr><tr><td>&nbsp;Leib und Kittel:<\/td><td>aus klein gemustertem Wollbrokat als Variante (in gr\u00fcn) R\u00fcckenteilung und Einfassung s\u00e4mtlicher Ausschnitte mit farblich zum Wollbrokat abgestimmten Schr\u00e4gsamt (gr\u00fcn)<\/td><\/tr><tr><td>&nbsp;Sch\u00fcrze:<\/td><td>rosa gestreifter Seiden- bzw. Polyesterbrokatverst\u00fcrzte B\u00e4nder l\u00e4ngsgestreift gen\u00e4ht<\/td><\/tr><tr><td>&nbsp;Bluse:<\/td><td>aus wei\u00dfem Leinen oder Webe, Puff\u00e4rmel mit (Kl\u00f6ppel) Spitze, Vorderteil reich gezogen, hochgeschlossen, schmale Spitzen um den Halsausschnitt<\/td><\/tr><tr><td>&nbsp;Spencer:<\/td><td>als Variante schwarzer, feiner Lodenspenser mit schwarzer Samteinfassung an den R\u00e4ndern und \u00c4rmeln<\/td><\/tr><tr><td>&nbsp;Kopfbedeckung:<\/td><td>schwarzer Hut, bei Festveranstaltungen mit Blumen und Rosmarienstr\u00e4u\u00dfchen geschm\u00fcckt (echter nat\u00fcrlicher Blumenschmuck w\u00e4re zu bevorzugen.<\/td><\/tr><tr><td>&nbsp;Zusatz:<\/td><td>bei Kopfbedeckung als zus\u00e4tzliche Variante H\u00e4ubchen m\u00f6glich<\/td><\/tr><tr><td>&nbsp;Beiwerk:<\/td><td>Trachtenschmuck (Brosche beim Halsausschnitt); aus gleichem Stoff (Wollbrokat)<\/td><\/tr><\/tbody><\/table><\/figure>\n","protected":false},"excerpt":{"rendered":"<p>&nbsp;Frauentracht &#8211; Linzer Goldhaubenklein bzw. M\u00fchlviertler Goldhaubenkleid &nbsp;Schuhwerk: einfache Damentrachtenschuhe mit dezenter Silberspange &nbsp;Str\u00fcmpfe: wei\u00dfe Str\u00fcmpfe (Strumpfhose), beim Jackenkleid zum Kopftuch auch schwarze Str\u00fcmpfe m\u00f6glich &nbsp;Kittel: laut o.a. Versionen &nbsp;Sch\u00fcrze: zum Goldhaubenkleid keine Sch\u00fcrze, zur Kopftuchtracht Sch\u00fcrze &nbsp;Bluse: keine zu den Goldhaubenkleidern, bei Kopftuchtracht mit Samtjoppe einfache Bluse &nbsp;Jacke: bei Jackenkleid gleich mit Rock, Seide oder Polyesterseide, Farbe nach Wahl &nbsp;Kopfbedeckung: Linzer Gold- oder Perlhaube bzw. Goldperlhaube Schwarzes Schwalbenschwanzkopftuch als Variante, jedoch hierzu unbedingt zweiteiliges Kleid erforderlich, Variante f\u00fcr zweiteiliges Kleid \u2013 Samtjoppe \u2013 siehe o.a. Angabe &nbsp;Zusatz: Kropfkette und Schmuck (echter Schmuck) passend zur Goldhaube, Gebetbuch, Handstitzerl wei\u00df oder schwarz (Fest\/Trauer), Blumen, Beuterl in verschiedener Ausf\u00fchrung (Stoff wie Kleid), Perlbeuterl, ein Schultertuch (so genanntes t\u00fcrkisches Tuch) wird als \u00dcberkleid getragen, eleganter schwarzer Schirm mit R\u00fcschenverzierung &nbsp;Anmerkung: Variable Goldhaubentracht nach Wunsch der Tr\u00e4gerin &#8211; klassisches Linzer Goldhaubenkleid oder Jackenkleid (zweiteilig) bzw: Jackenkleid zum Kopftuch oder auch Kopftuchtracht mit Samtjoppe dazu wird eine Sch\u00fcrze (schwarz mit Spitzensaum oder gestreift) getragen &nbsp;Herrentracht &#8211; Bauernrock &nbsp;Schuhwerk: glatte schwarze Halbschuhe &nbsp;Stutzen \/&nbsp;Socken: schwarze Socken bzw. Stutzen &nbsp;Hose: lange schwarze Tuchhose &nbsp;Hemd &amp; Binder: einfaches wei\u00dfes Hemd aus Baumwolle oder Leinen; Seidenbindl \u2013 farblich frei w\u00e4hlbar \u2013 Vorgabe rot gemustert &nbsp;Weste: schwarzer Bl\u00fcmelsamt bzw. frei w\u00e4hlbar als Variante mit V-Ausschnitt oder hochgeschlossen mit schmalem Umlegkragen &#8211; R\u00fcckenteil aus farblich abgestimmter Seide, Ungerade Knopfzahl &nbsp;Rock: schwarzer Tuchrock mit vorgegebener Steppverzierung aus schwarzer Knopflochseide am Vorderteil, auf dem Revers, den Patentschen vorne, an den \u00c4rmelstulpen und entlang der R\u00fcckenrundn\u00e4hte, schwarzer Samtkragen, alle Kanten, die Patentschen und \u00c4rmelstulpen mit schwarzen Tressen &#8222;eingebandelt&#8220;. Der Rock ist nicht zu schlie\u00dfen und wird mit einer Stoffspange zusammengehalten und zweireihig mit je 5 schwarzen Hornkn\u00f6pfen ausgef\u00fchrt &nbsp;Beiwerk: \u00fcber die Weste wird eine Silberuhrkette mit diversen Anh\u00e4ngern nach freier Wahl getragen &nbsp;Kopfbedeckung: schwarzer Hut, bei Festveranstaltungen mit Blumen und Rosmarienstr\u00e4u\u00dfchen geschm\u00fcckt (echter nat\u00fcrlicher Blumenschmuck w\u00e4re zu bevorzugen. &nbsp;Frauentracht &#8211; Freist\u00e4dter Festtracht &nbsp;Schuhwerk: einfache Trachtenschuhe &nbsp;Str\u00fcmpfe: aus wei\u00dfem Garn oder wei\u00dfe Strumpfhose &nbsp;Leib und Kittel: aus klein gemustertem Wollbrokat als Variante (in gr\u00fcn) R\u00fcckenteilung und Einfassung s\u00e4mtlicher Ausschnitte mit farblich zum Wollbrokat abgestimmten Schr\u00e4gsamt (gr\u00fcn) &nbsp;Sch\u00fcrze: rosa gestreifter Seiden- bzw. Polyesterbrokatverst\u00fcrzte B\u00e4nder l\u00e4ngsgestreift gen\u00e4ht &nbsp;Bluse: aus wei\u00dfem Leinen oder Webe, Puff\u00e4rmel mit (Kl\u00f6ppel) Spitze, Vorderteil reich gezogen, hochgeschlossen, schmale Spitzen um den Halsausschnitt &nbsp;Spencer: als Variante schwarzer, feiner Lodenspenser mit schwarzer Samteinfassung an den R\u00e4ndern und \u00c4rmeln &nbsp;Kopfbedeckung: schwarzer Hut, bei Festveranstaltungen mit Blumen und Rosmarienstr\u00e4u\u00dfchen geschm\u00fcckt (echter nat\u00fcrlicher Blumenschmuck w\u00e4re zu bevorzugen. &nbsp;Zusatz: bei Kopfbedeckung als zus\u00e4tzliche Variante H\u00e4ubchen m\u00f6glich &nbsp;Beiwerk: Trachtenschmuck (Brosche beim Halsausschnitt); aus gleichem Stoff (Wollbrokat)<\/p>\n","protected":false},"author":1,"featured_media":0,"parent":836,"menu_order":0,"comment_status":"closed","ping_status":"closed","template":"","meta":{"footnotes":""},"class_list":["post-1300","page","type-page","status-publish","hentry"],"_links":{"self":[{"href":"https:\/\/trachtler.at\/index.php?rest_route=\/wp\/v2\/pages\/1300","targetHints":{"allow":["GET"]}}],"collection":[{"href":"https:\/\/trachtler.at\/index.php?rest_route=\/wp\/v2\/pages"}],"about":[{"href":"https:\/\/trachtler.at\/index.php?rest_route=\/wp\/v2\/types\/page"}],"author":[{"embeddable":true,"href":"https:\/\/trachtler.at\/index.php?rest_route=\/wp\/v2\/users\/1"}],"replies":[{"embeddable":true,"href":"https:\/\/trachtler.at\/index.php?rest_route=%2Fwp%2Fv2%2Fcomments&post=1300"}],"version-history":[{"count":1,"href":"https:\/\/trachtler.at\/index.php?rest_route=\/wp\/v2\/pages\/1300\/revisions"}],"predecessor-version":[{"id":1303,"href":"https:\/\/trachtler.at\/index.php?rest_route=\/wp\/v2\/pages\/1300\/revisions\/1303"}],"up":[{"embeddable":true,"href":"https:\/\/trachtler.at\/index.php?rest_route=\/wp\/v2\/pages\/836"}],"wp:attachment":[{"href":"https:\/\/trachtler.at\/index.php?rest_route=%2Fwp%2Fv2%2Fmedia&parent=1300"}],"curies":[{"name":"wp","href":"https:\/\/api.w.org\/{rel}","templated":true}]}}