{"id":1297,"date":"2025-09-21T16:13:38","date_gmt":"2025-09-21T14:13:38","guid":{"rendered":"https:\/\/trachtler.at\/?page_id=1297"},"modified":"2025-09-21T16:20:29","modified_gmt":"2025-09-21T14:20:29","slug":"tracht-des-trachtenvereins-almtaler-linz","status":"publish","type":"page","link":"https:\/\/trachtler.at\/?page_id=1297","title":{"rendered":"Tracht des Trachtenvereins Almtaler Linz"},"content":{"rendered":"<div class=\"wp-block-image\">\n<figure class=\"aligncenter size-full\"><img loading=\"lazy\" decoding=\"async\" width=\"190\" height=\"286\" src=\"https:\/\/trachtler.at\/wp-content\/uploads\/2025\/09\/almtaler.jpg\" alt=\"\" class=\"wp-image-1298\"\/><\/figure>\n<\/div>\n\n\n<figure class=\"wp-block-table\"><table class=\"has-fixed-layout\"><tbody><tr><td><strong>&nbsp;Frauentracht &#8211; Gr\u00fcnauer Festtracht<\/strong><\/td><\/tr><\/tbody><\/table><\/figure>\n\n\n\n<figure class=\"wp-block-table\"><table class=\"has-fixed-layout\"><tbody><tr><td>&nbsp;Schuhwerk:<\/td><td>schwarze Trachtenschuhe<\/td><\/tr><tr><td>&nbsp;Str\u00fcmpfe:<\/td><td>wei\u00dfe Baumwollstrumpfhose<\/td><\/tr><tr><td>&nbsp;Kittel:<\/td><td>In dunkelgr\u00fcner Seide oder Kunstseide in sich gemustert, bei den \u00c4rmeln Samteinfassung mit aufwendigen Silberb\u00e4ndern am R\u00fcckenteil. Vorderteil mit mit Silberb\u00e4nder geschn\u00fcrt.<\/td><\/tr><tr><td>&nbsp;Sch\u00fcrze:<\/td><td>aus Seide, je nach Farbwahl<\/td><\/tr><tr><td>&nbsp;Bluse:<\/td><td>wei\u00dfe Trachtenbluse mit Buff\u00e4rmel zum Leibkittel passend<\/td><\/tr><tr><td>&nbsp;Jacke:<\/td><td>schwarzer Trachtenspencer aus Samt oder aus gleichem Material wie Leibkittel &#8211; langarm<\/td><\/tr><tr><td>&nbsp;Assessors:<\/td><td>Beutel aus gleichem Stoff mit Silberborte<\/td><\/tr><tr><td>&nbsp;Zusatz:<\/td><td>Die &#8222;Gr\u00fcnauer Festtracht&#8220; wird wahlweise kn\u00f6chellang oder wadenlang getragen<\/td><\/tr><\/tbody><\/table><\/figure>\n\n\n\n<figure class=\"wp-block-table\"><table class=\"has-fixed-layout\"><tbody><tr><td><strong>&nbsp;Herrentracht<\/strong><\/td><\/tr><\/tbody><\/table><\/figure>\n\n\n\n<figure class=\"wp-block-table\"><table class=\"has-fixed-layout\"><tbody><tr><td>&nbsp;Schuhwerk:<\/td><td>schwarze Trachtenschuhe mit Silberschnalle oder wahlweise schwarze Halbschuhe<\/td><\/tr><tr><td>&nbsp;Stutzen:<\/td><td>gr\u00fcne Almtaler Stutzen mit feinem Zopfmuster oder wahlweise schwarze Standardsocken<\/td><\/tr><tr><td>&nbsp;Hose:<\/td><td>schwarze Lederkniebundhose mit gr\u00fcnen Stickereien; wahlweise schwarze Standardhose<\/td><\/tr><tr><td>&nbsp;Hemd &amp; Binder:<\/td><td>wei\u00dfes, einfaches Trachtenhemd, Binder rot-gr\u00fcn gemustert<\/td><\/tr><tr><td>&nbsp;Rock:<\/td><td>Brauner Trachtenrock mit gr\u00fcnen Aufschl\u00e4gen, Hirschhornkn\u00f6pfen und einem gr\u00fcnen Stehkragen &#8211; normale Rockl\u00e4nge<\/td><\/tr><tr><td>&nbsp;Weste:<\/td><td>rot in sich gemustert, Material Baumwolle und Seide &#8211; auf Vorderseite Silberkn\u00f6pfe<\/td><\/tr><tr><td>&nbsp;Kopfbedeckung:<\/td><td>Gr\u00fcner oder schwarzer Gumberlandhut&nbsp;<\/td><\/tr><\/tbody><\/table><\/figure>\n","protected":false},"excerpt":{"rendered":"<p>&nbsp;Frauentracht &#8211; Gr\u00fcnauer Festtracht &nbsp;Schuhwerk: schwarze Trachtenschuhe &nbsp;Str\u00fcmpfe: wei\u00dfe Baumwollstrumpfhose &nbsp;Kittel: In dunkelgr\u00fcner Seide oder Kunstseide in sich gemustert, bei den \u00c4rmeln Samteinfassung mit aufwendigen Silberb\u00e4ndern am R\u00fcckenteil. Vorderteil mit mit Silberb\u00e4nder geschn\u00fcrt. &nbsp;Sch\u00fcrze: aus Seide, je nach Farbwahl &nbsp;Bluse: wei\u00dfe Trachtenbluse mit Buff\u00e4rmel zum Leibkittel passend &nbsp;Jacke: schwarzer Trachtenspencer aus Samt oder aus gleichem Material wie Leibkittel &#8211; langarm &nbsp;Assessors: Beutel aus gleichem Stoff mit Silberborte &nbsp;Zusatz: Die &#8222;Gr\u00fcnauer Festtracht&#8220; wird wahlweise kn\u00f6chellang oder wadenlang getragen &nbsp;Herrentracht &nbsp;Schuhwerk: schwarze Trachtenschuhe mit Silberschnalle oder wahlweise schwarze Halbschuhe &nbsp;Stutzen: gr\u00fcne Almtaler Stutzen mit feinem Zopfmuster oder wahlweise schwarze Standardsocken &nbsp;Hose: schwarze Lederkniebundhose mit gr\u00fcnen Stickereien; wahlweise schwarze Standardhose &nbsp;Hemd &amp; Binder: wei\u00dfes, einfaches Trachtenhemd, Binder rot-gr\u00fcn gemustert &nbsp;Rock: Brauner Trachtenrock mit gr\u00fcnen Aufschl\u00e4gen, Hirschhornkn\u00f6pfen und einem gr\u00fcnen Stehkragen &#8211; normale Rockl\u00e4nge &nbsp;Weste: rot in sich gemustert, Material Baumwolle und Seide &#8211; auf Vorderseite Silberkn\u00f6pfe &nbsp;Kopfbedeckung: Gr\u00fcner oder schwarzer Gumberlandhut&nbsp;<\/p>\n","protected":false},"author":1,"featured_media":0,"parent":836,"menu_order":0,"comment_status":"closed","ping_status":"closed","template":"","meta":{"footnotes":""},"class_list":["post-1297","page","type-page","status-publish","hentry"],"_links":{"self":[{"href":"https:\/\/trachtler.at\/index.php?rest_route=\/wp\/v2\/pages\/1297","targetHints":{"allow":["GET"]}}],"collection":[{"href":"https:\/\/trachtler.at\/index.php?rest_route=\/wp\/v2\/pages"}],"about":[{"href":"https:\/\/trachtler.at\/index.php?rest_route=\/wp\/v2\/types\/page"}],"author":[{"embeddable":true,"href":"https:\/\/trachtler.at\/index.php?rest_route=\/wp\/v2\/users\/1"}],"replies":[{"embeddable":true,"href":"https:\/\/trachtler.at\/index.php?rest_route=%2Fwp%2Fv2%2Fcomments&post=1297"}],"version-history":[{"count":1,"href":"https:\/\/trachtler.at\/index.php?rest_route=\/wp\/v2\/pages\/1297\/revisions"}],"predecessor-version":[{"id":1299,"href":"https:\/\/trachtler.at\/index.php?rest_route=\/wp\/v2\/pages\/1297\/revisions\/1299"}],"up":[{"embeddable":true,"href":"https:\/\/trachtler.at\/index.php?rest_route=\/wp\/v2\/pages\/836"}],"wp:attachment":[{"href":"https:\/\/trachtler.at\/index.php?rest_route=%2Fwp%2Fv2%2Fmedia&parent=1297"}],"curies":[{"name":"wp","href":"https:\/\/api.w.org\/{rel}","templated":true}]}}