{"id":1289,"date":"2025-09-21T16:11:29","date_gmt":"2025-09-21T14:11:29","guid":{"rendered":"https:\/\/trachtler.at\/?page_id=1289"},"modified":"2025-09-21T16:20:03","modified_gmt":"2025-09-21T14:20:03","slug":"tracht-der-saengerrunde-und-trachtengruppe-hilkering","status":"publish","type":"page","link":"https:\/\/trachtler.at\/?page_id=1289","title":{"rendered":"Tracht der S\u00e4ngerrunde und Trachtengruppe Hilkering"},"content":{"rendered":"<div class=\"wp-block-image\">\n<figure class=\"aligncenter size-full\"><img loading=\"lazy\" decoding=\"async\" width=\"300\" height=\"471\" src=\"https:\/\/trachtler.at\/wp-content\/uploads\/2025\/09\/hilkering.jpg\" alt=\"\" class=\"wp-image-1290\" srcset=\"https:\/\/trachtler.at\/wp-content\/uploads\/2025\/09\/hilkering.jpg 300w, https:\/\/trachtler.at\/wp-content\/uploads\/2025\/09\/hilkering-191x300.jpg 191w\" sizes=\"auto, (max-width: 300px) 100vw, 300px\" \/><\/figure>\n<\/div>\n\n\n<figure class=\"wp-block-table\"><table class=\"has-fixed-layout\"><tbody><tr><td><strong>&nbsp;Frauentracht<\/strong><\/td><\/tr><\/tbody><\/table><\/figure>\n\n\n\n<figure class=\"wp-block-table\"><table class=\"has-fixed-layout\"><tbody><tr><td>&nbsp;Schuhwerk:<\/td><td>schwarze Damentrachtenschuhe<\/td><\/tr><tr><td>&nbsp;Str\u00fcmpfe:<\/td><td>wei\u00dfe gestickte oder geh\u00e4kelte durchbrochene Str\u00fcmpfe<\/td><\/tr><tr><td>&nbsp;Rock:<\/td><td>lang, vorwiegend schwarz oder gedeckte Farbe aus Seide, Brokat oder \u00e4hnlichem Material, meist hinten leicht gezogen<\/td><\/tr><tr><td>&nbsp;Sch\u00fcrze:<\/td><td>schwarz, lang, mit Spitze verziert (seitlich oder unten), nicht einheitlich<\/td><\/tr><tr><td>&nbsp;Spencer:<\/td><td>Samt, Seide oder Pl\u00fcsch, vorwiegend schwarz. Schnitt eng auf Taille mit Sch\u00f6\u00dfchen, weitere Details unterschiedlich wie z.B. Perlstickerei, Halseinsatz gefaltet, Perlmutterkn\u00f6pfe, usw.<\/td><\/tr><tr><td>&nbsp;Kopfbedeckung:<\/td><td>schwarzes, gro\u00dfes Seidentuch asymmetrisch (1 Seite rund, 1 Seite eckig) gebunden<\/td><\/tr><tr><td>&nbsp;Assessors:<\/td><td>Beutel oder T\u00e4schchen, geh\u00e4kelt oder gestrickte fingerlose Handschuhe aus wei\u00dfem Garn, wei\u00dfer Unterrock, Trachtenschmuck, bei Kirchbesuch bestickte Gebetsb\u00fccher und bei Bedarf schwarzer Schirm<\/td><\/tr><tr><td>&nbsp;Zusatz:<\/td><td>Die Frauentracht soll im Detail nicht einheitlich sein. Dem Festtagsgewand der B\u00e4uerinnen des vorvorigen und Anfang des letzten Jahrhunderts nachempfunden.<\/td><\/tr><\/tbody><\/table><\/figure>\n\n\n\n<figure class=\"wp-block-table\"><table class=\"has-fixed-layout\"><tbody><tr><td><strong>&nbsp;Herrentracht<\/strong><\/td><\/tr><\/tbody><\/table><\/figure>\n\n\n\n<figure class=\"wp-block-table\"><table class=\"has-fixed-layout\"><tbody><tr><td>&nbsp;Schuhwerk:<\/td><td>schwarzer fester und halbhoher Schuh<\/td><\/tr><tr><td>&nbsp;Stutzen\/Socken:<\/td><td>naturfarbene Schafwollsocken<\/td><\/tr><tr><td>&nbsp;Hose:<\/td><td>schwarze lange Hose, unten in die Socken gesteckt<\/td><\/tr><tr><td>&nbsp;Hemd &amp; Binder:<\/td><td>wei\u00dfes Hemd, rot-wei\u00df gemustertes Bindl<\/td><\/tr><tr><td>&nbsp;Weste:<\/td><td>schwarzer Samt, bestickt mit kleinen Bl\u00fcmchen (rot-gr\u00fcn) und Silberkn\u00f6pfen<\/td><\/tr><tr><td>&nbsp;Rock:<\/td><td>schwarzer Wollstoff &#8211; etwas ausgestellt, eher kurz am Kragen schwarzer Samtbesatz, Silberkn\u00f6pfe<\/td><\/tr><tr><td>&nbsp;Kopfbedeckung:<\/td><td>schwarzer Hut, Form rund (\u00e4hnlich Melone) runde kurze aufgebogene Krempe<\/td><\/tr><tr><td>&nbsp;Assessors:<\/td><td>Sch\u00f6ner breiter Bauchranzen (Bauernranzen) mit Federkiel bestickt (Spr\u00fcche oder Name und \/ oder Verziehrungen). Uhrkette mit M\u00fcnzen, roter oder schwarzer Schirm, Pfeife, Bschoadbinkerl aus rot-wei\u00dfem Tuch.<\/td><\/tr><tr><td>&nbsp;Zusatz:<\/td><td>Der Schirm mit ungeh\u00e4ngten Bschoadbinkerl wird abwechselnd rechts oder links \u00fcber der Schulter betragen. Die M\u00e4nnertracht sollte m\u00f6glichst einheitlich sein (au\u00dfer Ranzen)<\/td><\/tr><\/tbody><\/table><\/figure>\n","protected":false},"excerpt":{"rendered":"<p>&nbsp;Frauentracht &nbsp;Schuhwerk: schwarze Damentrachtenschuhe &nbsp;Str\u00fcmpfe: wei\u00dfe gestickte oder geh\u00e4kelte durchbrochene Str\u00fcmpfe &nbsp;Rock: lang, vorwiegend schwarz oder gedeckte Farbe aus Seide, Brokat oder \u00e4hnlichem Material, meist hinten leicht gezogen &nbsp;Sch\u00fcrze: schwarz, lang, mit Spitze verziert (seitlich oder unten), nicht einheitlich &nbsp;Spencer: Samt, Seide oder Pl\u00fcsch, vorwiegend schwarz. Schnitt eng auf Taille mit Sch\u00f6\u00dfchen, weitere Details unterschiedlich wie z.B. Perlstickerei, Halseinsatz gefaltet, Perlmutterkn\u00f6pfe, usw. &nbsp;Kopfbedeckung: schwarzes, gro\u00dfes Seidentuch asymmetrisch (1 Seite rund, 1 Seite eckig) gebunden &nbsp;Assessors: Beutel oder T\u00e4schchen, geh\u00e4kelt oder gestrickte fingerlose Handschuhe aus wei\u00dfem Garn, wei\u00dfer Unterrock, Trachtenschmuck, bei Kirchbesuch bestickte Gebetsb\u00fccher und bei Bedarf schwarzer Schirm &nbsp;Zusatz: Die Frauentracht soll im Detail nicht einheitlich sein. Dem Festtagsgewand der B\u00e4uerinnen des vorvorigen und Anfang des letzten Jahrhunderts nachempfunden. &nbsp;Herrentracht &nbsp;Schuhwerk: schwarzer fester und halbhoher Schuh &nbsp;Stutzen\/Socken: naturfarbene Schafwollsocken &nbsp;Hose: schwarze lange Hose, unten in die Socken gesteckt &nbsp;Hemd &amp; Binder: wei\u00dfes Hemd, rot-wei\u00df gemustertes Bindl &nbsp;Weste: schwarzer Samt, bestickt mit kleinen Bl\u00fcmchen (rot-gr\u00fcn) und Silberkn\u00f6pfen &nbsp;Rock: schwarzer Wollstoff &#8211; etwas ausgestellt, eher kurz am Kragen schwarzer Samtbesatz, Silberkn\u00f6pfe &nbsp;Kopfbedeckung: schwarzer Hut, Form rund (\u00e4hnlich Melone) runde kurze aufgebogene Krempe &nbsp;Assessors: Sch\u00f6ner breiter Bauchranzen (Bauernranzen) mit Federkiel bestickt (Spr\u00fcche oder Name und \/ oder Verziehrungen). Uhrkette mit M\u00fcnzen, roter oder schwarzer Schirm, Pfeife, Bschoadbinkerl aus rot-wei\u00dfem Tuch. &nbsp;Zusatz: Der Schirm mit ungeh\u00e4ngten Bschoadbinkerl wird abwechselnd rechts oder links \u00fcber der Schulter betragen. Die M\u00e4nnertracht sollte m\u00f6glichst einheitlich sein (au\u00dfer Ranzen)<\/p>\n","protected":false},"author":1,"featured_media":0,"parent":836,"menu_order":0,"comment_status":"closed","ping_status":"closed","template":"","meta":{"footnotes":""},"class_list":["post-1289","page","type-page","status-publish","hentry"],"_links":{"self":[{"href":"https:\/\/trachtler.at\/index.php?rest_route=\/wp\/v2\/pages\/1289","targetHints":{"allow":["GET"]}}],"collection":[{"href":"https:\/\/trachtler.at\/index.php?rest_route=\/wp\/v2\/pages"}],"about":[{"href":"https:\/\/trachtler.at\/index.php?rest_route=\/wp\/v2\/types\/page"}],"author":[{"embeddable":true,"href":"https:\/\/trachtler.at\/index.php?rest_route=\/wp\/v2\/users\/1"}],"replies":[{"embeddable":true,"href":"https:\/\/trachtler.at\/index.php?rest_route=%2Fwp%2Fv2%2Fcomments&post=1289"}],"version-history":[{"count":1,"href":"https:\/\/trachtler.at\/index.php?rest_route=\/wp\/v2\/pages\/1289\/revisions"}],"predecessor-version":[{"id":1291,"href":"https:\/\/trachtler.at\/index.php?rest_route=\/wp\/v2\/pages\/1289\/revisions\/1291"}],"up":[{"embeddable":true,"href":"https:\/\/trachtler.at\/index.php?rest_route=\/wp\/v2\/pages\/836"}],"wp:attachment":[{"href":"https:\/\/trachtler.at\/index.php?rest_route=%2Fwp%2Fv2%2Fmedia&parent=1289"}],"curies":[{"name":"wp","href":"https:\/\/api.w.org\/{rel}","templated":true}]}}