{"id":1286,"date":"2025-09-21T16:10:42","date_gmt":"2025-09-21T14:10:42","guid":{"rendered":"https:\/\/trachtler.at\/?page_id=1286"},"modified":"2025-09-21T16:20:03","modified_gmt":"2025-09-21T14:20:03","slug":"tracht-des-tanz-und-trachtenvereins-d-kerznstoana-bad-muehllacken-feldkirchen","status":"publish","type":"page","link":"https:\/\/trachtler.at\/?page_id=1286","title":{"rendered":"Tracht des Tanz- und Trachtenvereins D` Kerznstoana Bad M\u00fchllacken &#8211; Feldkirchen"},"content":{"rendered":"<div class=\"wp-block-image\">\n<figure class=\"aligncenter size-full\"><img loading=\"lazy\" decoding=\"async\" width=\"159\" height=\"252\" src=\"https:\/\/trachtler.at\/wp-content\/uploads\/2025\/09\/kerznstoana.jpg\" alt=\"\" class=\"wp-image-1287\"\/><\/figure>\n<\/div>\n\n\n<figure class=\"wp-block-table\"><table class=\"has-fixed-layout\"><tbody><tr><td><strong>&nbsp;Frauentracht<\/strong><\/td><\/tr><\/tbody><\/table><\/figure>\n\n\n\n<figure class=\"wp-block-table\"><table class=\"has-fixed-layout\"><tbody><tr><td>&nbsp;Schuhwerk:<\/td><td>Tanz- und Trachtenverein D` Kerznstoana Bad M\u00fchllacken &#8211; Feldkirchen<\/td><\/tr><tr><td>&nbsp;Str\u00fcmpfe:<\/td><td>wei\u00dfe Strukturbaumwollstrumpfhose mit ebensolchen Str\u00fcmpfen<\/td><\/tr><tr><td>&nbsp;Kittel:<\/td><td>Latz aus rotem Leinenstoff mit Silberborten verziert. R\u00fccken und Seitenteil aus schwarzem Wollstoff. R\u00fcckenn\u00e4hte, Halsausschnitt und vordere Einfassung mit blauen Samtb\u00e4ndern eingefasst.<\/td><\/tr><tr><td>&nbsp;Sch\u00fcrze:<\/td><td>ungemusterer blauer Mischgewebestoff (Seide)<\/td><\/tr><tr><td>&nbsp;Kopfbedeckung:<\/td><td>Ischler, tellerf\u00f6rmiger schwarzer Filztrachtenhut. Innenfutter und halbe Krempe aus rotem Leinenstoff.<\/td><\/tr><tr><td>&nbsp;Bluse:<\/td><td>wei\u00dfen Leinen, weite Puff\u00e4rmel und Stehkragen mit wei\u00df eingefasster Spitze<\/td><\/tr><tr><td>&nbsp;Jacke:<\/td><td>aus schwarzem Wollstoff, kariertes Futter, lange Puff\u00e4rmel. Spenser rundherum mit roten Leinenb\u00e4ndern eingefasst.<\/td><\/tr><tr><td>&nbsp;Umhang:<\/td><td>aus schwarzem Tuch. Stehkragen kariertes Futter<\/td><\/tr><tr><td>&nbsp;Zusatz:<\/td><td>Schirm gr\u00fcn &#8211; blau &#8211; rot kariert, wei\u00dfer Unterrock und Spitzenhose<\/td><\/tr><\/tbody><\/table><\/figure>\n\n\n\n<figure class=\"wp-block-table\"><table class=\"has-fixed-layout\"><tbody><tr><td><strong>&nbsp;Herrentracht<\/strong><\/td><\/tr><\/tbody><\/table><\/figure>\n\n\n\n<figure class=\"wp-block-table\"><table class=\"has-fixed-layout\"><tbody><tr><td>&nbsp;Schuhwerk:<\/td><td>schwarze Trachtenschuhe mit Schnalle zum Binden<\/td><\/tr><tr><td>&nbsp;Stutzen:<\/td><td>blaue Strukturbaumwollstutzen<\/td><\/tr><tr><td>&nbsp;Hose:<\/td><td>Kniebundhose aus schwarzem Lodenstoff<\/td><\/tr><tr><td>&nbsp;Hemd &amp; Binder:<\/td><td>wei\u00dfes Baumwollhemd; blaues in sich gemustertes Seidentuch<\/td><\/tr><tr><td>&nbsp;Weste:<\/td><td>Vorderteil aus rot &#8211; schwarzem Waffelstoff mit Silberkn\u00f6pfen zu verschliessen. R\u00fcckenteil aus Futterstoff.<\/td><\/tr><tr><td>&nbsp;Rock:<\/td><td>aus schwarzem Loden, gesamte Rockumrandung samt Taschen und \u00c4rmel mit gr\u00fcnen Lodenstoff eingefasst. Ziern\u00e4hte abgesteppt. Verschluss beiderseitige Trachtenkn\u00f6pfe &#8211; schwarzes Innenfutter<\/td><\/tr><tr><td>&nbsp;Kopfbedeckung:<\/td><td>Ischler, schwarzer Filztrachtenhut. Krempe gr\u00fcn eingefasst. Hut mit Kordel belegt<\/td><\/tr><\/tbody><\/table><\/figure>\n","protected":false},"excerpt":{"rendered":"<p>&nbsp;Frauentracht &nbsp;Schuhwerk: Tanz- und Trachtenverein D` Kerznstoana Bad M\u00fchllacken &#8211; Feldkirchen &nbsp;Str\u00fcmpfe: wei\u00dfe Strukturbaumwollstrumpfhose mit ebensolchen Str\u00fcmpfen &nbsp;Kittel: Latz aus rotem Leinenstoff mit Silberborten verziert. R\u00fccken und Seitenteil aus schwarzem Wollstoff. R\u00fcckenn\u00e4hte, Halsausschnitt und vordere Einfassung mit blauen Samtb\u00e4ndern eingefasst. &nbsp;Sch\u00fcrze: ungemusterer blauer Mischgewebestoff (Seide) &nbsp;Kopfbedeckung: Ischler, tellerf\u00f6rmiger schwarzer Filztrachtenhut. Innenfutter und halbe Krempe aus rotem Leinenstoff. &nbsp;Bluse: wei\u00dfen Leinen, weite Puff\u00e4rmel und Stehkragen mit wei\u00df eingefasster Spitze &nbsp;Jacke: aus schwarzem Wollstoff, kariertes Futter, lange Puff\u00e4rmel. Spenser rundherum mit roten Leinenb\u00e4ndern eingefasst. &nbsp;Umhang: aus schwarzem Tuch. Stehkragen kariertes Futter &nbsp;Zusatz: Schirm gr\u00fcn &#8211; blau &#8211; rot kariert, wei\u00dfer Unterrock und Spitzenhose &nbsp;Herrentracht &nbsp;Schuhwerk: schwarze Trachtenschuhe mit Schnalle zum Binden &nbsp;Stutzen: blaue Strukturbaumwollstutzen &nbsp;Hose: Kniebundhose aus schwarzem Lodenstoff &nbsp;Hemd &amp; Binder: wei\u00dfes Baumwollhemd; blaues in sich gemustertes Seidentuch &nbsp;Weste: Vorderteil aus rot &#8211; schwarzem Waffelstoff mit Silberkn\u00f6pfen zu verschliessen. R\u00fcckenteil aus Futterstoff. &nbsp;Rock: aus schwarzem Loden, gesamte Rockumrandung samt Taschen und \u00c4rmel mit gr\u00fcnen Lodenstoff eingefasst. Ziern\u00e4hte abgesteppt. Verschluss beiderseitige Trachtenkn\u00f6pfe &#8211; schwarzes Innenfutter &nbsp;Kopfbedeckung: Ischler, schwarzer Filztrachtenhut. Krempe gr\u00fcn eingefasst. Hut mit Kordel belegt<\/p>\n","protected":false},"author":1,"featured_media":0,"parent":836,"menu_order":0,"comment_status":"closed","ping_status":"closed","template":"","meta":{"footnotes":""},"class_list":["post-1286","page","type-page","status-publish","hentry"],"_links":{"self":[{"href":"https:\/\/trachtler.at\/index.php?rest_route=\/wp\/v2\/pages\/1286","targetHints":{"allow":["GET"]}}],"collection":[{"href":"https:\/\/trachtler.at\/index.php?rest_route=\/wp\/v2\/pages"}],"about":[{"href":"https:\/\/trachtler.at\/index.php?rest_route=\/wp\/v2\/types\/page"}],"author":[{"embeddable":true,"href":"https:\/\/trachtler.at\/index.php?rest_route=\/wp\/v2\/users\/1"}],"replies":[{"embeddable":true,"href":"https:\/\/trachtler.at\/index.php?rest_route=%2Fwp%2Fv2%2Fcomments&post=1286"}],"version-history":[{"count":1,"href":"https:\/\/trachtler.at\/index.php?rest_route=\/wp\/v2\/pages\/1286\/revisions"}],"predecessor-version":[{"id":1288,"href":"https:\/\/trachtler.at\/index.php?rest_route=\/wp\/v2\/pages\/1286\/revisions\/1288"}],"up":[{"embeddable":true,"href":"https:\/\/trachtler.at\/index.php?rest_route=\/wp\/v2\/pages\/836"}],"wp:attachment":[{"href":"https:\/\/trachtler.at\/index.php?rest_route=%2Fwp%2Fv2%2Fmedia&parent=1286"}],"curies":[{"name":"wp","href":"https:\/\/api.w.org\/{rel}","templated":true}]}}