{"id":1283,"date":"2025-09-21T16:10:06","date_gmt":"2025-09-21T14:10:06","guid":{"rendered":"https:\/\/trachtler.at\/?page_id=1283"},"modified":"2025-09-21T16:20:03","modified_gmt":"2025-09-21T14:20:03","slug":"tracht-der-stefan-fadinger-bauerngrupe-st-agatha","status":"publish","type":"page","link":"https:\/\/trachtler.at\/?page_id=1283","title":{"rendered":"Tracht der Stefan Fadinger Bauerngrupe St. Agatha"},"content":{"rendered":"<div class=\"wp-block-image\">\n<figure class=\"aligncenter size-full\"><img loading=\"lazy\" decoding=\"async\" width=\"358\" height=\"165\" src=\"https:\/\/trachtler.at\/wp-content\/uploads\/2025\/09\/agatha.jpg\" alt=\"\" class=\"wp-image-1284\" srcset=\"https:\/\/trachtler.at\/wp-content\/uploads\/2025\/09\/agatha.jpg 358w, https:\/\/trachtler.at\/wp-content\/uploads\/2025\/09\/agatha-300x138.jpg 300w\" sizes=\"auto, (max-width: 358px) 100vw, 358px\" \/><\/figure>\n<\/div>\n\n\n<figure class=\"wp-block-table\"><table class=\"has-fixed-layout\"><tbody><tr><td><strong>&nbsp;Frauentracht<\/strong><\/td><\/tr><\/tbody><\/table><\/figure>\n\n\n\n<figure class=\"wp-block-table\"><table class=\"has-fixed-layout\"><tbody><tr><td>&nbsp;Schuhwerk:<\/td><td>&nbsp;<\/td><\/tr><tr><td>&nbsp;Str\u00fcmpfe:<\/td><td>&nbsp;<\/td><\/tr><tr><td>&nbsp;Kittel:<\/td><td>&nbsp;<\/td><\/tr><tr><td>&nbsp;Sch\u00fcrze:<\/td><td>&nbsp;<\/td><\/tr><tr><td>&nbsp;Oberteil:<\/td><td>&nbsp;<\/td><\/tr><tr><td>&nbsp;Bluse:<\/td><td>&nbsp;<\/td><\/tr><tr><td>&nbsp;Tuch:<\/td><td>&nbsp;<\/td><\/tr><tr><td>&nbsp;Kopfbedeckung:<\/td><td>&nbsp;<\/td><\/tr><tr><td>&nbsp;Jacke:<\/td><td>&nbsp;<\/td><\/tr><tr><td>&nbsp;Zusatz:<\/td><td>&nbsp;<\/td><\/tr><\/tbody><\/table><\/figure>\n\n\n\n<figure class=\"wp-block-table\"><table class=\"has-fixed-layout\"><tbody><tr><td><strong>&nbsp;Herrentracht<\/strong><\/td><\/tr><\/tbody><\/table><\/figure>\n\n\n\n<figure class=\"wp-block-table\"><table class=\"has-fixed-layout\"><tbody><tr><td>&nbsp;Schuhwerk:<\/td><td>Lederstiefel oder Schuhe<\/td><\/tr><tr><td>&nbsp;Stutzen:<\/td><td>rote oder gr\u00fcne Wanderstutzen<\/td><\/tr><tr><td>&nbsp;Hose:<\/td><td>braune oder graue Hose (Pumphose)<\/td><\/tr><tr><td>&nbsp;Hemd:<\/td><td>wei\u00dfes Leinenhemd mit gro\u00dfen wei\u00dfen Spitzkragen&nbsp;<\/td><\/tr><tr><td>&nbsp;Rock:<\/td><td>gr\u00fcner oder brauner Historienrock<\/td><\/tr><tr><td>&nbsp;Kopfbedeckung:<\/td><td>so genannter &#8222;H\u00f6rzihut&#8220; = Herzogshut, auch &#8222;Jodlhut&#8220; genannt<\/td><\/tr><tr><td>&nbsp;Waffen:<\/td><td>Auff\u00e4llige Erg\u00e4nzung sind die originalgetreu nachgebildeten Waffen und Kampfger\u00e4te, sowie die \u00fcppigen B\u00e4rte einiger &#8222;Bauernkrieger&#8220;&nbsp;<\/td><\/tr><tr><td>&nbsp;Zusatz:<\/td><td>traditionelle Sonntagskleidung mit der die Bauern im Jahre 1626 in den Krieg zogen &#8211; nach Originalvorlagen des O\u00d6 Landesmuseums<\/td><\/tr><\/tbody><\/table><\/figure>\n","protected":false},"excerpt":{"rendered":"<p>&nbsp;Frauentracht &nbsp;Schuhwerk: &nbsp; &nbsp;Str\u00fcmpfe: &nbsp; &nbsp;Kittel: &nbsp; &nbsp;Sch\u00fcrze: &nbsp; &nbsp;Oberteil: &nbsp; &nbsp;Bluse: &nbsp; &nbsp;Tuch: &nbsp; &nbsp;Kopfbedeckung: &nbsp; &nbsp;Jacke: &nbsp; &nbsp;Zusatz: &nbsp; &nbsp;Herrentracht &nbsp;Schuhwerk: Lederstiefel oder Schuhe &nbsp;Stutzen: rote oder gr\u00fcne Wanderstutzen &nbsp;Hose: braune oder graue Hose (Pumphose) &nbsp;Hemd: wei\u00dfes Leinenhemd mit gro\u00dfen wei\u00dfen Spitzkragen&nbsp; &nbsp;Rock: gr\u00fcner oder brauner Historienrock &nbsp;Kopfbedeckung: so genannter &#8222;H\u00f6rzihut&#8220; = Herzogshut, auch &#8222;Jodlhut&#8220; genannt &nbsp;Waffen: Auff\u00e4llige Erg\u00e4nzung sind die originalgetreu nachgebildeten Waffen und Kampfger\u00e4te, sowie die \u00fcppigen B\u00e4rte einiger &#8222;Bauernkrieger&#8220;&nbsp; &nbsp;Zusatz: traditionelle Sonntagskleidung mit der die Bauern im Jahre 1626 in den Krieg zogen &#8211; nach Originalvorlagen des O\u00d6 Landesmuseums<\/p>\n","protected":false},"author":1,"featured_media":0,"parent":836,"menu_order":0,"comment_status":"closed","ping_status":"closed","template":"","meta":{"footnotes":""},"class_list":["post-1283","page","type-page","status-publish","hentry"],"_links":{"self":[{"href":"https:\/\/trachtler.at\/index.php?rest_route=\/wp\/v2\/pages\/1283","targetHints":{"allow":["GET"]}}],"collection":[{"href":"https:\/\/trachtler.at\/index.php?rest_route=\/wp\/v2\/pages"}],"about":[{"href":"https:\/\/trachtler.at\/index.php?rest_route=\/wp\/v2\/types\/page"}],"author":[{"embeddable":true,"href":"https:\/\/trachtler.at\/index.php?rest_route=\/wp\/v2\/users\/1"}],"replies":[{"embeddable":true,"href":"https:\/\/trachtler.at\/index.php?rest_route=%2Fwp%2Fv2%2Fcomments&post=1283"}],"version-history":[{"count":1,"href":"https:\/\/trachtler.at\/index.php?rest_route=\/wp\/v2\/pages\/1283\/revisions"}],"predecessor-version":[{"id":1285,"href":"https:\/\/trachtler.at\/index.php?rest_route=\/wp\/v2\/pages\/1283\/revisions\/1285"}],"up":[{"embeddable":true,"href":"https:\/\/trachtler.at\/index.php?rest_route=\/wp\/v2\/pages\/836"}],"wp:attachment":[{"href":"https:\/\/trachtler.at\/index.php?rest_route=%2Fwp%2Fv2%2Fmedia&parent=1283"}],"curies":[{"name":"wp","href":"https:\/\/api.w.org\/{rel}","templated":true}]}}