{"id":1280,"date":"2025-09-21T16:09:22","date_gmt":"2025-09-21T14:09:22","guid":{"rendered":"https:\/\/trachtler.at\/?page_id=1280"},"modified":"2025-09-21T16:20:03","modified_gmt":"2025-09-21T14:20:03","slug":"tracht-der-siebenbuerger-jugend-traun-nachbarschaft","status":"publish","type":"page","link":"https:\/\/trachtler.at\/?page_id=1280","title":{"rendered":"Tracht der Siebenb\u00fcrger Jugend Traun &#8211; Nachbarschaft"},"content":{"rendered":"<div class=\"wp-block-image\">\n<figure class=\"aligncenter size-full\"><img loading=\"lazy\" decoding=\"async\" width=\"175\" height=\"252\" src=\"https:\/\/trachtler.at\/wp-content\/uploads\/2025\/09\/siebenbuerger.jpg\" alt=\"\" class=\"wp-image-1281\"\/><\/figure>\n<\/div>\n\n\n<figure class=\"wp-block-table\"><table class=\"has-fixed-layout\"><tbody><tr><td><strong>&nbsp;Frauentracht<\/strong><\/td><\/tr><\/tbody><\/table><\/figure>\n\n\n\n<figure class=\"wp-block-table\"><table class=\"has-fixed-layout\"><tbody><tr><td>&nbsp;Schuhwerk:<\/td><td>schwarze, hohe Schn\u00fcrschuhe<\/td><\/tr><tr><td>&nbsp;Str\u00fcmpfe:<\/td><td>schwarze Zwirnstr\u00fcmpfe<\/td><\/tr><tr><td>&nbsp;Rock:<\/td><td>blauer Tuchrock, stark gereiht, unterer Teil mit breiten gebl\u00fcmten Seiden- oder Brokatb\u00e4nder<\/td><\/tr><tr><td>&nbsp;Sch\u00fcrze:<\/td><td>Die weite, wei\u00dfe Sch\u00fcrze in mehreren Querstreifen in Flachstickerei mit schwarzen Garn ausgeschm\u00fcckt, ist ein Meisterwerk der Handarbeit<\/td><\/tr><tr><td>&nbsp;Bluse:<\/td><td>hausgewebte Leinenbluse mit schwarzer Faltenstickerei am Halsausschnitt<\/td><\/tr><tr><td>&nbsp;Kopfbedeckung:<\/td><td>Borten mit schwarzen Samt tragen die M\u00e4dchen von der Konfirmation bis zur Hochzeit. Auf der R\u00fcckseite ist der Borten mit Hutnadeln &#8211; dem so genannten Herz &#8211; verziert<\/td><\/tr><tr><td>&nbsp;Leibchen:<\/td><td>gleichfarbiges ebenfalls mit Stickereinen und Spitzen reich verziert&nbsp;<\/td><\/tr><tr><td>&nbsp;Mantel:<\/td><td>Kirchenpelz mit \u00fcberaus reicher Verzierung mit Stickerei und Lederapplikationen, sowie bunte Seidenquasten. B\u00e4renfell s\u00e4umt den Mantel aus Schafsfell. Das zottige Haar des Felles ist innen, aussen das hell gegerbte Leder.&nbsp;<\/td><\/tr><\/tbody><\/table><\/figure>\n\n\n\n<figure class=\"wp-block-table\"><table class=\"has-fixed-layout\"><tbody><tr><td><strong>&nbsp;Herrentracht<\/strong><\/td><\/tr><\/tbody><\/table><\/figure>\n\n\n\n<figure class=\"wp-block-table\"><table class=\"has-fixed-layout\"><tbody><tr><td>&nbsp;Schuhwerk:<\/td><td>schwarzer, hoher Schaftstiefel<\/td><\/tr><tr><td>&nbsp;Stutzen:<\/td><td>handels\u00fcbliche Stutzen aus Wolle<\/td><\/tr><tr><td>&nbsp;Hose:<\/td><td>wei\u00dfe, hausgegerbte Leinwandhose<\/td><\/tr><tr><td>&nbsp;Hemd &amp; Binder:<\/td><td>ebenfalls aus Leinwand. Das M\u00e4nnerhemd hat einen mit Spitze besetzten umgeschlagenen Kragen und ist bei den Burschen am Halsausschnitt und an den \u00c4rmelr\u00e4ndern schwarz mit Flachstickerei bestickt. Es wird mit einem breiten in Lederarbeit verzierten G\u00fcrtel \u00fcber der Hose getragen. Dazu geh\u00f6rt ein mit Blumen besticktes dunkles Halstuch.<\/td><\/tr><tr><td>&nbsp;Mantel:<\/td><td>Pelzmantel &#8211; nicht so reich bestickt wir bei den Frauen &#8211; auch in dezenteren Farben gehalten<\/td><\/tr><tr><td>&nbsp;Kopfbedeckung:<\/td><td>schwarzer runder Hut mit breiter Krempf und buntem Band<\/td><\/tr><\/tbody><\/table><\/figure>\n","protected":false},"excerpt":{"rendered":"<p>&nbsp;Frauentracht &nbsp;Schuhwerk: schwarze, hohe Schn\u00fcrschuhe &nbsp;Str\u00fcmpfe: schwarze Zwirnstr\u00fcmpfe &nbsp;Rock: blauer Tuchrock, stark gereiht, unterer Teil mit breiten gebl\u00fcmten Seiden- oder Brokatb\u00e4nder &nbsp;Sch\u00fcrze: Die weite, wei\u00dfe Sch\u00fcrze in mehreren Querstreifen in Flachstickerei mit schwarzen Garn ausgeschm\u00fcckt, ist ein Meisterwerk der Handarbeit &nbsp;Bluse: hausgewebte Leinenbluse mit schwarzer Faltenstickerei am Halsausschnitt &nbsp;Kopfbedeckung: Borten mit schwarzen Samt tragen die M\u00e4dchen von der Konfirmation bis zur Hochzeit. Auf der R\u00fcckseite ist der Borten mit Hutnadeln &#8211; dem so genannten Herz &#8211; verziert &nbsp;Leibchen: gleichfarbiges ebenfalls mit Stickereinen und Spitzen reich verziert&nbsp; &nbsp;Mantel: Kirchenpelz mit \u00fcberaus reicher Verzierung mit Stickerei und Lederapplikationen, sowie bunte Seidenquasten. B\u00e4renfell s\u00e4umt den Mantel aus Schafsfell. Das zottige Haar des Felles ist innen, aussen das hell gegerbte Leder.&nbsp; &nbsp;Herrentracht &nbsp;Schuhwerk: schwarzer, hoher Schaftstiefel &nbsp;Stutzen: handels\u00fcbliche Stutzen aus Wolle &nbsp;Hose: wei\u00dfe, hausgegerbte Leinwandhose &nbsp;Hemd &amp; Binder: ebenfalls aus Leinwand. Das M\u00e4nnerhemd hat einen mit Spitze besetzten umgeschlagenen Kragen und ist bei den Burschen am Halsausschnitt und an den \u00c4rmelr\u00e4ndern schwarz mit Flachstickerei bestickt. Es wird mit einem breiten in Lederarbeit verzierten G\u00fcrtel \u00fcber der Hose getragen. Dazu geh\u00f6rt ein mit Blumen besticktes dunkles Halstuch. &nbsp;Mantel: Pelzmantel &#8211; nicht so reich bestickt wir bei den Frauen &#8211; auch in dezenteren Farben gehalten &nbsp;Kopfbedeckung: schwarzer runder Hut mit breiter Krempf und buntem Band<\/p>\n","protected":false},"author":1,"featured_media":0,"parent":836,"menu_order":0,"comment_status":"closed","ping_status":"closed","template":"","meta":{"footnotes":""},"class_list":["post-1280","page","type-page","status-publish","hentry"],"_links":{"self":[{"href":"https:\/\/trachtler.at\/index.php?rest_route=\/wp\/v2\/pages\/1280","targetHints":{"allow":["GET"]}}],"collection":[{"href":"https:\/\/trachtler.at\/index.php?rest_route=\/wp\/v2\/pages"}],"about":[{"href":"https:\/\/trachtler.at\/index.php?rest_route=\/wp\/v2\/types\/page"}],"author":[{"embeddable":true,"href":"https:\/\/trachtler.at\/index.php?rest_route=\/wp\/v2\/users\/1"}],"replies":[{"embeddable":true,"href":"https:\/\/trachtler.at\/index.php?rest_route=%2Fwp%2Fv2%2Fcomments&post=1280"}],"version-history":[{"count":1,"href":"https:\/\/trachtler.at\/index.php?rest_route=\/wp\/v2\/pages\/1280\/revisions"}],"predecessor-version":[{"id":1282,"href":"https:\/\/trachtler.at\/index.php?rest_route=\/wp\/v2\/pages\/1280\/revisions\/1282"}],"up":[{"embeddable":true,"href":"https:\/\/trachtler.at\/index.php?rest_route=\/wp\/v2\/pages\/836"}],"wp:attachment":[{"href":"https:\/\/trachtler.at\/index.php?rest_route=%2Fwp%2Fv2%2Fmedia&parent=1280"}],"curies":[{"name":"wp","href":"https:\/\/api.w.org\/{rel}","templated":true}]}}