{"id":1274,"date":"2025-09-21T16:08:07","date_gmt":"2025-09-21T14:08:07","guid":{"rendered":"https:\/\/trachtler.at\/?page_id=1274"},"modified":"2025-09-21T16:20:03","modified_gmt":"2025-09-21T14:20:03","slug":"tracht-des-muehlviertler-heimatvereins-rottenegg","status":"publish","type":"page","link":"https:\/\/trachtler.at\/?page_id=1274","title":{"rendered":"Tracht des M\u00fchlviertler Heimatvereins Rottenegg"},"content":{"rendered":"<div class=\"wp-block-image\">\n<figure class=\"aligncenter size-full\"><img loading=\"lazy\" decoding=\"async\" width=\"158\" height=\"252\" src=\"https:\/\/trachtler.at\/wp-content\/uploads\/2025\/09\/rottenegg_1.jpg\" alt=\"\" class=\"wp-image-1275\"\/><\/figure>\n<\/div>\n\n\n<figure class=\"wp-block-table\"><table class=\"has-fixed-layout\"><tbody><tr><td><strong>&nbsp;Frauentracht<\/strong><\/td><\/tr><\/tbody><\/table><\/figure>\n\n\n\n<figure class=\"wp-block-table\"><table class=\"has-fixed-layout\"><tbody><tr><td>&nbsp;Schuhwerk:<\/td><td>schwarze Damentrachtenschuhe<\/td><\/tr><tr><td>&nbsp;Str\u00fcmpfe:<\/td><td>wei\u00dfe Zwirnstr\u00fcmpfe<\/td><\/tr><tr><td>&nbsp;Kittel:<\/td><td>roter, in sich gemusterter Wollbrokat mit eckigem Ausschnitt vorne und V-Ausschnitt hinten, durchgehend mit ca. 4 cm breiten schwarzen gewebten Trachtenband eingefasst, vorne in der Mitte silberne runde Kn\u00f6pfe; glatter, ungemusterter schwarzer Wollstoff in Stehfalten gezogen, schmales rotes Kittelblech<\/td><\/tr><tr><td>&nbsp;Sch\u00fcrze:<\/td><td>gestreift gewebter Halbseidentaft mit den Farben silber, blau und rot<\/td><\/tr><tr><td>&nbsp;Bluse:<\/td><td>wei\u00dfe, kurz\u00e4rmelige Bluse, vorne eckiger Ausschnitt, hinten V-Ausschnitt, vorne sowie am Ende der \u00c4rmel gerafft, Puff\u00e4rmel<\/td><\/tr><tr><td>&nbsp;Tuch:<\/td><td>keines<\/td><\/tr><tr><td>&nbsp;Jacke:<\/td><td>aus schwarzer Loden mit einfacher Ausschnitt gezogen ohne \u00c4rmel<\/td><\/tr><tr><td>&nbsp;Zusatz:<\/td><td>wei\u00dfe, knielange Pumphose mit Spitzenabschluss, schwarzer Schirm mit R\u00fcschen<\/td><\/tr><\/tbody><\/table><\/figure>\n\n\n\n<figure class=\"wp-block-table\"><table class=\"has-fixed-layout\"><tbody><tr><td><strong>&nbsp;Herrentracht<\/strong><\/td><\/tr><\/tbody><\/table><\/figure>\n\n\n\n<figure class=\"wp-block-table\"><table class=\"has-fixed-layout\"><tbody><tr><td>&nbsp;Schuhwerk:<\/td><td>schwarze Ledertrachtenschuhe mit Silberschnalle<\/td><\/tr><tr><td>&nbsp;Stutzen:<\/td><td>naturfarbige Wollstutzen mit Zopfmuste<\/td><\/tr><tr><td>&nbsp;Hose:<\/td><td>dunkelbraune Wildlederkniebundhose mit Stickereien<\/td><\/tr><tr><td>&nbsp;Hemd &amp; Binder:<\/td><td>wei\u00dfe Trachtenpfoat; schwarzes Band mit den eingewebten Farben rot und gr\u00fcn<\/td><\/tr><tr><td>&nbsp;Rock:<\/td><td>weberblauer Loden mit schwarzem Stehkragen und schwarzen Taschenparoli &#8211; r\u00fcckw\u00e4rts zwei gelegte Falten<\/td><\/tr><tr><td>&nbsp;Spencer:<\/td><td>dunkelroter Samt mit gestickten Streublumen und&nbsp; schwarzen Futterr\u00fccken. Auf der Vorderseite 12 silberne Kugelkn\u00f6pfe&nbsp;<\/td><\/tr><tr><td>Kopfbedeckung:<\/td><td>schwarzer Hut mit grauen Band und roter Zierschnur<\/td><\/tr><\/tbody><\/table><\/figure>\n","protected":false},"excerpt":{"rendered":"<p>&nbsp;Frauentracht &nbsp;Schuhwerk: schwarze Damentrachtenschuhe &nbsp;Str\u00fcmpfe: wei\u00dfe Zwirnstr\u00fcmpfe &nbsp;Kittel: roter, in sich gemusterter Wollbrokat mit eckigem Ausschnitt vorne und V-Ausschnitt hinten, durchgehend mit ca. 4 cm breiten schwarzen gewebten Trachtenband eingefasst, vorne in der Mitte silberne runde Kn\u00f6pfe; glatter, ungemusterter schwarzer Wollstoff in Stehfalten gezogen, schmales rotes Kittelblech &nbsp;Sch\u00fcrze: gestreift gewebter Halbseidentaft mit den Farben silber, blau und rot &nbsp;Bluse: wei\u00dfe, kurz\u00e4rmelige Bluse, vorne eckiger Ausschnitt, hinten V-Ausschnitt, vorne sowie am Ende der \u00c4rmel gerafft, Puff\u00e4rmel &nbsp;Tuch: keines &nbsp;Jacke: aus schwarzer Loden mit einfacher Ausschnitt gezogen ohne \u00c4rmel &nbsp;Zusatz: wei\u00dfe, knielange Pumphose mit Spitzenabschluss, schwarzer Schirm mit R\u00fcschen &nbsp;Herrentracht &nbsp;Schuhwerk: schwarze Ledertrachtenschuhe mit Silberschnalle &nbsp;Stutzen: naturfarbige Wollstutzen mit Zopfmuste &nbsp;Hose: dunkelbraune Wildlederkniebundhose mit Stickereien &nbsp;Hemd &amp; Binder: wei\u00dfe Trachtenpfoat; schwarzes Band mit den eingewebten Farben rot und gr\u00fcn &nbsp;Rock: weberblauer Loden mit schwarzem Stehkragen und schwarzen Taschenparoli &#8211; r\u00fcckw\u00e4rts zwei gelegte Falten &nbsp;Spencer: dunkelroter Samt mit gestickten Streublumen und&nbsp; schwarzen Futterr\u00fccken. Auf der Vorderseite 12 silberne Kugelkn\u00f6pfe&nbsp; Kopfbedeckung: schwarzer Hut mit grauen Band und roter Zierschnur<\/p>\n","protected":false},"author":1,"featured_media":0,"parent":836,"menu_order":0,"comment_status":"closed","ping_status":"closed","template":"","meta":{"footnotes":""},"class_list":["post-1274","page","type-page","status-publish","hentry"],"_links":{"self":[{"href":"https:\/\/trachtler.at\/index.php?rest_route=\/wp\/v2\/pages\/1274","targetHints":{"allow":["GET"]}}],"collection":[{"href":"https:\/\/trachtler.at\/index.php?rest_route=\/wp\/v2\/pages"}],"about":[{"href":"https:\/\/trachtler.at\/index.php?rest_route=\/wp\/v2\/types\/page"}],"author":[{"embeddable":true,"href":"https:\/\/trachtler.at\/index.php?rest_route=\/wp\/v2\/users\/1"}],"replies":[{"embeddable":true,"href":"https:\/\/trachtler.at\/index.php?rest_route=%2Fwp%2Fv2%2Fcomments&post=1274"}],"version-history":[{"count":1,"href":"https:\/\/trachtler.at\/index.php?rest_route=\/wp\/v2\/pages\/1274\/revisions"}],"predecessor-version":[{"id":1276,"href":"https:\/\/trachtler.at\/index.php?rest_route=\/wp\/v2\/pages\/1274\/revisions\/1276"}],"up":[{"embeddable":true,"href":"https:\/\/trachtler.at\/index.php?rest_route=\/wp\/v2\/pages\/836"}],"wp:attachment":[{"href":"https:\/\/trachtler.at\/index.php?rest_route=%2Fwp%2Fv2%2Fmedia&parent=1274"}],"curies":[{"name":"wp","href":"https:\/\/api.w.org\/{rel}","templated":true}]}}