{"id":1270,"date":"2025-09-21T16:07:09","date_gmt":"2025-09-21T14:07:09","guid":{"rendered":"https:\/\/trachtler.at\/?page_id=1270"},"modified":"2025-09-21T16:20:03","modified_gmt":"2025-09-21T14:20:03","slug":"tracht-der-landsmannschaft-der-steirer-in-linz","status":"publish","type":"page","link":"https:\/\/trachtler.at\/?page_id=1270","title":{"rendered":"Tracht der Landsmannschaft der Steirer in Linz"},"content":{"rendered":"<div class=\"wp-block-image\">\n<figure class=\"aligncenter size-full\"><img loading=\"lazy\" decoding=\"async\" width=\"237\" height=\"252\" src=\"https:\/\/trachtler.at\/wp-content\/uploads\/2025\/09\/landsmannschaft_steirer.jpg\" alt=\"\" class=\"wp-image-1271\"\/><\/figure>\n<\/div>\n\n\n<figure class=\"wp-block-table\"><table class=\"has-fixed-layout\"><tbody><tr><td><strong>&nbsp;Frauentracht<\/strong><\/td><\/tr><\/tbody><\/table><\/figure>\n\n\n\n<figure class=\"wp-block-table\"><table class=\"has-fixed-layout\"><tbody><tr><td>&nbsp;Schuhwerk:<\/td><td>schwarze Damentrachtenhalbschuhe<\/td><\/tr><tr><td>&nbsp;Str\u00fcmpfe:<\/td><td>wei\u00dfe Str\u00fcmpfe oder Strumpfhose, bei Begr\u00e4bnissen dunkel<\/td><\/tr><tr><td>&nbsp;Kittel:<\/td><td>Baumwollbrokat, Ausschnitt mit R\u00fcsche (Rosmarien) in den drei (3) Farben Rot &#8211; Gr\u00fcn &#8211; Brau<\/td><\/tr><tr><td>&nbsp;Sch\u00fcrze:<\/td><td>aus Seide in der Farbe zum Leibkittel passend, zu Begr\u00e4bnissen in schwarz<\/td><\/tr><tr><td>&nbsp;Bluse:<\/td><td>wei\u00dfe Dirndlbluse<\/td><\/tr><tr><td>&nbsp;Jacke:<\/td><td>gleicher Stoff wie Leibkittel, \u00c4rmel am Oberarm gezogen und lang &#8211; Stehkragerl, mit Kn\u00f6pfe zum Schlie\u00dfen vorne<\/td><\/tr><tr><td>&nbsp;Tuch:<\/td><td>Seidentuch mit Fransen, passend zum Leibkittel<\/td><\/tr><tr><td>&nbsp;Kopfbedeckung:<\/td><td>schwarzer runder Hut mit gr\u00fcnen Band und runder Krempe (bei Schlechtwetter und im Winter)<\/td><\/tr><tr><td>&nbsp;Mantel:<\/td><td>Lodenumhang in grau mit gr\u00fcnen Stehkragen<\/td><\/tr><tr><td>&nbsp;Zusatz:<\/td><td>Zugbeutel (Pombardur) in schwarz oder selbe Farbe wie Leibkittel, einheitlicher Trachtenschirm<\/td><\/tr><\/tbody><\/table><\/figure>\n\n\n\n<figure class=\"wp-block-table\"><table class=\"has-fixed-layout\"><tbody><tr><td><strong>&nbsp;Herrentracht<\/strong><\/td><\/tr><\/tbody><\/table><\/figure>\n\n\n\n<figure class=\"wp-block-table\"><table class=\"has-fixed-layout\"><tbody><tr><td>&nbsp;Schuhwerk:<\/td><td>schwarze Halbschuhe<\/td><\/tr><tr><td>&nbsp;Stutzen:<\/td><td>dunkle Herrensocken<\/td><\/tr><tr><td>&nbsp;Hose:<\/td><td>typischer Hose des Steireranzug &#8211; mittel- bis dunkelgrau<\/td><\/tr><tr><td>&nbsp;Hemd &amp; Binder:<\/td><td>wei\u00dfes Trachtenhemd mit Binder in roter Farbe<\/td><\/tr><tr><td>&nbsp;Weste:<\/td><td>vorne gr\u00fcn mit Silberkn\u00f6pfen, r\u00fcckw\u00e4rts dunkel ohne \u00c4rmel mit Taschenuhr<\/td><\/tr><tr><td>&nbsp;Rock:<\/td><td>typischer Rock des Steireranzug &#8211; mittel- bis dunkelgrau<\/td><\/tr><tr><td>&nbsp;Kopfbedeckung:<\/td><td>schwarzer Filzhut mit Krempe und gr\u00fcnen Band<\/td><\/tr><tr><td>&nbsp;Mantel:<\/td><td>gr\u00fcner Loden\u00fcberrock bei schlechter Witterung und im Winter&nbsp;<\/td><\/tr><tr><td>&nbsp;Zusatz:<\/td><td>schwarzer Regenschirm&nbsp;<\/td><\/tr><\/tbody><\/table><\/figure>\n","protected":false},"excerpt":{"rendered":"<p>&nbsp;Frauentracht &nbsp;Schuhwerk: schwarze Damentrachtenhalbschuhe &nbsp;Str\u00fcmpfe: wei\u00dfe Str\u00fcmpfe oder Strumpfhose, bei Begr\u00e4bnissen dunkel &nbsp;Kittel: Baumwollbrokat, Ausschnitt mit R\u00fcsche (Rosmarien) in den drei (3) Farben Rot &#8211; Gr\u00fcn &#8211; Brau &nbsp;Sch\u00fcrze: aus Seide in der Farbe zum Leibkittel passend, zu Begr\u00e4bnissen in schwarz &nbsp;Bluse: wei\u00dfe Dirndlbluse &nbsp;Jacke: gleicher Stoff wie Leibkittel, \u00c4rmel am Oberarm gezogen und lang &#8211; Stehkragerl, mit Kn\u00f6pfe zum Schlie\u00dfen vorne &nbsp;Tuch: Seidentuch mit Fransen, passend zum Leibkittel &nbsp;Kopfbedeckung: schwarzer runder Hut mit gr\u00fcnen Band und runder Krempe (bei Schlechtwetter und im Winter) &nbsp;Mantel: Lodenumhang in grau mit gr\u00fcnen Stehkragen &nbsp;Zusatz: Zugbeutel (Pombardur) in schwarz oder selbe Farbe wie Leibkittel, einheitlicher Trachtenschirm &nbsp;Herrentracht &nbsp;Schuhwerk: schwarze Halbschuhe &nbsp;Stutzen: dunkle Herrensocken &nbsp;Hose: typischer Hose des Steireranzug &#8211; mittel- bis dunkelgrau &nbsp;Hemd &amp; Binder: wei\u00dfes Trachtenhemd mit Binder in roter Farbe &nbsp;Weste: vorne gr\u00fcn mit Silberkn\u00f6pfen, r\u00fcckw\u00e4rts dunkel ohne \u00c4rmel mit Taschenuhr &nbsp;Rock: typischer Rock des Steireranzug &#8211; mittel- bis dunkelgrau &nbsp;Kopfbedeckung: schwarzer Filzhut mit Krempe und gr\u00fcnen Band &nbsp;Mantel: gr\u00fcner Loden\u00fcberrock bei schlechter Witterung und im Winter&nbsp; &nbsp;Zusatz: schwarzer Regenschirm&nbsp;<\/p>\n","protected":false},"author":1,"featured_media":0,"parent":836,"menu_order":0,"comment_status":"closed","ping_status":"closed","template":"","meta":{"footnotes":""},"class_list":["post-1270","page","type-page","status-publish","hentry"],"_links":{"self":[{"href":"https:\/\/trachtler.at\/index.php?rest_route=\/wp\/v2\/pages\/1270","targetHints":{"allow":["GET"]}}],"collection":[{"href":"https:\/\/trachtler.at\/index.php?rest_route=\/wp\/v2\/pages"}],"about":[{"href":"https:\/\/trachtler.at\/index.php?rest_route=\/wp\/v2\/types\/page"}],"author":[{"embeddable":true,"href":"https:\/\/trachtler.at\/index.php?rest_route=\/wp\/v2\/users\/1"}],"replies":[{"embeddable":true,"href":"https:\/\/trachtler.at\/index.php?rest_route=%2Fwp%2Fv2%2Fcomments&post=1270"}],"version-history":[{"count":2,"href":"https:\/\/trachtler.at\/index.php?rest_route=\/wp\/v2\/pages\/1270\/revisions"}],"predecessor-version":[{"id":1273,"href":"https:\/\/trachtler.at\/index.php?rest_route=\/wp\/v2\/pages\/1270\/revisions\/1273"}],"up":[{"embeddable":true,"href":"https:\/\/trachtler.at\/index.php?rest_route=\/wp\/v2\/pages\/836"}],"wp:attachment":[{"href":"https:\/\/trachtler.at\/index.php?rest_route=%2Fwp%2Fv2%2Fmedia&parent=1270"}],"curies":[{"name":"wp","href":"https:\/\/api.w.org\/{rel}","templated":true}]}}