{"id":1261,"date":"2025-09-21T16:04:32","date_gmt":"2025-09-21T14:04:32","guid":{"rendered":"https:\/\/trachtler.at\/?page_id=1261"},"modified":"2025-11-22T10:20:59","modified_gmt":"2025-11-22T09:20:59","slug":"tracht-des-heimat-und-trachtenvereins-traun","status":"publish","type":"page","link":"https:\/\/trachtler.at\/?page_id=1261","title":{"rendered":"Tracht des Heimat- und Trachtenvereins Traun"},"content":{"rendered":"<div class=\"wp-block-image\">\n<figure class=\"aligncenter size-full\"><img loading=\"lazy\" decoding=\"async\" width=\"172\" height=\"243\" src=\"https:\/\/trachtler.at\/wp-content\/uploads\/2025\/09\/traun.jpg\" alt=\"\" class=\"wp-image-1262\"\/><\/figure>\n<\/div>\n\n\n<figure class=\"wp-block-table\"><table class=\"has-fixed-layout\"><tbody><tr><td><strong>&nbsp;Frauentracht<\/strong><\/td><\/tr><\/tbody><\/table><\/figure>\n\n\n\n<figure class=\"wp-block-table\"><table class=\"has-fixed-layout\"><tbody><tr><td>&nbsp;Schuhwerk:<\/td><td>schwarze glatte Lederschuhe<\/td><\/tr><tr><td>&nbsp;Str\u00fcmpfe:<\/td><td>wei\u00dfe Str\u00fcmpfe (Strumpfhose)<\/td><\/tr><tr><td>&nbsp;Kittel und Oberteil:<\/td><td>aus gr\u00fcnem Wollbrokat, halbkugelige Silberkn\u00f6pfe sehr dicht aneinander. Hals- und Armausschnitt mit dunkelgr\u00fcnem Samt eingefa\u00dft, begleitende Pasamenterieborte um den Halsausschnitt. Die R\u00fcckenrundn\u00e4hte gepaspelt, kurz angesetztes Sch\u00f6\u00dfchen mit Schneppe in der r\u00fcckw\u00e4rtigen Mitte.<\/td><\/tr><tr><td>&nbsp;Sch\u00fcrze:<\/td><td>weinrot, gemusterter Seidenbrokat in Streifen oder Streumuster mit nur ein (1) cm breitem Bund.<\/td><\/tr><tr><td>&nbsp;Bluse:<\/td><td>aus wei\u00dfem Leinen hochgeschlossen, Schiebe\u00e4rmel, Spitzen am Halsausschnitt und \u00c4rmel.<\/td><\/tr><tr><td>&nbsp;Tuch:<\/td><td>weinrotes in sich gemustertes Seidentuch<\/td><\/tr><tr><td>&nbsp;Zusatz:<\/td><td>schwarzer Trachtenbeutel<\/td><\/tr><\/tbody><\/table><\/figure>\n\n\n\n<figure class=\"wp-block-table\"><table class=\"has-fixed-layout\"><tbody><tr><td><strong>&nbsp;Herrentracht<\/strong><\/td><\/tr><\/tbody><\/table><\/figure>\n\n\n\n<figure class=\"wp-block-table\"><table class=\"has-fixed-layout\"><tbody><tr><td>&nbsp;Schuhwerk:<\/td><td>schwarze Lederhalbschuhe mit Spangenverzierung<\/td><\/tr><tr><td>&nbsp;Stutzen:<\/td><td>wei\u00dfe Stutzen mit verschiedenen Zopfmustern<\/td><\/tr><tr><td>&nbsp;Hose:<\/td><td>aus schwarzem Wildlederimitat (Teufelshaut) oder auch echte Lederhose &#8211; wei\u00df ausgen\u00e4ht &#8211; Kniebund oder kurz<\/td><\/tr><tr><td>&nbsp;Hemd &amp; Binder:<\/td><td>wei\u00dfes Leinenhemd mit Kragen (Pfoad) mit schmalen gewebten Wollband, farblich zu Rock und Weste passend<\/td><\/tr><tr><td>&nbsp;Weste:<\/td><td>weinroter Seidenbrokat mit eingewebten schwarz-rosa Bl\u00fcmchenmuster, sieben (7) Silberkn\u00f6pfe&nbsp;<\/td><\/tr><tr><td>&nbsp;Rock:<\/td><td>aus dunkelbraunem Loden mit schwarzem Stehkragen und gr\u00fcner Zierstickerei. Reverskragen, beidseitig drei Knopfl\u00f6cher mit Silberverschlu\u00df. R\u00fccken mit zwei aufspringenden Falten<\/td><\/tr><tr><td>&nbsp;Kopfbedeckung:<\/td><td>schwarzer runder, halbhoher Filzhut mit braunem Band, dreifach umschlungen &#8211; Hirschbartradl<\/td><\/tr><\/tbody><\/table><\/figure>\n","protected":false},"excerpt":{"rendered":"<p>&nbsp;Frauentracht &nbsp;Schuhwerk: schwarze glatte Lederschuhe &nbsp;Str\u00fcmpfe: wei\u00dfe Str\u00fcmpfe (Strumpfhose) &nbsp;Kittel und Oberteil: aus gr\u00fcnem Wollbrokat, halbkugelige Silberkn\u00f6pfe sehr dicht aneinander. Hals- und Armausschnitt mit dunkelgr\u00fcnem Samt eingefa\u00dft, begleitende Pasamenterieborte um den Halsausschnitt. Die R\u00fcckenrundn\u00e4hte gepaspelt, kurz angesetztes Sch\u00f6\u00dfchen mit Schneppe in der r\u00fcckw\u00e4rtigen Mitte. &nbsp;Sch\u00fcrze: weinrot, gemusterter Seidenbrokat in Streifen oder Streumuster mit nur ein (1) cm breitem Bund. &nbsp;Bluse: aus wei\u00dfem Leinen hochgeschlossen, Schiebe\u00e4rmel, Spitzen am Halsausschnitt und \u00c4rmel. &nbsp;Tuch: weinrotes in sich gemustertes Seidentuch &nbsp;Zusatz: schwarzer Trachtenbeutel &nbsp;Herrentracht &nbsp;Schuhwerk: schwarze Lederhalbschuhe mit Spangenverzierung &nbsp;Stutzen: wei\u00dfe Stutzen mit verschiedenen Zopfmustern &nbsp;Hose: aus schwarzem Wildlederimitat (Teufelshaut) oder auch echte Lederhose &#8211; wei\u00df ausgen\u00e4ht &#8211; Kniebund oder kurz &nbsp;Hemd &amp; Binder: wei\u00dfes Leinenhemd mit Kragen (Pfoad) mit schmalen gewebten Wollband, farblich zu Rock und Weste passend &nbsp;Weste: weinroter Seidenbrokat mit eingewebten schwarz-rosa Bl\u00fcmchenmuster, sieben (7) Silberkn\u00f6pfe&nbsp; &nbsp;Rock: aus dunkelbraunem Loden mit schwarzem Stehkragen und gr\u00fcner Zierstickerei. Reverskragen, beidseitig drei Knopfl\u00f6cher mit Silberverschlu\u00df. R\u00fccken mit zwei aufspringenden Falten &nbsp;Kopfbedeckung: schwarzer runder, halbhoher Filzhut mit braunem Band, dreifach umschlungen &#8211; Hirschbartradl<\/p>\n","protected":false},"author":1,"featured_media":0,"parent":836,"menu_order":0,"comment_status":"closed","ping_status":"closed","template":"","meta":{"footnotes":""},"class_list":["post-1261","page","type-page","status-publish","hentry"],"_links":{"self":[{"href":"https:\/\/trachtler.at\/index.php?rest_route=\/wp\/v2\/pages\/1261","targetHints":{"allow":["GET"]}}],"collection":[{"href":"https:\/\/trachtler.at\/index.php?rest_route=\/wp\/v2\/pages"}],"about":[{"href":"https:\/\/trachtler.at\/index.php?rest_route=\/wp\/v2\/types\/page"}],"author":[{"embeddable":true,"href":"https:\/\/trachtler.at\/index.php?rest_route=\/wp\/v2\/users\/1"}],"replies":[{"embeddable":true,"href":"https:\/\/trachtler.at\/index.php?rest_route=%2Fwp%2Fv2%2Fcomments&post=1261"}],"version-history":[{"count":1,"href":"https:\/\/trachtler.at\/index.php?rest_route=\/wp\/v2\/pages\/1261\/revisions"}],"predecessor-version":[{"id":1263,"href":"https:\/\/trachtler.at\/index.php?rest_route=\/wp\/v2\/pages\/1261\/revisions\/1263"}],"up":[{"embeddable":true,"href":"https:\/\/trachtler.at\/index.php?rest_route=\/wp\/v2\/pages\/836"}],"wp:attachment":[{"href":"https:\/\/trachtler.at\/index.php?rest_route=%2Fwp%2Fv2%2Fmedia&parent=1261"}],"curies":[{"name":"wp","href":"https:\/\/api.w.org\/{rel}","templated":true}]}}