{"id":1258,"date":"2025-09-21T16:03:32","date_gmt":"2025-09-21T14:03:32","guid":{"rendered":"https:\/\/trachtler.at\/?page_id=1258"},"modified":"2025-09-21T16:20:03","modified_gmt":"2025-09-21T14:20:03","slug":"tracht-des-heimat-und-trachtenvereins-neukirchen-am-walde","status":"publish","type":"page","link":"https:\/\/trachtler.at\/?page_id=1258","title":{"rendered":"Tracht des Heimat- und Trachtenvereins Neukirchen am Walde"},"content":{"rendered":"\n<figure class=\"wp-block-image size-large\"><img loading=\"lazy\" decoding=\"async\" width=\"599\" height=\"1024\" src=\"https:\/\/trachtler.at\/wp-content\/uploads\/2025\/09\/Norbert-Elisabeth-002-Tracht-599x1024.jpg\" alt=\"\" class=\"wp-image-1259\" srcset=\"https:\/\/trachtler.at\/wp-content\/uploads\/2025\/09\/Norbert-Elisabeth-002-Tracht-599x1024.jpg 599w, https:\/\/trachtler.at\/wp-content\/uploads\/2025\/09\/Norbert-Elisabeth-002-Tracht-176x300.jpg 176w, https:\/\/trachtler.at\/wp-content\/uploads\/2025\/09\/Norbert-Elisabeth-002-Tracht-768x1313.jpg 768w, https:\/\/trachtler.at\/wp-content\/uploads\/2025\/09\/Norbert-Elisabeth-002-Tracht-899x1536.jpg 899w, https:\/\/trachtler.at\/wp-content\/uploads\/2025\/09\/Norbert-Elisabeth-002-Tracht-1198x2048.jpg 1198w, https:\/\/trachtler.at\/wp-content\/uploads\/2025\/09\/Norbert-Elisabeth-002-Tracht-1140x1949.jpg 1140w, https:\/\/trachtler.at\/wp-content\/uploads\/2025\/09\/Norbert-Elisabeth-002-Tracht-scaled.jpg 1498w\" sizes=\"auto, (max-width: 599px) 100vw, 599px\" \/><\/figure>\n\n\n\n<figure class=\"wp-block-table\"><table class=\"has-fixed-layout\"><tbody><tr><td><strong>&nbsp;Frauentracht<\/strong><\/td><\/tr><\/tbody><\/table><\/figure>\n\n\n\n<figure class=\"wp-block-table\"><table class=\"has-fixed-layout\"><tbody><tr><td>&nbsp;<\/td><td>&nbsp;<\/td><\/tr><tr><td>&nbsp;Schuhwerk:<\/td><td>schwarze Trachtenhalbschuhe mit Trachtenspange<\/td><\/tr><tr><td>&nbsp;Str\u00fcmpfe:<\/td><td>wei\u00dfe Baumwollstr\u00fcmpfe mit einfachem Zwickel<\/td><\/tr><tr><td>&nbsp;Kittel:<\/td><td>Dunkelrote Seide in sich gemustert, Vorderteil ist ein schwarzer Latz aus Seide der in 1,5 cm breite Falten gelegt, und auf der rechten Seite mit einem Zipp geschlossen ist. R\u00fcckenteil in der Mitte durchgeschnitten gleicher Stoff wie beim Latz. &nbsp;Eine schmale silberne Borte verl\u00e4uft entlang der R\u00fcckenmitte sowie entlang des Latzes. Der Rock ist ein schwarzer ungemusterter Wollstoff der in der Taille gezogen ist.<\/td><\/tr><tr><td>&nbsp;Sch\u00fcrze:<\/td><td>olivgr\u00fcne Seide mit hellgr\u00fcnem, gedrucktem Muster, Sch\u00fcrzenbund ist gezogen<\/td><\/tr><tr><td>&nbsp;Bluse:<\/td><td>kurze wei\u00dfe Baumwollbluse, Puff\u00e4rmel bis zum Ellbogen, runder Ausschnitt mit Spitzen<\/td><\/tr><tr><td>&nbsp;Tuch:<\/td><td>dunkelgraues Tuch mit 8 cm langen Ausfransungen<\/td><\/tr><tr><td>&nbsp;Spenser<\/td><td>aus schwarzem Leinen, hoch geschlossen, mit langen \u00c4rmel und Trachtenkn\u00f6pfen. \u00c4rmel am Oberarm eingezogen<\/td><\/tr><tr><td>Unterrock:<\/td><td>wei\u00df, aus reiner Baumwolle mit Spitzen<\/td><\/tr><tr><td>Mantel:<\/td><td>Cape (\u00e4rmelloser, weit geschnittener Umhand) aus rotem Loden<\/td><\/tr><tr><td>Beiwerk:<\/td><td>roter Regenschirm<\/td><\/tr><\/tbody><\/table><\/figure>\n\n\n\n<figure class=\"wp-block-table\"><table class=\"has-fixed-layout\"><tbody><tr><td><strong>&nbsp;Herrentracht<\/strong><\/td><\/tr><\/tbody><\/table><\/figure>\n\n\n\n<figure class=\"wp-block-table\"><table class=\"has-fixed-layout\"><tbody><tr><td>&nbsp;<\/td><td>&nbsp;<\/td><\/tr><tr><td>&nbsp;Schuhwerk:<\/td><td>schwarze Herrentrachtenhalbschuhe mit Silberschnalle<\/td><\/tr><tr><td>&nbsp;Stutzen:<\/td><td>beige Baumwolltrachtenstutzen mit Zopfmuster<\/td><\/tr><tr><td>&nbsp;Hose:<\/td><td>schwarz gestickte Teufelshaut Pumphose mit gestickten Hosentr\u00e4gern und eingestickten Initialen auf der rechten Seite der Hose<\/td><\/tr><tr><td>&nbsp;Hemd &amp; Binder:<\/td><td>wei\u00dfes Baumwollhemd; olivgr\u00fcnes Seidentuch mit Muster und Metallspange<\/td><\/tr><tr><td>&nbsp;Rock:<\/td><td>olivgr\u00fcner Loden mit schwarz passpolierten Taschen und schwarzen Stehkragen und Trachtenkn\u00f6pfen. Innen gr\u00fcnes Seidenfutter. Am R\u00fccken kleiner schwarzer Dragoner<\/td><\/tr><tr><td>&nbsp;Weste:<\/td><td>weinrote gemusterte Samtseide mit Trachtenkn\u00f6pfen. R\u00fcckenteil aus weinrotem Seidenfutter<\/td><\/tr><tr><td>&nbsp;Kopfbedeckung:<\/td><td>schwarzer Lodenhut mit dunkelgr\u00fcnen B\u00e4ndern und mit Saubart<\/td><\/tr><tr><td>Assessors:<\/td><td>Trachtenmantel anthrazit (Lodenmantel)<\/td><\/tr><\/tbody><\/table><\/figure>\n","protected":false},"excerpt":{"rendered":"<p>&nbsp;Frauentracht &nbsp; &nbsp; &nbsp;Schuhwerk: schwarze Trachtenhalbschuhe mit Trachtenspange &nbsp;Str\u00fcmpfe: wei\u00dfe Baumwollstr\u00fcmpfe mit einfachem Zwickel &nbsp;Kittel: Dunkelrote Seide in sich gemustert, Vorderteil ist ein schwarzer Latz aus Seide der in 1,5 cm breite Falten gelegt, und auf der rechten Seite mit einem Zipp geschlossen ist. R\u00fcckenteil in der Mitte durchgeschnitten gleicher Stoff wie beim Latz. &nbsp;Eine schmale silberne Borte verl\u00e4uft entlang der R\u00fcckenmitte sowie entlang des Latzes. Der Rock ist ein schwarzer ungemusterter Wollstoff der in der Taille gezogen ist. &nbsp;Sch\u00fcrze: olivgr\u00fcne Seide mit hellgr\u00fcnem, gedrucktem Muster, Sch\u00fcrzenbund ist gezogen &nbsp;Bluse: kurze wei\u00dfe Baumwollbluse, Puff\u00e4rmel bis zum Ellbogen, runder Ausschnitt mit Spitzen &nbsp;Tuch: dunkelgraues Tuch mit 8 cm langen Ausfransungen &nbsp;Spenser aus schwarzem Leinen, hoch geschlossen, mit langen \u00c4rmel und Trachtenkn\u00f6pfen. \u00c4rmel am Oberarm eingezogen Unterrock: wei\u00df, aus reiner Baumwolle mit Spitzen Mantel: Cape (\u00e4rmelloser, weit geschnittener Umhand) aus rotem Loden Beiwerk: roter Regenschirm &nbsp;Herrentracht &nbsp; &nbsp; &nbsp;Schuhwerk: schwarze Herrentrachtenhalbschuhe mit Silberschnalle &nbsp;Stutzen: beige Baumwolltrachtenstutzen mit Zopfmuster &nbsp;Hose: schwarz gestickte Teufelshaut Pumphose mit gestickten Hosentr\u00e4gern und eingestickten Initialen auf der rechten Seite der Hose &nbsp;Hemd &amp; Binder: wei\u00dfes Baumwollhemd; olivgr\u00fcnes Seidentuch mit Muster und Metallspange &nbsp;Rock: olivgr\u00fcner Loden mit schwarz passpolierten Taschen und schwarzen Stehkragen und Trachtenkn\u00f6pfen. Innen gr\u00fcnes Seidenfutter. Am R\u00fccken kleiner schwarzer Dragoner &nbsp;Weste: weinrote gemusterte Samtseide mit Trachtenkn\u00f6pfen. R\u00fcckenteil aus weinrotem Seidenfutter &nbsp;Kopfbedeckung: schwarzer Lodenhut mit dunkelgr\u00fcnen B\u00e4ndern und mit Saubart Assessors: Trachtenmantel anthrazit (Lodenmantel)<\/p>\n","protected":false},"author":1,"featured_media":0,"parent":836,"menu_order":0,"comment_status":"closed","ping_status":"closed","template":"","meta":{"footnotes":""},"class_list":["post-1258","page","type-page","status-publish","hentry"],"_links":{"self":[{"href":"https:\/\/trachtler.at\/index.php?rest_route=\/wp\/v2\/pages\/1258","targetHints":{"allow":["GET"]}}],"collection":[{"href":"https:\/\/trachtler.at\/index.php?rest_route=\/wp\/v2\/pages"}],"about":[{"href":"https:\/\/trachtler.at\/index.php?rest_route=\/wp\/v2\/types\/page"}],"author":[{"embeddable":true,"href":"https:\/\/trachtler.at\/index.php?rest_route=\/wp\/v2\/users\/1"}],"replies":[{"embeddable":true,"href":"https:\/\/trachtler.at\/index.php?rest_route=%2Fwp%2Fv2%2Fcomments&post=1258"}],"version-history":[{"count":1,"href":"https:\/\/trachtler.at\/index.php?rest_route=\/wp\/v2\/pages\/1258\/revisions"}],"predecessor-version":[{"id":1260,"href":"https:\/\/trachtler.at\/index.php?rest_route=\/wp\/v2\/pages\/1258\/revisions\/1260"}],"up":[{"embeddable":true,"href":"https:\/\/trachtler.at\/index.php?rest_route=\/wp\/v2\/pages\/836"}],"wp:attachment":[{"href":"https:\/\/trachtler.at\/index.php?rest_route=%2Fwp%2Fv2%2Fmedia&parent=1258"}],"curies":[{"name":"wp","href":"https:\/\/api.w.org\/{rel}","templated":true}]}}