{"id":1255,"date":"2025-09-21T16:02:41","date_gmt":"2025-09-21T14:02:41","guid":{"rendered":"https:\/\/trachtler.at\/?page_id=1255"},"modified":"2025-09-21T16:20:03","modified_gmt":"2025-09-21T14:20:03","slug":"tracht-des-heimat-und-trachtenvereins-kleinreifing","status":"publish","type":"page","link":"https:\/\/trachtler.at\/?page_id=1255","title":{"rendered":"Tracht des Heimat- und Trachtenvereins Kleinreifing"},"content":{"rendered":"<div class=\"wp-block-image\">\n<figure class=\"aligncenter size-full\"><img loading=\"lazy\" decoding=\"async\" width=\"391\" height=\"173\" src=\"https:\/\/trachtler.at\/wp-content\/uploads\/2025\/09\/kleinreifling.jpg\" alt=\"\" class=\"wp-image-1256\" srcset=\"https:\/\/trachtler.at\/wp-content\/uploads\/2025\/09\/kleinreifling.jpg 391w, https:\/\/trachtler.at\/wp-content\/uploads\/2025\/09\/kleinreifling-300x133.jpg 300w\" sizes=\"auto, (max-width: 391px) 100vw, 391px\" \/><\/figure>\n<\/div>\n\n\n<figure class=\"wp-block-table\"><table class=\"has-fixed-layout\"><tbody><tr><td><strong>&nbsp;Frauentracht<\/strong><\/td><\/tr><\/tbody><\/table><\/figure>\n\n\n\n<figure class=\"wp-block-table\"><table class=\"has-fixed-layout\"><tbody><tr><td>&nbsp;Schuhwerk:<\/td><td>schwarze Trachtenschuhe<\/td><\/tr><tr><td>&nbsp;Str\u00fcmpfe:<\/td><td>wei\u00dfe, gemusterte Garnstutzen<\/td><\/tr><tr><td>&nbsp;Kittel:<\/td><td>schwarzes Leib aus Wollstoff mit eckigem Brustausschnitt und Silberkn\u00f6pfen. Kittel aus weinrotem Wollstoff und schwarzem Kittelblech<\/td><\/tr><tr><td>&nbsp;Sch\u00fcrze:<\/td><td>ungemusterter blauer Baumwollstoff &#8211; dunkel gehalte<\/td><\/tr><tr><td>&nbsp;Bluse:<\/td><td>wei\u00dfe Rundhalsbluse mit Spitzen und Puff\u00e4rmel<\/td><\/tr><tr><td>&nbsp;Tuch:<\/td><td>blau gemustertes Seidentuch mit kurzen Fransen<\/td><\/tr><tr><td>&nbsp;Jacke:<\/td><td>schwarze Trachtenwesten<\/td><\/tr><\/tbody><\/table><\/figure>\n\n\n\n<figure class=\"wp-block-table\"><table class=\"has-fixed-layout\"><tbody><tr><td><strong>&nbsp;Herrentracht<\/strong><\/td><\/tr><\/tbody><\/table><\/figure>\n\n\n\n<figure class=\"wp-block-table\"><table class=\"has-fixed-layout\"><tbody><tr><td>&nbsp;Schuhwerk:<\/td><td>schwarze Trachtenhalbschuhe<\/td><\/tr><tr><td>&nbsp;Stutzen:<\/td><td>gr\u00fcne Stutzen mit Zopfmuster<\/td><\/tr><tr><td>&nbsp;Hose:<\/td><td>schwarze Wildlederhose<\/td><\/tr><tr><td>&nbsp;Hemd &amp; Binder:<\/td><td>wei\u00dfen Leinenhemd; rot gemustertes Seidentuch mit silbernen Rind<\/td><\/tr><tr><td>&nbsp;Rock:<\/td><td>aus grauem Loden mit Stehkragen. Revers aus gr\u00fcnem Tuch<\/td><\/tr><\/tbody><\/table><\/figure>\n\n\n\n<p><\/p>\n","protected":false},"excerpt":{"rendered":"<p>&nbsp;Frauentracht &nbsp;Schuhwerk: schwarze Trachtenschuhe &nbsp;Str\u00fcmpfe: wei\u00dfe, gemusterte Garnstutzen &nbsp;Kittel: schwarzes Leib aus Wollstoff mit eckigem Brustausschnitt und Silberkn\u00f6pfen. Kittel aus weinrotem Wollstoff und schwarzem Kittelblech &nbsp;Sch\u00fcrze: ungemusterter blauer Baumwollstoff &#8211; dunkel gehalte &nbsp;Bluse: wei\u00dfe Rundhalsbluse mit Spitzen und Puff\u00e4rmel &nbsp;Tuch: blau gemustertes Seidentuch mit kurzen Fransen &nbsp;Jacke: schwarze Trachtenwesten &nbsp;Herrentracht &nbsp;Schuhwerk: schwarze Trachtenhalbschuhe &nbsp;Stutzen: gr\u00fcne Stutzen mit Zopfmuster &nbsp;Hose: schwarze Wildlederhose &nbsp;Hemd &amp; Binder: wei\u00dfen Leinenhemd; rot gemustertes Seidentuch mit silbernen Rind &nbsp;Rock: aus grauem Loden mit Stehkragen. Revers aus gr\u00fcnem Tuch<\/p>\n","protected":false},"author":1,"featured_media":0,"parent":836,"menu_order":0,"comment_status":"closed","ping_status":"closed","template":"","meta":{"footnotes":""},"class_list":["post-1255","page","type-page","status-publish","hentry"],"_links":{"self":[{"href":"https:\/\/trachtler.at\/index.php?rest_route=\/wp\/v2\/pages\/1255","targetHints":{"allow":["GET"]}}],"collection":[{"href":"https:\/\/trachtler.at\/index.php?rest_route=\/wp\/v2\/pages"}],"about":[{"href":"https:\/\/trachtler.at\/index.php?rest_route=\/wp\/v2\/types\/page"}],"author":[{"embeddable":true,"href":"https:\/\/trachtler.at\/index.php?rest_route=\/wp\/v2\/users\/1"}],"replies":[{"embeddable":true,"href":"https:\/\/trachtler.at\/index.php?rest_route=%2Fwp%2Fv2%2Fcomments&post=1255"}],"version-history":[{"count":1,"href":"https:\/\/trachtler.at\/index.php?rest_route=\/wp\/v2\/pages\/1255\/revisions"}],"predecessor-version":[{"id":1257,"href":"https:\/\/trachtler.at\/index.php?rest_route=\/wp\/v2\/pages\/1255\/revisions\/1257"}],"up":[{"embeddable":true,"href":"https:\/\/trachtler.at\/index.php?rest_route=\/wp\/v2\/pages\/836"}],"wp:attachment":[{"href":"https:\/\/trachtler.at\/index.php?rest_route=%2Fwp%2Fv2%2Fmedia&parent=1255"}],"curies":[{"name":"wp","href":"https:\/\/api.w.org\/{rel}","templated":true}]}}