{"id":1252,"date":"2025-09-21T16:01:37","date_gmt":"2025-09-21T14:01:37","guid":{"rendered":"https:\/\/trachtler.at\/?page_id=1252"},"modified":"2025-09-21T16:20:03","modified_gmt":"2025-09-21T14:20:03","slug":"tracht-des-heimat-un-trachtenvereins-ebelsberg","status":"publish","type":"page","link":"https:\/\/trachtler.at\/?page_id=1252","title":{"rendered":"Tracht des \u00a0Heimat- un Trachtenvereins Ebelsberg"},"content":{"rendered":"<div class=\"wp-block-image\">\n<figure class=\"aligncenter size-full\"><img loading=\"lazy\" decoding=\"async\" width=\"170\" height=\"264\" src=\"https:\/\/trachtler.at\/wp-content\/uploads\/2025\/09\/ebelsberg.jpg\" alt=\"\" class=\"wp-image-1253\"\/><\/figure>\n<\/div>\n\n\n<p>&nbsp;Eigene Kreation des HV &#8211; seit dem Jahr 2000 als Tracht offiziell durch das Land O\u00d6 angerkannt.<\/p>\n\n\n\n<figure class=\"wp-block-table\"><table class=\"has-fixed-layout\"><tbody><tr><td><strong>&nbsp;Frauentracht<\/strong><\/td><\/tr><\/tbody><\/table><\/figure>\n\n\n\n<figure class=\"wp-block-table\"><table class=\"has-fixed-layout\"><tbody><tr><td>&nbsp;Schuhwerk:<\/td><td>schwarze Damentrachtenschuhe<\/td><\/tr><tr><td>&nbsp;Str\u00fcmpfe:<\/td><td>m Winter mit wei\u00dfer Strumpfhose; im Sommer mit wei\u00dfen Stutzen<\/td><\/tr><tr><td>&nbsp;Kittel:<\/td><td>schwarz mit eingesetzten Latz, mit hellbraunem Kordel geschn\u00fcrt, Rock blau mit zwei (2) schmalen schwarzen Samtb\u00e4ndern, ca. 5cm von unten &#8211; Trevira<\/td><\/tr><tr><td>&nbsp;Sch\u00fcrze:<\/td><td>ungemustert in der Farbe kirschrot<\/td><\/tr><tr><td>&nbsp;Oberteil \/&nbsp;Bluse:<\/td><td>wei\u00dfe Bluse mit 3\/4 \u00c4rmel mit Spitzen, Stehkragen mit und ohne Spitzen<\/td><\/tr><tr><td>&nbsp;Tuch:<\/td><td>blaues Dreiecktuch bestickt mit Edelwei\u00df und Altrausch, in der Mitte gerafft und mit einer Spange am Leibkittel befestigt<\/td><\/tr><tr><td>&nbsp;Jacke:<\/td><td>schwarze Jacke mit runden Ausschnitt<\/td><\/tr><tr><td>&nbsp;Kopfbedeckung:<\/td><td>keine<\/td><\/tr><tr><td>&nbsp;Zusatz:<\/td><td>wei\u00dfe Damenpumphose und wei\u00dfer Trachtenunterrock, Regenschirm blau mit R\u00fcschen, Trachtenbeutel schwarz aus Stoff oder Rauleder<\/td><\/tr><\/tbody><\/table><\/figure>\n\n\n\n<figure class=\"wp-block-table\"><table class=\"has-fixed-layout\"><tbody><tr><td><strong>&nbsp;Herrentracht<\/strong><\/td><\/tr><\/tbody><\/table><\/figure>\n\n\n\n<figure class=\"wp-block-table\"><table class=\"has-fixed-layout\"><tbody><tr><td>&nbsp;Schuhwerk:<\/td><td>schwarze Herrentrachtenschuhe mit Zierschnalle<\/td><\/tr><tr><td>&nbsp;Stutzen:<\/td><td>Stutzen grau<\/td><\/tr><tr><td>&nbsp;Hose:<\/td><td>Teufelslederne Kniebundhose schwarz, wei\u00df bestickt mit schwarzen Hosentr\u00e4gern am Latz. Links und Rechts je ein eingesticktes Edelwei\u00df<\/td><\/tr><tr><td>&nbsp;Hemd &amp; Binder:<\/td><td>wei\u00dfes Hemd;Halsnindl aus&nbsp;blauem Trevira &#8211; wie bei den Frauent\u00fcchern bestickt, zusammengehalten durch kostbaren geschnitzten Hirschknopf<\/td><\/tr><tr><td>&nbsp;Rock:<\/td><td>Rock grau mit Stehkragen, bestickte Reverse mit Eichenlaub in der Farbe dunkelgrau<\/td><\/tr><tr><td>&nbsp;Kopfbedeckung:<\/td><td>schwarzer Hut mit gr\u00fcnen Kordeln<\/td><\/tr><\/tbody><\/table><\/figure>\n","protected":false},"excerpt":{"rendered":"<p>&nbsp;Eigene Kreation des HV &#8211; seit dem Jahr 2000 als Tracht offiziell durch das Land O\u00d6 angerkannt. &nbsp;Frauentracht &nbsp;Schuhwerk: schwarze Damentrachtenschuhe &nbsp;Str\u00fcmpfe: m Winter mit wei\u00dfer Strumpfhose; im Sommer mit wei\u00dfen Stutzen &nbsp;Kittel: schwarz mit eingesetzten Latz, mit hellbraunem Kordel geschn\u00fcrt, Rock blau mit zwei (2) schmalen schwarzen Samtb\u00e4ndern, ca. 5cm von unten &#8211; Trevira &nbsp;Sch\u00fcrze: ungemustert in der Farbe kirschrot &nbsp;Oberteil \/&nbsp;Bluse: wei\u00dfe Bluse mit 3\/4 \u00c4rmel mit Spitzen, Stehkragen mit und ohne Spitzen &nbsp;Tuch: blaues Dreiecktuch bestickt mit Edelwei\u00df und Altrausch, in der Mitte gerafft und mit einer Spange am Leibkittel befestigt &nbsp;Jacke: schwarze Jacke mit runden Ausschnitt &nbsp;Kopfbedeckung: keine &nbsp;Zusatz: wei\u00dfe Damenpumphose und wei\u00dfer Trachtenunterrock, Regenschirm blau mit R\u00fcschen, Trachtenbeutel schwarz aus Stoff oder Rauleder &nbsp;Herrentracht &nbsp;Schuhwerk: schwarze Herrentrachtenschuhe mit Zierschnalle &nbsp;Stutzen: Stutzen grau &nbsp;Hose: Teufelslederne Kniebundhose schwarz, wei\u00df bestickt mit schwarzen Hosentr\u00e4gern am Latz. Links und Rechts je ein eingesticktes Edelwei\u00df &nbsp;Hemd &amp; Binder: wei\u00dfes Hemd;Halsnindl aus&nbsp;blauem Trevira &#8211; wie bei den Frauent\u00fcchern bestickt, zusammengehalten durch kostbaren geschnitzten Hirschknopf &nbsp;Rock: Rock grau mit Stehkragen, bestickte Reverse mit Eichenlaub in der Farbe dunkelgrau &nbsp;Kopfbedeckung: schwarzer Hut mit gr\u00fcnen Kordeln<\/p>\n","protected":false},"author":1,"featured_media":0,"parent":836,"menu_order":0,"comment_status":"closed","ping_status":"closed","template":"","meta":{"footnotes":""},"class_list":["post-1252","page","type-page","status-publish","hentry"],"_links":{"self":[{"href":"https:\/\/trachtler.at\/index.php?rest_route=\/wp\/v2\/pages\/1252","targetHints":{"allow":["GET"]}}],"collection":[{"href":"https:\/\/trachtler.at\/index.php?rest_route=\/wp\/v2\/pages"}],"about":[{"href":"https:\/\/trachtler.at\/index.php?rest_route=\/wp\/v2\/types\/page"}],"author":[{"embeddable":true,"href":"https:\/\/trachtler.at\/index.php?rest_route=\/wp\/v2\/users\/1"}],"replies":[{"embeddable":true,"href":"https:\/\/trachtler.at\/index.php?rest_route=%2Fwp%2Fv2%2Fcomments&post=1252"}],"version-history":[{"count":1,"href":"https:\/\/trachtler.at\/index.php?rest_route=\/wp\/v2\/pages\/1252\/revisions"}],"predecessor-version":[{"id":1254,"href":"https:\/\/trachtler.at\/index.php?rest_route=\/wp\/v2\/pages\/1252\/revisions\/1254"}],"up":[{"embeddable":true,"href":"https:\/\/trachtler.at\/index.php?rest_route=\/wp\/v2\/pages\/836"}],"wp:attachment":[{"href":"https:\/\/trachtler.at\/index.php?rest_route=%2Fwp%2Fv2%2Fmedia&parent=1252"}],"curies":[{"name":"wp","href":"https:\/\/api.w.org\/{rel}","templated":true}]}}