{"id":1249,"date":"2025-09-21T16:00:56","date_gmt":"2025-09-21T14:00:56","guid":{"rendered":"https:\/\/trachtler.at\/?page_id=1249"},"modified":"2025-09-21T16:20:03","modified_gmt":"2025-09-21T14:20:03","slug":"tracht-des-gtev-d-gruenbergler-frankenburg","status":"publish","type":"page","link":"https:\/\/trachtler.at\/?page_id=1249","title":{"rendered":"Tracht des GTEV D` Gr\u00fcnbergler Frankenburg"},"content":{"rendered":"<div class=\"wp-block-image\">\n<figure class=\"aligncenter size-full\"><img loading=\"lazy\" decoding=\"async\" width=\"256\" height=\"231\" src=\"https:\/\/trachtler.at\/wp-content\/uploads\/2025\/09\/frankenburg.jpg\" alt=\"\" class=\"wp-image-1250\"\/><\/figure>\n<\/div>\n\n\n<figure class=\"wp-block-table\"><table class=\"has-fixed-layout\"><tbody><tr><td><strong>&nbsp;Frauentracht<\/strong><\/td><\/tr><\/tbody><\/table><\/figure>\n\n\n\n<figure class=\"wp-block-table\"><table class=\"has-fixed-layout\"><tbody><tr><td>&nbsp;Schuhwerk:<\/td><td>schwarze Halbschuhe mit silberner rechteckiger Schnalle<\/td><\/tr><tr><td>&nbsp;Unterbekleidung:<\/td><td>Strumpfhose, Spitzenhose und Unterrock aus wei\u00dfer Baumwolle<\/td><\/tr><tr><td>&nbsp;Rock und Leibchen:<\/td><td>Das Leibchen besteht aus gr\u00fcnem, in sich gemusterten Wollprokat, Hals- und Armausschnitt mit schwarzem Baumwollsamt und Goldborte eingefasst, der beiderseits am Leibchen angen\u00e4hte Latz ist aus rotem original Loden und in der Mitte gehaftelt. Der R\u00fccken hat Ziern\u00e4hte aus schmaler Goldborte und Bl\u00fcmchen aus Goldflitter. Der Rock ist aus schwarzem Wollsatin.<\/td><\/tr><tr><td>&nbsp;Sch\u00fcrze:<\/td><td>Gold-gelbe Polyesterjegarde<\/td><\/tr><tr><td>&nbsp;Bluse:<\/td><td>Die Bluse ist aus Baumwolle, hat einen hochgeschlossenen Stehkragen und lange, m\u00e4\u00dfig weite \u00c4rmeln. Die \u00c4rmelb\u00fcndchen, der Stehkragen und die Knopflochleiste mit drei beidseitigen S\u00e4umchen sind mit rotem Hexenstich bestickt.<\/td><\/tr><tr><td>&nbsp;Jacke:<\/td><td>Aus schwarzem original Loden, runder Halsausschnitt eingefasst mit einer schwarzen drei Zentimeter breiten Zierr\u00fcsche, die beidseitig mit kleinen Froschgoscherl verziert ist. Die \u00c4rmel sind im Schulterbereich gezogen.<\/td><\/tr><tr><td>&nbsp;Mantel:<\/td><td>schwarzer Lodenwetterfleck mit angedeuteten \u00c4rmeln zum herausschl\u00fcpfen<\/td><\/tr><tr><td>&nbsp;Zusatz:<\/td><td>Festtracht f\u00fcr das Salzkammergut<\/td><\/tr><\/tbody><\/table><\/figure>\n\n\n\n<figure class=\"wp-block-table\"><table class=\"has-fixed-layout\"><tbody><tr><td><strong>&nbsp;Herrentracht<\/strong><\/td><\/tr><\/tbody><\/table><\/figure>\n\n\n\n<figure class=\"wp-block-table\"><table class=\"has-fixed-layout\"><tbody><tr><td>&nbsp;Schuhwerk:<\/td><td>schwarze Halbschuhe mit silbernen rechteckigen Schnallen<\/td><\/tr><tr><td>&nbsp;Stutzen:<\/td><td>wei\u00dfe Baumwollstutzen<\/td><\/tr><tr><td>&nbsp;Hose:<\/td><td>kurze schwarze Rindlaponer-Lederhose (in der kalten Jahreszeit Kniebund-Lederhosen) gr\u00fcn aufgen\u00e4ht<\/td><\/tr><tr><td>&nbsp;Hemd:<\/td><td>wei\u00dfes Baumwollhemd<\/td><\/tr><tr><td>&nbsp;Binder:<\/td><td>rot-wei\u00df gemustertes, gebundenen Seidentuch mit Hirschhornknopf (Kradl)<\/td><\/tr><tr><td>&nbsp;Rock:<\/td><td>grauer Erzherzog-Johann-Loden mit rundem Halsausschnitt, kleinem gr\u00fcnen Stehkragen und gr\u00fcn eingefassten Taschen. Quetschfalten am R\u00fcckenteil.<\/td><\/tr><\/tbody><\/table><\/figure>\n","protected":false},"excerpt":{"rendered":"<p>&nbsp;Frauentracht &nbsp;Schuhwerk: schwarze Halbschuhe mit silberner rechteckiger Schnalle &nbsp;Unterbekleidung: Strumpfhose, Spitzenhose und Unterrock aus wei\u00dfer Baumwolle &nbsp;Rock und Leibchen: Das Leibchen besteht aus gr\u00fcnem, in sich gemusterten Wollprokat, Hals- und Armausschnitt mit schwarzem Baumwollsamt und Goldborte eingefasst, der beiderseits am Leibchen angen\u00e4hte Latz ist aus rotem original Loden und in der Mitte gehaftelt. Der R\u00fccken hat Ziern\u00e4hte aus schmaler Goldborte und Bl\u00fcmchen aus Goldflitter. Der Rock ist aus schwarzem Wollsatin. &nbsp;Sch\u00fcrze: Gold-gelbe Polyesterjegarde &nbsp;Bluse: Die Bluse ist aus Baumwolle, hat einen hochgeschlossenen Stehkragen und lange, m\u00e4\u00dfig weite \u00c4rmeln. Die \u00c4rmelb\u00fcndchen, der Stehkragen und die Knopflochleiste mit drei beidseitigen S\u00e4umchen sind mit rotem Hexenstich bestickt. &nbsp;Jacke: Aus schwarzem original Loden, runder Halsausschnitt eingefasst mit einer schwarzen drei Zentimeter breiten Zierr\u00fcsche, die beidseitig mit kleinen Froschgoscherl verziert ist. Die \u00c4rmel sind im Schulterbereich gezogen. &nbsp;Mantel: schwarzer Lodenwetterfleck mit angedeuteten \u00c4rmeln zum herausschl\u00fcpfen &nbsp;Zusatz: Festtracht f\u00fcr das Salzkammergut &nbsp;Herrentracht &nbsp;Schuhwerk: schwarze Halbschuhe mit silbernen rechteckigen Schnallen &nbsp;Stutzen: wei\u00dfe Baumwollstutzen &nbsp;Hose: kurze schwarze Rindlaponer-Lederhose (in der kalten Jahreszeit Kniebund-Lederhosen) gr\u00fcn aufgen\u00e4ht &nbsp;Hemd: wei\u00dfes Baumwollhemd &nbsp;Binder: rot-wei\u00df gemustertes, gebundenen Seidentuch mit Hirschhornknopf (Kradl) &nbsp;Rock: grauer Erzherzog-Johann-Loden mit rundem Halsausschnitt, kleinem gr\u00fcnen Stehkragen und gr\u00fcn eingefassten Taschen. Quetschfalten am R\u00fcckenteil.<\/p>\n","protected":false},"author":1,"featured_media":0,"parent":836,"menu_order":0,"comment_status":"closed","ping_status":"closed","template":"","meta":{"footnotes":""},"class_list":["post-1249","page","type-page","status-publish","hentry"],"_links":{"self":[{"href":"https:\/\/trachtler.at\/index.php?rest_route=\/wp\/v2\/pages\/1249","targetHints":{"allow":["GET"]}}],"collection":[{"href":"https:\/\/trachtler.at\/index.php?rest_route=\/wp\/v2\/pages"}],"about":[{"href":"https:\/\/trachtler.at\/index.php?rest_route=\/wp\/v2\/types\/page"}],"author":[{"embeddable":true,"href":"https:\/\/trachtler.at\/index.php?rest_route=\/wp\/v2\/users\/1"}],"replies":[{"embeddable":true,"href":"https:\/\/trachtler.at\/index.php?rest_route=%2Fwp%2Fv2%2Fcomments&post=1249"}],"version-history":[{"count":1,"href":"https:\/\/trachtler.at\/index.php?rest_route=\/wp\/v2\/pages\/1249\/revisions"}],"predecessor-version":[{"id":1251,"href":"https:\/\/trachtler.at\/index.php?rest_route=\/wp\/v2\/pages\/1249\/revisions\/1251"}],"up":[{"embeddable":true,"href":"https:\/\/trachtler.at\/index.php?rest_route=\/wp\/v2\/pages\/836"}],"wp:attachment":[{"href":"https:\/\/trachtler.at\/index.php?rest_route=%2Fwp%2Fv2%2Fmedia&parent=1249"}],"curies":[{"name":"wp","href":"https:\/\/api.w.org\/{rel}","templated":true}]}}