{"id":1073,"date":"2025-09-14T22:34:57","date_gmt":"2025-09-14T20:34:57","guid":{"rendered":"https:\/\/trachtler.at\/?page_id=1073"},"modified":"2025-09-15T11:22:03","modified_gmt":"2025-09-15T09:22:03","slug":"bisherige-maibaumspender-der-landeshauptstadt-linz","status":"publish","type":"page","link":"https:\/\/trachtler.at\/?page_id=1073","title":{"rendered":"Bisherige Maibaumspender der Landeshauptstadt Linz"},"content":{"rendered":"\n<figure class=\"wp-block-table\"><table><tbody><tr><td><strong>LfdNr<\/strong><\/td><td><strong>Jahr<\/strong><\/td><td><strong>Spender<\/strong><\/td><td><strong>Ort \/&nbsp;PolBez<\/strong><\/td><td><strong>Viertel&nbsp;<\/strong><\/td><td><strong>Firma<\/strong><\/td><td><strong>GF&nbsp;\/GL<\/strong><\/td><\/tr><tr><td>01<\/td><td>1976<\/td><td>&nbsp;Quelle Kaufhaus HPL<\/td><td>&nbsp;Altenberg<\/td><td>&nbsp;M\u00fchlviertel<\/td><td>&nbsp;Quelle<\/td><td>&nbsp;Nittmann Ferdinand<\/td><\/tr><tr><td>02<\/td><td>1977<\/td><td>&nbsp;VB der HuTV Linz\/Umgebung<\/td><td>&nbsp;K\u00fcrnbergerwald<\/td><td>&nbsp;Hausruckviertel<\/td><td>&nbsp;Quelle<\/td><td>&nbsp;Nittmann Ferdinand<\/td><\/tr><tr><td>03<\/td><td>1978<\/td><td>&nbsp;VB der HuTV Linz\/Umgebung<\/td><td>&nbsp;K\u00fcrnbergerwald<\/td><td>&nbsp;Hausruckviertel<\/td><td>&nbsp;Quelle<\/td><td>&nbsp;Nittmann Ferdinand<\/td><\/tr><tr><td>04<\/td><td>1979<\/td><td>&nbsp;Obernberg am Inn<\/td><td>&nbsp;Ried im Innkreis<\/td><td>&nbsp;Innviertel<\/td><td>&nbsp;Quelle<\/td><td>&nbsp;Nittmann Ferdinand<\/td><\/tr><tr><td>05<\/td><td>1980<\/td><td>&nbsp;Vorderwei\u00dfenbach<\/td><td>&nbsp;Urfahr\/Umgebung<\/td><td>&nbsp;M\u00fchlviertel<\/td><td>&nbsp;Quelle<\/td><td>&nbsp;Nittmann Ferdinand<\/td><\/tr><tr><td>06<\/td><td>1981<\/td><td>&nbsp;St. Agatha<\/td><td>&nbsp;Grieskirchen<\/td><td>&nbsp;Hausruckviertel<\/td><td>&nbsp;Quelle<\/td><td>&nbsp;Nittmann Ferdinand<\/td><\/tr><tr><td>07<\/td><td>1982<\/td><td>&nbsp;Vichtenstein<\/td><td>&nbsp;Sch\u00e4rding<\/td><td>&nbsp;Innviertel<\/td><td>&nbsp;Quelle<\/td><td>&nbsp;Weigl Oskar<\/td><\/tr><tr><td>08<\/td><td>1983<\/td><td>&nbsp;Neuhofen\/Krems<\/td><td>&nbsp;Linz-Land<\/td><td>&nbsp;Traunviertel<\/td><td>&nbsp;Quelle<\/td><td>&nbsp;Ganglberger Raimund<\/td><\/tr><tr><td>09<\/td><td>1984<\/td><td>&nbsp;Alberndorf<\/td><td>&nbsp;Urfahr\/Umgebung<\/td><td>&nbsp;M\u00fchlviertel<\/td><td>&nbsp;Quelle<\/td><td>&nbsp;Ganglberger Raimund<\/td><\/tr><tr><td>10<\/td><td>1985<\/td><td>&nbsp;Fremdenverk.Region Almtal<\/td><td>&nbsp;Gmunden<\/td><td>&nbsp;Traunviertel<\/td><td>&nbsp;Quelle<\/td><td>&nbsp;Mandl Helmut<\/td><\/tr><tr><td>11<\/td><td>1986<\/td><td>&nbsp;Engelhartszell<\/td><td>&nbsp;Sch\u00e4rding<\/td><td>&nbsp;Innviertel<\/td><td>&nbsp;Quelle<\/td><td>&nbsp;Mandl Helmut<\/td><\/tr><tr><td>12<\/td><td>1987<\/td><td>&nbsp;Enns<\/td><td>&nbsp;Linz-Land<\/td><td>&nbsp;Traunviertel<\/td><td>&nbsp;Quelle<\/td><td>&nbsp;Mandl Helmut<\/td><\/tr><tr><td>13<\/td><td>1988<\/td><td>&nbsp;Kirchschlag<\/td><td>&nbsp;Urfahr\/Umgebung<\/td><td>&nbsp;M\u00fchlviertel<\/td><td>&nbsp;Quelle<\/td><td>&nbsp;Florjancic Maria<\/td><\/tr><tr><td>14<\/td><td>1989<\/td><td>&nbsp;Frankenburg<\/td><td>&nbsp;V\u00f6cklabruck<\/td><td>&nbsp;Hausruckviertel<\/td><td>&nbsp;Quelle<\/td><td>&nbsp;Florjancic Maria<\/td><\/tr><tr><td>15<\/td><td>1990<\/td><td>&nbsp;Schardenberg<\/td><td>&nbsp;Sch\u00e4rding<\/td><td>&nbsp;Innviertel<\/td><td>&nbsp;Quelle<\/td><td>&nbsp;Ganglberger Raimund<\/td><\/tr><tr><td>16<\/td><td>1991<\/td><td>&nbsp;Engerwitzdorf<\/td><td>&nbsp;Urfahr\/Umgebung<\/td><td>&nbsp;M\u00fchlviertel<\/td><td>&nbsp;Quelle<\/td><td>&nbsp;Ganglberger Raimund<\/td><\/tr><tr><td>17<\/td><td>1992<\/td><td>&nbsp;Neukirchen am Walde<\/td><td>&nbsp;Grieskirchen<\/td><td>&nbsp;Hausruckviertel<\/td><td>&nbsp;Quelle<\/td><td>&nbsp;Ganglberger Raimund<\/td><\/tr><tr><td>18<\/td><td>1993<\/td><td>&nbsp;Ried im Traunkreis<\/td><td>&nbsp;Kirchdorf<\/td><td>&nbsp;Traunviertel<\/td><td>&nbsp;Quelle<\/td><td>&nbsp;Hehenberger Reinhold<\/td><\/tr><tr><td>19<\/td><td>1994<\/td><td>&nbsp;Kirchham<\/td><td>&nbsp;Gmunden<\/td><td>&nbsp;Traunviertel<\/td><td>&nbsp;Quelle<\/td><td>&nbsp;Hehenberger Reinhold<\/td><\/tr><tr><td>20<\/td><td>1995<\/td><td>&nbsp;Waldhausen im Strudengau<\/td><td>&nbsp;Perg<\/td><td>&nbsp;M\u00fchlviertel<\/td><td>&nbsp;Woolworth<\/td><td>&nbsp;Jahn Christian<\/td><\/tr><tr><td>21<\/td><td>1996<\/td><td>&nbsp;Kopfing<\/td><td>&nbsp;Sch\u00e4rding<\/td><td>&nbsp;Innviertel<\/td><td>&nbsp;Woolworth<\/td><td>&nbsp;Vest Cornelius<\/td><\/tr><tr><td>22<\/td><td>1997<\/td><td>&nbsp;Aurach am Hongar<\/td><td>&nbsp;V\u00f6cklabruck<\/td><td>&nbsp;Hausruckviertel<\/td><td>&nbsp;Woolworth<\/td><td>&nbsp;Vest Cornelius<\/td><\/tr><tr><td>23<\/td><td>1998<\/td><td>&nbsp;Weyer-Land\/Kleinreifling<\/td><td>&nbsp;Steyr-Land<\/td><td>&nbsp;Traunviertel<\/td><td>&nbsp;Woolworth<\/td><td>&nbsp;Schierenbeck H.<\/td><\/tr><tr><td>24<\/td><td>1999<\/td><td>&nbsp;Dimbach<\/td><td>&nbsp;Perg<\/td><td>&nbsp;M\u00fchlviertel<\/td><td>&nbsp;Woolworth<\/td><td>&nbsp;Steink\u00f6tter M.<\/td><\/tr><tr><td>25<\/td><td>2000<\/td><td>&nbsp;Treubach<\/td><td>&nbsp;Braunau<\/td><td>&nbsp;Innviertel<\/td><td>&nbsp;Woolworth<\/td><td>&nbsp;Steink\u00f6tter M.<\/td><\/tr><tr><td>26<\/td><td>2001<\/td><td>&nbsp;Andorf<\/td><td>&nbsp;Sch\u00e4rding<\/td><td>&nbsp;Innviertel<\/td><td>&nbsp;Woolworth<\/td><td>&nbsp;Neue Ronny<\/td><\/tr><tr><td>27<\/td><td>2002<\/td><td>&nbsp;St. Georgen am Walde<\/td><td>&nbsp;Perg<\/td><td>&nbsp;M\u00fchlviertel<\/td><td>&nbsp;Woolworth<\/td><td>&nbsp;Neue Ronny<\/td><\/tr><tr><td>28<\/td><td>2003<\/td><td>&nbsp;Eschenau<\/td><td>&nbsp;Grieskirchen<\/td><td>&nbsp;Hausruckviertel<\/td><td>&nbsp;Woolworth<\/td><td>&nbsp;Heinrich Doren<\/td><\/tr><tr><td>29<\/td><td>2004<\/td><td>&nbsp;Haslach an der M\u00fchl<\/td><td>&nbsp;Rohrbach<\/td><td>&nbsp;M\u00fchlviertel<\/td><td>&nbsp;Woolworth<\/td><td>&nbsp;Heinrich Doren<\/td><\/tr><tr><td>30<\/td><td>2005<\/td><td>&nbsp;Ottnang am Hausruck<\/td><td>&nbsp;V\u00f6cklabruck<\/td><td>&nbsp;Hausruckviertel<\/td><td>&nbsp;Woolworth<\/td><td>&nbsp;Schmidt Sonja<\/td><\/tr><tr><td>31<\/td><td>2006<\/td><td>&nbsp;Zwettl an der Rodl<\/td><td>&nbsp;Urfahr\/Umgebung<\/td><td>&nbsp;M\u00fchlviertel<\/td><td>&nbsp;Woolworth<\/td><td>&nbsp;M\u00fcller Antje<\/td><\/tr><tr><td>32<\/td><td>2007<\/td><td>&nbsp;Hofkirchen im Traunkreis<\/td><td>&nbsp;Linz-Land<\/td><td>&nbsp;Traunviertel<\/td><td>&nbsp;Woolworth<\/td><td>&nbsp;M\u00fcller Antje<\/td><\/tr><tr><td>33<\/td><td>2008<\/td><td>&nbsp;Obertraun<\/td><td>&nbsp;Gmunden<\/td><td>&nbsp;Traunviertel<\/td><td>&nbsp;Woolworth<\/td><td>&nbsp;Panhuber Harald<\/td><\/tr><tr><td>34<\/td><td>2009<\/td><td>&nbsp;Milit\u00e4rkommando O\u00d6<\/td><td>&nbsp;Stadt Linz<\/td><td>&nbsp;Hausruckviertel<\/td><td>&nbsp;Woolworth<\/td><td>&nbsp;Panhuber Harald<\/td><\/tr><tr><td>35<\/td><td>2010<\/td><td>&nbsp;St. Georgen an der Gusen<\/td><td>&nbsp;Perg<\/td><td>&nbsp;M\u00fchlviertel<\/td><td>&nbsp;Adler<\/td><td>&nbsp;Panhuber Harald<\/td><\/tr><tr><td>36<\/td><td>2011<\/td><td>&nbsp;Klaffer am Hochficht<\/td><td>&nbsp;Rohrbach<\/td><td>&nbsp;M\u00fchlviertel<\/td><td>&nbsp;Adler&nbsp;<\/td><td>&nbsp;Panhuber Harald&nbsp;<\/td><\/tr><tr><td>37<\/td><td>2012<\/td><td>&nbsp;Liebenau<\/td><td>&nbsp;Freistadt<\/td><td>&nbsp;M\u00fchlviertel<\/td><td>&nbsp;Adler<\/td><td>&nbsp;Winter<\/td><\/tr><tr><td>38<\/td><td>2013<\/td><td>&nbsp;St. Wolfgang<\/td><td>&nbsp;Gmunden<\/td><td>&nbsp;Traunviertel<\/td><td>&nbsp;<\/td><td>&nbsp;<\/td><\/tr><tr><td>39<\/td><td>2014<\/td><td>&nbsp;Passau<\/td><td>&nbsp;Niederbayern<\/td><td>&nbsp;Niederbayern<\/td><td>&nbsp;<\/td><td>&nbsp;<\/td><\/tr><tr><td>40<\/td><td>2015<\/td><td>&nbsp;Kirchdorf am Inn<\/td><td>&nbsp;Ried<\/td><td>&nbsp;Innviertel<\/td><td>HED<\/td><td>Max Reiter, Kordula Kandur<\/td><\/tr><tr><td>41<\/td><td>2016<\/td><td>Reichenau im M\u00fchlkreis<\/td><td>Urfahr Umgebung<\/td><td>M\u00fchlviertel<\/td><td>&nbsp;<\/td><td>&nbsp;<\/td><\/tr><tr><td>42<\/td><td>2017<\/td><td>St. Gotthard<\/td><td>Urfahr Umgebung<\/td><td>M\u00fchlviertel<\/td><td>RLB O\u00d6 und Heimatwerk<\/td><td>Dr. Gerald Aichhorn<\/td><\/tr><tr><td>43<\/td><td>2018<\/td><td>Altm\u00fcnster am Traunsee<\/td><td>Gmunden<\/td><td>Salzkammergut<\/td><td>RLB O\u00d6 und Heimatwerk<\/td><td>Dr. Gerald Aichhorn<\/td><\/tr><tr><td>44<\/td><td>2019<\/td><td>Neukirchen an der V\u00f6ckla<\/td><td>V\u00f6cklabruck<\/td><td>Hausruck<\/td><td>RLB O\u00d6 und Heimatwerk<\/td><td>Mag. Mike Jaeschke<\/td><\/tr><tr><td>45<\/td><td>2020<\/td><td>Altenberg bei Linz<\/td><td>Urfahr Umgebung<\/td><td>M\u00fchlviertel<\/td><td>aufgrund der Corono Situation &#8211; abgesagt<\/td><td>&nbsp;<\/td><\/tr><tr><td>46<\/td><td>2021<\/td><td>Neumarkt im M\u00fchlkreis<\/td><td>Freistadt<\/td><td>M\u00fchlviertel<\/td><td>aufgrund der Corno Situation mit der Feuerwehr aufgestellt<\/td><td>&nbsp;<\/td><\/tr><tr><td>47<\/td><td>2022<\/td><td>Eferding<\/td><td>Eferding<\/td><td>Hausruck<\/td><td>RLB O\u00d6 und Heimatwerk<\/td><td>Mag. Mike Jaeschke<\/td><\/tr><tr><td>48<\/td><td>2023<\/td><td>Altenberg bei Linz<\/td><td>Urfahr Umgebung<\/td><td>M\u00fchlviertel<\/td><td>RLB O\u00d6 und Heimatwerk<\/td><td>Mag. Mike Jaeschke<\/td><\/tr><tr><td>49<\/td><td>2024<\/td><td>Niederwaldkirchen<\/td><td>Rohrbach<\/td><td>M\u00fchlviertel<\/td><td>RLB O\u00d6 und Heimatwerk<\/td><td>Mag. Mike Jaeschke<\/td><\/tr><tr><td>50<\/td><td>2025<\/td><td>St. Georgen im Attergau<\/td><td>V\u00f6cklabruck<\/td><td>Salzkammergut<\/td><td>RLB O\u00d6 und Heimatwerk<\/td><td>Ciara Steiner<\/td><\/tr><\/tbody><\/table><\/figure>\n\n\n\n<p><strong><u>F\u00fcr die Stadt Linz waren bzw. ist zust\u00e4ndig<\/u><\/strong>:<\/p>\n\n\n\n<p>1976 &#8211; 1983 &#8230;.&nbsp;Bgm. Hofrat Franz Hillinger<br>1984 &#8211; 1987 &#8230;. Bgm. Prof. Hugo Schanovsky<br>1988 &#8211;&nbsp;2013 &#8230;. Bgm. Dr. Franz Dobusch<\/p>\n\n\n\n<p>2014 &#8211; dato &#8230;.. Bgm. Mag. Klaus Luger<\/p>\n\n\n\n<p><strong><u>f\u00fcr den Verband der Heimat- und Trachtenvereine Linz und Umgebung waren bzw. ist zust\u00e4ndig<\/u><\/strong>:<\/p>\n\n\n\n<p>1976 &#8211; 1987 Kons. Franz Lehner<\/p>\n\n\n\n<p>1988 &#8211; 2001 Kons. Ingo G\u00fcnter Radhuber<br>2002 &#8211; 2013 Kons. Rudolf Weyerm\u00fcller<\/p>\n\n\n\n<p>2014 &#8211; dato&nbsp; Kons. G\u00fcnther Kreutler<\/p>\n\n\n\n<p><strong>Zusatzinformation<\/strong>:<\/p>\n\n\n\n<p>Die laufende Zahl entspricht allen bisherigen Maibaumspenden; Ab LfdNr. 4 Spenden der Gemeinden an die Landeshauptstadt Linz.<\/p>\n\n\n\n<p>Aufgrund einer Corona Pandemie wurden die Maibaumaktivit\u00e4ten 2020 in Absprache mit der Spendergemeinde und dem B\u00fcrgermeister der Stadt Linz abgesagt. Die Maibaum\u00fcbergabe aus 2020 wurde im Jahr 2023 ausgef\u00fchrt.<\/p>\n\n\n\n<p><strong>Wandertag<\/strong>:<\/p>\n\n\n\n<p>Seit 1981 f\u00fchrt der Verbandswandertag jeweils am Nationalfeiertag, dem 26. Oktober des Jahres in die jeweilige Maibaum-Spendergemeinde.<\/p>\n","protected":false},"excerpt":{"rendered":"<p>LfdNr Jahr Spender Ort \/&nbsp;PolBez Viertel&nbsp; Firma GF&nbsp;\/GL 01 1976 &nbsp;Quelle Kaufhaus HPL &nbsp;Altenberg &nbsp;M\u00fchlviertel &nbsp;Quelle &nbsp;Nittmann Ferdinand 02 1977 &nbsp;VB der HuTV Linz\/Umgebung &nbsp;K\u00fcrnbergerwald &nbsp;Hausruckviertel &nbsp;Quelle &nbsp;Nittmann Ferdinand 03 1978 &nbsp;VB der HuTV Linz\/Umgebung &nbsp;K\u00fcrnbergerwald &nbsp;Hausruckviertel &nbsp;Quelle &nbsp;Nittmann Ferdinand 04 1979 &nbsp;Obernberg am Inn &nbsp;Ried im Innkreis &nbsp;Innviertel &nbsp;Quelle &nbsp;Nittmann Ferdinand 05 1980 &nbsp;Vorderwei\u00dfenbach &nbsp;Urfahr\/Umgebung &nbsp;M\u00fchlviertel &nbsp;Quelle &nbsp;Nittmann Ferdinand 06 1981 &nbsp;St. Agatha &nbsp;Grieskirchen &nbsp;Hausruckviertel &nbsp;Quelle &nbsp;Nittmann Ferdinand 07 1982 &nbsp;Vichtenstein &nbsp;Sch\u00e4rding &nbsp;Innviertel &nbsp;Quelle &nbsp;Weigl Oskar 08 1983 &nbsp;Neuhofen\/Krems &nbsp;Linz-Land &nbsp;Traunviertel &nbsp;Quelle &nbsp;Ganglberger Raimund 09 1984 &nbsp;Alberndorf &nbsp;Urfahr\/Umgebung &nbsp;M\u00fchlviertel &nbsp;Quelle &nbsp;Ganglberger Raimund 10 1985 &nbsp;Fremdenverk.Region Almtal &nbsp;Gmunden &nbsp;Traunviertel &nbsp;Quelle &nbsp;Mandl Helmut 11 1986 &nbsp;Engelhartszell &nbsp;Sch\u00e4rding &nbsp;Innviertel &nbsp;Quelle &nbsp;Mandl Helmut 12 1987 &nbsp;Enns &nbsp;Linz-Land &nbsp;Traunviertel &nbsp;Quelle &nbsp;Mandl Helmut 13 1988 &nbsp;Kirchschlag &nbsp;Urfahr\/Umgebung &nbsp;M\u00fchlviertel &nbsp;Quelle &nbsp;Florjancic Maria 14 1989 &nbsp;Frankenburg &nbsp;V\u00f6cklabruck &nbsp;Hausruckviertel &nbsp;Quelle &nbsp;Florjancic Maria 15 1990 &nbsp;Schardenberg &nbsp;Sch\u00e4rding &nbsp;Innviertel &nbsp;Quelle &nbsp;Ganglberger Raimund 16 1991 &nbsp;Engerwitzdorf &nbsp;Urfahr\/Umgebung &nbsp;M\u00fchlviertel &nbsp;Quelle &nbsp;Ganglberger Raimund 17 1992 &nbsp;Neukirchen am Walde &nbsp;Grieskirchen &nbsp;Hausruckviertel &nbsp;Quelle &nbsp;Ganglberger Raimund 18 1993 &nbsp;Ried im Traunkreis &nbsp;Kirchdorf &nbsp;Traunviertel &nbsp;Quelle &nbsp;Hehenberger Reinhold 19 1994 &nbsp;Kirchham &nbsp;Gmunden &nbsp;Traunviertel &nbsp;Quelle &nbsp;Hehenberger Reinhold 20 1995 &nbsp;Waldhausen im Strudengau &nbsp;Perg &nbsp;M\u00fchlviertel &nbsp;Woolworth &nbsp;Jahn Christian 21 1996 &nbsp;Kopfing &nbsp;Sch\u00e4rding &nbsp;Innviertel &nbsp;Woolworth &nbsp;Vest Cornelius 22 1997 &nbsp;Aurach am Hongar &nbsp;V\u00f6cklabruck &nbsp;Hausruckviertel &nbsp;Woolworth &nbsp;Vest Cornelius 23 1998 &nbsp;Weyer-Land\/Kleinreifling &nbsp;Steyr-Land &nbsp;Traunviertel &nbsp;Woolworth &nbsp;Schierenbeck H. 24 1999 &nbsp;Dimbach &nbsp;Perg &nbsp;M\u00fchlviertel &nbsp;Woolworth &nbsp;Steink\u00f6tter M. 25 2000 &nbsp;Treubach &nbsp;Braunau &nbsp;Innviertel &nbsp;Woolworth &nbsp;Steink\u00f6tter M. 26 2001 &nbsp;Andorf &nbsp;Sch\u00e4rding &nbsp;Innviertel &nbsp;Woolworth &nbsp;Neue Ronny 27 2002 &nbsp;St. Georgen am Walde &nbsp;Perg &nbsp;M\u00fchlviertel &nbsp;Woolworth &nbsp;Neue Ronny 28 2003 &nbsp;Eschenau &nbsp;Grieskirchen &nbsp;Hausruckviertel &nbsp;Woolworth &nbsp;Heinrich Doren 29 2004 &nbsp;Haslach an der M\u00fchl &nbsp;Rohrbach &nbsp;M\u00fchlviertel &nbsp;Woolworth &nbsp;Heinrich Doren 30 2005 &nbsp;Ottnang am Hausruck &nbsp;V\u00f6cklabruck &nbsp;Hausruckviertel &nbsp;Woolworth &nbsp;Schmidt Sonja 31 2006 &nbsp;Zwettl an der Rodl &nbsp;Urfahr\/Umgebung &nbsp;M\u00fchlviertel &nbsp;Woolworth &nbsp;M\u00fcller Antje 32 2007 &nbsp;Hofkirchen im Traunkreis &nbsp;Linz-Land &nbsp;Traunviertel &nbsp;Woolworth &nbsp;M\u00fcller Antje 33 2008 &nbsp;Obertraun &nbsp;Gmunden &nbsp;Traunviertel &nbsp;Woolworth &nbsp;Panhuber Harald 34 2009 &nbsp;Milit\u00e4rkommando O\u00d6 &nbsp;Stadt Linz &nbsp;Hausruckviertel &nbsp;Woolworth &nbsp;Panhuber Harald 35 2010 &nbsp;St. Georgen an der Gusen &nbsp;Perg &nbsp;M\u00fchlviertel &nbsp;Adler &nbsp;Panhuber Harald 36 2011 &nbsp;Klaffer am Hochficht &nbsp;Rohrbach &nbsp;M\u00fchlviertel &nbsp;Adler&nbsp; &nbsp;Panhuber Harald&nbsp; 37 2012 &nbsp;Liebenau &nbsp;Freistadt &nbsp;M\u00fchlviertel &nbsp;Adler &nbsp;Winter 38 2013 &nbsp;St. Wolfgang &nbsp;Gmunden &nbsp;Traunviertel &nbsp; &nbsp; 39 2014 &nbsp;Passau &nbsp;Niederbayern &nbsp;Niederbayern &nbsp; &nbsp; 40 2015 &nbsp;Kirchdorf am Inn &nbsp;Ried &nbsp;Innviertel HED Max Reiter, Kordula Kandur 41 2016 Reichenau im M\u00fchlkreis Urfahr Umgebung M\u00fchlviertel &nbsp; &nbsp; 42 2017 St. Gotthard Urfahr Umgebung M\u00fchlviertel RLB O\u00d6 und Heimatwerk Dr. Gerald Aichhorn 43 2018 Altm\u00fcnster am Traunsee Gmunden Salzkammergut RLB O\u00d6 und Heimatwerk Dr. Gerald Aichhorn 44 2019 Neukirchen an der V\u00f6ckla V\u00f6cklabruck Hausruck RLB O\u00d6 und Heimatwerk Mag. Mike Jaeschke 45 2020 Altenberg bei Linz Urfahr Umgebung M\u00fchlviertel aufgrund der Corono Situation &#8211; abgesagt &nbsp; 46 2021 Neumarkt im M\u00fchlkreis Freistadt M\u00fchlviertel aufgrund der Corno Situation mit der Feuerwehr aufgestellt &nbsp; 47 2022 Eferding Eferding Hausruck RLB O\u00d6 und Heimatwerk Mag. Mike Jaeschke 48 2023 Altenberg bei Linz Urfahr Umgebung M\u00fchlviertel RLB O\u00d6 und Heimatwerk Mag. Mike Jaeschke 49 2024 Niederwaldkirchen Rohrbach M\u00fchlviertel RLB O\u00d6 und Heimatwerk Mag. Mike Jaeschke 50 2025 St. Georgen im Attergau V\u00f6cklabruck Salzkammergut RLB O\u00d6 und Heimatwerk Ciara Steiner F\u00fcr die Stadt Linz waren bzw. ist zust\u00e4ndig: 1976 &#8211; 1983 &#8230;.&nbsp;Bgm. Hofrat Franz Hillinger1984 &#8211; 1987 &#8230;. Bgm. Prof. Hugo Schanovsky1988 &#8211;&nbsp;2013 &#8230;. Bgm. Dr. Franz Dobusch 2014 &#8211; dato &#8230;.. Bgm. Mag. Klaus Luger f\u00fcr den Verband der Heimat- und Trachtenvereine Linz und Umgebung waren bzw. ist zust\u00e4ndig: 1976 &#8211; 1987 Kons. Franz Lehner 1988 &#8211; 2001 Kons. Ingo G\u00fcnter Radhuber2002 &#8211; 2013 Kons. Rudolf Weyerm\u00fcller 2014 &#8211; dato&nbsp; Kons. G\u00fcnther Kreutler Zusatzinformation: Die laufende Zahl entspricht allen bisherigen Maibaumspenden; Ab LfdNr. 4 Spenden der Gemeinden an die Landeshauptstadt Linz. Aufgrund einer Corona Pandemie wurden die Maibaumaktivit\u00e4ten 2020 in Absprache mit der Spendergemeinde und dem B\u00fcrgermeister der Stadt Linz abgesagt. Die Maibaum\u00fcbergabe aus 2020 wurde im Jahr 2023 ausgef\u00fchrt. Wandertag: Seit 1981 f\u00fchrt der Verbandswandertag jeweils am Nationalfeiertag, dem 26. Oktober des Jahres in die jeweilige Maibaum-Spendergemeinde.<\/p>\n","protected":false},"author":1,"featured_media":0,"parent":1049,"menu_order":0,"comment_status":"closed","ping_status":"closed","template":"","meta":{"footnotes":""},"class_list":["post-1073","page","type-page","status-publish","hentry"],"_links":{"self":[{"href":"https:\/\/trachtler.at\/index.php?rest_route=\/wp\/v2\/pages\/1073","targetHints":{"allow":["GET"]}}],"collection":[{"href":"https:\/\/trachtler.at\/index.php?rest_route=\/wp\/v2\/pages"}],"about":[{"href":"https:\/\/trachtler.at\/index.php?rest_route=\/wp\/v2\/types\/page"}],"author":[{"embeddable":true,"href":"https:\/\/trachtler.at\/index.php?rest_route=\/wp\/v2\/users\/1"}],"replies":[{"embeddable":true,"href":"https:\/\/trachtler.at\/index.php?rest_route=%2Fwp%2Fv2%2Fcomments&post=1073"}],"version-history":[{"count":1,"href":"https:\/\/trachtler.at\/index.php?rest_route=\/wp\/v2\/pages\/1073\/revisions"}],"predecessor-version":[{"id":1074,"href":"https:\/\/trachtler.at\/index.php?rest_route=\/wp\/v2\/pages\/1073\/revisions\/1074"}],"up":[{"embeddable":true,"href":"https:\/\/trachtler.at\/index.php?rest_route=\/wp\/v2\/pages\/1049"}],"wp:attachment":[{"href":"https:\/\/trachtler.at\/index.php?rest_route=%2Fwp%2Fv2%2Fmedia&parent=1073"}],"curies":[{"name":"wp","href":"https:\/\/api.w.org\/{rel}","templated":true}]}}