{"id":1025,"date":"2025-09-14T22:03:30","date_gmt":"2025-09-14T20:03:30","guid":{"rendered":"https:\/\/trachtler.at\/?page_id=1025"},"modified":"2025-09-14T23:15:45","modified_gmt":"2025-09-14T21:15:45","slug":"verbandstanz-und-schuhplattlergruppe","status":"publish","type":"page","link":"https:\/\/trachtler.at\/?page_id=1025","title":{"rendered":"Verbandstanz- und Schuhplattlergruppe"},"content":{"rendered":"\n<p>Die Verbandstanz- und Schuhplattlergruppe wird zu verschiedensten offiziellen Anl\u00e4ssen wie Jubil\u00e4en, Vertretungen der Stadt Linz oder des Landes O\u00d6 im Ausland, Maibaumaufstellen in Linz, aber auch zu fr\u00f6hlichen B\u00e4llen, usw. eingeladen bzw. entsandt. Die Zusammensetzung erfolgt aus freiwilligen T\u00e4nzern, sowie Schuhplattlern aus den uns angeschlossenen Mitgliedervereinen. Dadurch ist sichergestellt, dass ein buntes Trachtenbild aus allen unseren Vereinen pr\u00e4sentiert werden kann. Vielfach wurde gro\u00dfes Lob f\u00fcr diese Art der Selbstdarstellung ausgesprochen.<\/p>\n\n\n\n<p>Das Mitmachen ist jederzeit und f\u00fcr <strong>ALLE <\/strong>Tanzwilligen m\u00f6glich. Tanz- und Schuhplattlerproben werden je nach Anforderung durch das Referat Volkstanz und Schuhplatteln angesetzt. Diese Tanz- und Schuhplattlergruppe ist das t\u00e4nzerische Aush\u00e4ngeschild unseres Verbandes. Getanzt werden die 20 \u00d6sterreichischen Grundt\u00e4nze sowie die 3 Verbandsschl\u00e4ge. Werde Mitglied in dieser Tanzgruppe &#8211; wir brauchen Dich. <a href=\"mailto:office@trachtler.at\">Bei Interesse bitte einfach melden!<\/a><\/p>\n\n\n\n<figure class=\"wp-block-gallery has-nested-images columns-default is-cropped wp-block-gallery-1 is-layout-flex wp-block-gallery-is-layout-flex\">\n<figure class=\"wp-block-image size-large\"><img loading=\"lazy\" decoding=\"async\" width=\"350\" height=\"233\" data-id=\"1026\" src=\"https:\/\/trachtler.at\/wp-content\/uploads\/2025\/09\/vb-tanzgruppe-2.jpg\" alt=\"\" class=\"wp-image-1026\" srcset=\"https:\/\/trachtler.at\/wp-content\/uploads\/2025\/09\/vb-tanzgruppe-2.jpg 350w, https:\/\/trachtler.at\/wp-content\/uploads\/2025\/09\/vb-tanzgruppe-2-300x200.jpg 300w\" sizes=\"auto, (max-width: 350px) 100vw, 350px\" \/><\/figure>\n\n\n\n<figure class=\"wp-block-image size-large\"><img loading=\"lazy\" decoding=\"async\" width=\"350\" height=\"233\" data-id=\"1027\" src=\"https:\/\/trachtler.at\/wp-content\/uploads\/2025\/09\/vb-tanzgruppe-1.jpg\" alt=\"\" class=\"wp-image-1027\" srcset=\"https:\/\/trachtler.at\/wp-content\/uploads\/2025\/09\/vb-tanzgruppe-1.jpg 350w, https:\/\/trachtler.at\/wp-content\/uploads\/2025\/09\/vb-tanzgruppe-1-300x200.jpg 300w\" sizes=\"auto, (max-width: 350px) 100vw, 350px\" \/><\/figure>\n<\/figure>\n","protected":false},"excerpt":{"rendered":"<p>Die Verbandstanz- und Schuhplattlergruppe wird zu verschiedensten offiziellen Anl\u00e4ssen wie Jubil\u00e4en, Vertretungen der Stadt Linz oder des Landes O\u00d6 im Ausland, Maibaumaufstellen in Linz, aber auch zu fr\u00f6hlichen B\u00e4llen, usw. eingeladen bzw. entsandt. Die Zusammensetzung erfolgt aus freiwilligen T\u00e4nzern, sowie Schuhplattlern aus den uns angeschlossenen Mitgliedervereinen. Dadurch ist sichergestellt, dass ein buntes Trachtenbild aus allen unseren Vereinen pr\u00e4sentiert werden kann. Vielfach wurde gro\u00dfes Lob f\u00fcr diese Art der Selbstdarstellung ausgesprochen. Das Mitmachen ist jederzeit und f\u00fcr ALLE Tanzwilligen m\u00f6glich. Tanz- und Schuhplattlerproben werden je nach Anforderung durch das Referat Volkstanz und Schuhplatteln angesetzt. Diese Tanz- und Schuhplattlergruppe ist das t\u00e4nzerische Aush\u00e4ngeschild unseres Verbandes. Getanzt werden die 20 \u00d6sterreichischen Grundt\u00e4nze sowie die 3 Verbandsschl\u00e4ge. Werde Mitglied in dieser Tanzgruppe &#8211; wir brauchen Dich. Bei Interesse bitte einfach melden!<\/p>\n","protected":false},"author":1,"featured_media":0,"parent":1014,"menu_order":0,"comment_status":"closed","ping_status":"closed","template":"","meta":{"footnotes":""},"class_list":["post-1025","page","type-page","status-publish","hentry"],"_links":{"self":[{"href":"https:\/\/trachtler.at\/index.php?rest_route=\/wp\/v2\/pages\/1025","targetHints":{"allow":["GET"]}}],"collection":[{"href":"https:\/\/trachtler.at\/index.php?rest_route=\/wp\/v2\/pages"}],"about":[{"href":"https:\/\/trachtler.at\/index.php?rest_route=\/wp\/v2\/types\/page"}],"author":[{"embeddable":true,"href":"https:\/\/trachtler.at\/index.php?rest_route=\/wp\/v2\/users\/1"}],"replies":[{"embeddable":true,"href":"https:\/\/trachtler.at\/index.php?rest_route=%2Fwp%2Fv2%2Fcomments&post=1025"}],"version-history":[{"count":1,"href":"https:\/\/trachtler.at\/index.php?rest_route=\/wp\/v2\/pages\/1025\/revisions"}],"predecessor-version":[{"id":1028,"href":"https:\/\/trachtler.at\/index.php?rest_route=\/wp\/v2\/pages\/1025\/revisions\/1028"}],"up":[{"embeddable":true,"href":"https:\/\/trachtler.at\/index.php?rest_route=\/wp\/v2\/pages\/1014"}],"wp:attachment":[{"href":"https:\/\/trachtler.at\/index.php?rest_route=%2Fwp%2Fv2%2Fmedia&parent=1025"}],"curies":[{"name":"wp","href":"https:\/\/api.w.org\/{rel}","templated":true}]}}