{"id":1023,"date":"2025-09-14T22:01:41","date_gmt":"2025-09-14T20:01:41","guid":{"rendered":"https:\/\/trachtler.at\/?page_id=1023"},"modified":"2026-02-08T12:03:23","modified_gmt":"2026-02-08T11:03:23","slug":"unsere-jaehrliche-kinderferialaktionen","status":"publish","type":"page","link":"https:\/\/trachtler.at\/?page_id=1023","title":{"rendered":"Unsere j\u00e4hrliche Kinderferialaktionen"},"content":{"rendered":"\n<p>Die Kinderferialaktion wurde 1988 erstmalig in Feldkirchen an der Donau abgehalten. Zu diesem Zeitpunkt wu\u00dfte niemand, dass sich die Idee des damaligen Jugendreferenten Georg K\u00fchb\u00f6ck jun. dahingehend festigen w\u00fcrde, da\u00df daraus eine Institution im Jahreskeis entstehen w\u00fcrde. Anf\u00e4nglich durch die Mitgliedervereine vor Ort aktiv unterst\u00fctzt wurde ab dem Jahr 1992 diese Veranstaltung ausschlie\u00dflich durch Mitglieder des Jugendausschusses initiiert.<\/p>\n\n\n\n<p>Als Zielsetzung wurde vereinbart, dass die Kinderferialaktion ausschlie\u00dflich nur f\u00fcr Kinder und Jugendliche im Alter zwischen sechs und 15 Jahren duchgef\u00fchrt wird und im Bundesland Ober\u00f6sterreich stattzufinden hat. W\u00e4hrend dieser Aktion sollen die Teilnehmer spielend auf ihre Mitarbeit innerhalb unserer Brauchtumsorganisation vorbereitet und im Bereich Staatsb\u00fcrgerkunde gefestigt werden.<\/p>\n\n\n\n<p>Bei diesen Kinderferialaktionen wird j\u00e4hrlich ein Thema ausgew\u00e4hlt, mit welchem die Teilnehmer bewusst konfrontiert werden. So z.B. Rettung, Feuerwehr, Grenzschutz, aber auch II. Weltkrieg, Drogenmissbrauch, Jugendschutz, Gewalt in der Familie, usw.&nbsp;<br>&nbsp;<\/p>\n\n\n\n<figure class=\"wp-block-table\"><table><tbody><tr><td>Jahr<\/td><td>Lagerort<\/td><td>Tage<\/td><td>Teilnehmer<\/td><td>Vereine<\/td><\/tr><tr><td>1988<\/td><td>&nbsp;Feldkirchen an der Donau<\/td><td>3<\/td><td>27<\/td><td>6<\/td><\/tr><tr><td>1989<\/td><td>&nbsp;Feldkirchen an der Donau<\/td><td>5<\/td><td>48<\/td><td>9<\/td><\/tr><tr><td>1990<\/td><td>&nbsp;Pramet<\/td><td>7<\/td><td>45<\/td><td>8<\/td><\/tr><tr><td>1991<\/td><td>&nbsp;Feldkirchen an der Donau<\/td><td>7<\/td><td>41<\/td><td>7<\/td><\/tr><tr><td>1992<\/td><td>&nbsp;Pramet<\/td><td>5<\/td><td>48<\/td><td>6<\/td><\/tr><tr><td>1993<\/td><td>&nbsp;Rechberg<\/td><td>7<\/td><td>28<\/td><td>5<\/td><\/tr><tr><td>1994<\/td><td>&nbsp;Waldhausen im Strudengau<\/td><td>6<\/td><td>35<\/td><td>6<\/td><\/tr><tr><td>1995<\/td><td>&nbsp;Waldhausen im Strudengau<\/td><td>7<\/td><td>39<\/td><td>7<\/td><\/tr><tr><td>1996<\/td><td>&nbsp;Losenstein<\/td><td>7<\/td><td>49<\/td><td>7<\/td><\/tr><tr><td>1997<\/td><td>&nbsp;Neuhofen an der Krems<\/td><td>6<\/td><td>60<\/td><td>9<\/td><\/tr><tr><td>1998<\/td><td>&nbsp;Peilstein im M\u00fchlkreis<\/td><td>7<\/td><td>52<\/td><td>9<\/td><\/tr><tr><td>1999<\/td><td>&nbsp;Waldhausen im Strudengau<\/td><td>7<\/td><td>63<\/td><td>9<\/td><\/tr><tr><td>2000<\/td><td>&nbsp;Zwettl an der Rodl<\/td><td>7<\/td><td>82<\/td><td>12<\/td><\/tr><tr><td>2001<\/td><td>&nbsp;Weyer Markt<\/td><td>7<\/td><td>54<\/td><td>9<\/td><\/tr><tr><td>2002<\/td><td>&nbsp;St. Agatha<\/td><td>7<\/td><td>64<\/td><td>8<\/td><\/tr><tr><td>2003<\/td><td>&nbsp;Pettenbach<\/td><td>7<\/td><td>64<\/td><td>11<\/td><\/tr><tr><td>2004<\/td><td>&nbsp;Mondsee<\/td><td>7<\/td><td>53<\/td><td>9<\/td><\/tr><tr><td>2005<\/td><td>&nbsp;Andorf<\/td><td>7<\/td><td>58<\/td><td>8<\/td><\/tr><tr><td>2006<\/td><td>&nbsp;Neuhofen an der Krems<\/td><td>7<\/td><td>27<\/td><td>6<\/td><\/tr><tr><td>2007<\/td><td>&nbsp;Gramastetten<\/td><td>7<\/td><td>29<\/td><td>7<\/td><\/tr><tr><td>2008<\/td><td>&nbsp;Frankenburg<\/td><td>7<\/td><td>29<\/td><td>6<\/td><\/tr><tr><td>2009<\/td><td>&nbsp;Bad Ischl (Abgesagt, da zu wenig Teilnehmer)<\/td><td>0<\/td><td>0<\/td><td>0<\/td><\/tr><tr><td>2010<\/td><td>&nbsp;Ampflwang<\/td><td>7<\/td><td>27<\/td><td>7<\/td><\/tr><tr><td>2011<\/td><td>&nbsp;St. Agatha<\/td><td>7<\/td><td>37<\/td><td>8<\/td><\/tr><tr><td>2012<\/td><td>&nbsp;Klaffer am Hochficht<\/td><td>7<\/td><td>41<\/td><td>7<\/td><\/tr><tr><td>2013<\/td><td>Zwettl an der Rodl<\/td><td>7<\/td><td>48<\/td><td>&nbsp;<\/td><\/tr><tr><td>2014&nbsp;<\/td><td>Neukirchen am Walde<\/td><td>7<\/td><td>72<\/td><td>9<\/td><\/tr><tr><td>2015<\/td><td>Rainbach im M\u00fchlkreis<\/td><td>7<\/td><td>48<\/td><td>7<\/td><\/tr><tr><td>2016<\/td><td>Weyer<\/td><td>7<\/td><td>32<\/td><td>7<\/td><\/tr><tr><td>2017<\/td><td>Frankenburg am Hausruck<\/td><td>7<\/td><td>22<\/td><td>5<\/td><\/tr><tr><td>2018<\/td><td>St. Marienkirchen bei Sch\u00e4rding<\/td><td>7<\/td><td>22<\/td><td>6<\/td><\/tr><tr><td>2019<\/td><td>Natternbach<\/td><td>7<\/td><td>28<\/td><td>6<\/td><\/tr><tr><td>2020<\/td><td>Coronabedingte Absage<\/td><td>&nbsp;<\/td><td>&nbsp;<\/td><td>&nbsp;<\/td><\/tr><tr><td>2021<\/td><td>Coronabedingte Absage<\/td><td>&nbsp;<\/td><td>&nbsp;<\/td><td>&nbsp;<\/td><\/tr><tr><td>2022<\/td><td>Neukirchen am Walde<\/td><td>7<\/td><td>17<\/td><td>2<\/td><\/tr><tr><td>2023<\/td><td>Waizenkirchen<\/td><td>7<\/td><td>27<\/td><td>2<\/td><\/tr><tr><td>2024<\/td><td>Altenberg bei Linz &#8211; leider keine Durchf\u00fchrung m\u00f6glich<\/td><td><\/td><td><\/td><td><\/td><\/tr><tr><td>2025<\/td><td>Altenmarkt<\/td><td>4<\/td><td>19<\/td><td>2<\/td><\/tr><tr><td>2026<\/td><td>Ereignishaus Klaffer am Hochficht<\/td><td><\/td><td><\/td><td><\/td><\/tr><\/tbody><\/table><\/figure>\n\n\n\n<p><br>Wenn man die Zahlen dieser Tabelle analysiert stellt man feststellen, dass die Kinderferialaktion seit der Gr\u00fcndung des Jugendausschusses im Jahre 1992 stetig an Teilnehmer zunahm und sich zuletzt auf ca.30 Teilnehmer eingependelt hat. Im Durchschnitt betreuten die ehrenamtlichen Mitglieder dieses Jugendausschusses j\u00e4hrlich 50 Kinder und Jugendliche.<\/p>\n\n\n\n<hr class=\"wp-block-separator has-alpha-channel-opacity\"\/>\n\n\n\n<hr class=\"wp-block-separator has-alpha-channel-opacity\"\/>\n\n\n\n<p><br>Einen besonderen Dank wollen wir im speziellen unseren Mitarbeitern im Jugendausschusses sagen, welche Jahr f\u00fcr Jahr 1 Woche Urlaub f\u00fcr diese \u00fcberaus wichtige Jugendarbeit verwenden. Dieser Uneigennutz kann nur als Beispiel f\u00fcr viele Andere sein.<\/p>\n\n\n\n<p><strong>Danke !<\/strong><\/p>\n","protected":false},"excerpt":{"rendered":"<p>Die Kinderferialaktion wurde 1988 erstmalig in Feldkirchen an der Donau abgehalten. Zu diesem Zeitpunkt wu\u00dfte niemand, dass sich die Idee des damaligen Jugendreferenten Georg K\u00fchb\u00f6ck jun. dahingehend festigen w\u00fcrde, da\u00df daraus eine Institution im Jahreskeis entstehen w\u00fcrde. Anf\u00e4nglich durch die Mitgliedervereine vor Ort aktiv unterst\u00fctzt wurde ab dem Jahr 1992 diese Veranstaltung ausschlie\u00dflich durch Mitglieder des Jugendausschusses initiiert. Als Zielsetzung wurde vereinbart, dass die Kinderferialaktion ausschlie\u00dflich nur f\u00fcr Kinder und Jugendliche im Alter zwischen sechs und 15 Jahren duchgef\u00fchrt wird und im Bundesland Ober\u00f6sterreich stattzufinden hat. W\u00e4hrend dieser Aktion sollen die Teilnehmer spielend auf ihre Mitarbeit innerhalb unserer Brauchtumsorganisation vorbereitet und im Bereich Staatsb\u00fcrgerkunde gefestigt werden. Bei diesen Kinderferialaktionen wird j\u00e4hrlich ein Thema ausgew\u00e4hlt, mit welchem die Teilnehmer bewusst konfrontiert werden. So z.B. Rettung, Feuerwehr, Grenzschutz, aber auch II. Weltkrieg, Drogenmissbrauch, Jugendschutz, Gewalt in der Familie, usw.&nbsp;&nbsp; Jahr Lagerort Tage Teilnehmer Vereine 1988 &nbsp;Feldkirchen an der Donau 3 27 6 1989 &nbsp;Feldkirchen an der Donau 5 48 9 1990 &nbsp;Pramet 7 45 8 1991 &nbsp;Feldkirchen an der Donau 7 41 7 1992 &nbsp;Pramet 5 48 6 1993 &nbsp;Rechberg 7 28 5 1994 &nbsp;Waldhausen im Strudengau 6 35 6 1995 &nbsp;Waldhausen im Strudengau 7 39 7 1996 &nbsp;Losenstein 7 49 7 1997 &nbsp;Neuhofen an der Krems 6 60 9 1998 &nbsp;Peilstein im M\u00fchlkreis 7 52 9 1999 &nbsp;Waldhausen im Strudengau 7 63 9 2000 &nbsp;Zwettl an der Rodl 7 82 12 2001 &nbsp;Weyer Markt 7 54 9 2002 &nbsp;St. Agatha 7 64 8 2003 &nbsp;Pettenbach 7 64 11 2004 &nbsp;Mondsee 7 53 9 2005 &nbsp;Andorf 7 58 8 2006 &nbsp;Neuhofen an der Krems 7 27 6 2007 &nbsp;Gramastetten 7 29 7 2008 &nbsp;Frankenburg 7 29 6 2009 &nbsp;Bad Ischl (Abgesagt, da zu wenig Teilnehmer) 0 0 0 2010 &nbsp;Ampflwang 7 27 7 2011 &nbsp;St. Agatha 7 37 8 2012 &nbsp;Klaffer am Hochficht 7 41 7 2013 Zwettl an der Rodl 7 48 &nbsp; 2014&nbsp; Neukirchen am Walde 7 72 9 2015 Rainbach im M\u00fchlkreis 7 48 7 2016 Weyer 7 32 7 2017 Frankenburg am Hausruck 7 22 5 2018 St. Marienkirchen bei Sch\u00e4rding 7 22 6 2019 Natternbach 7 28 6 2020 Coronabedingte Absage &nbsp; &nbsp; &nbsp; 2021 Coronabedingte Absage &nbsp; &nbsp; &nbsp; 2022 Neukirchen am Walde 7 17 2 2023 Waizenkirchen 7 27 2 2024 Altenberg bei Linz &#8211; leider keine Durchf\u00fchrung m\u00f6glich 2025 Altenmarkt 4 19 2 2026 Ereignishaus Klaffer am Hochficht Wenn man die Zahlen dieser Tabelle analysiert stellt man feststellen, dass die Kinderferialaktion seit der Gr\u00fcndung des Jugendausschusses im Jahre 1992 stetig an Teilnehmer zunahm und sich zuletzt auf ca.30 Teilnehmer eingependelt hat. Im Durchschnitt betreuten die ehrenamtlichen Mitglieder dieses Jugendausschusses j\u00e4hrlich 50 Kinder und Jugendliche. Einen besonderen Dank wollen wir im speziellen unseren Mitarbeitern im Jugendausschusses sagen, welche Jahr f\u00fcr Jahr 1 Woche Urlaub f\u00fcr diese \u00fcberaus wichtige Jugendarbeit verwenden. Dieser Uneigennutz kann nur als Beispiel f\u00fcr viele Andere sein. Danke !<\/p>\n","protected":false},"author":1,"featured_media":0,"parent":1014,"menu_order":0,"comment_status":"closed","ping_status":"closed","template":"","meta":{"footnotes":""},"class_list":["post-1023","page","type-page","status-publish","hentry"],"_links":{"self":[{"href":"https:\/\/trachtler.at\/index.php?rest_route=\/wp\/v2\/pages\/1023","targetHints":{"allow":["GET"]}}],"collection":[{"href":"https:\/\/trachtler.at\/index.php?rest_route=\/wp\/v2\/pages"}],"about":[{"href":"https:\/\/trachtler.at\/index.php?rest_route=\/wp\/v2\/types\/page"}],"author":[{"embeddable":true,"href":"https:\/\/trachtler.at\/index.php?rest_route=\/wp\/v2\/users\/1"}],"replies":[{"embeddable":true,"href":"https:\/\/trachtler.at\/index.php?rest_route=%2Fwp%2Fv2%2Fcomments&post=1023"}],"version-history":[{"count":3,"href":"https:\/\/trachtler.at\/index.php?rest_route=\/wp\/v2\/pages\/1023\/revisions"}],"predecessor-version":[{"id":1710,"href":"https:\/\/trachtler.at\/index.php?rest_route=\/wp\/v2\/pages\/1023\/revisions\/1710"}],"up":[{"embeddable":true,"href":"https:\/\/trachtler.at\/index.php?rest_route=\/wp\/v2\/pages\/1014"}],"wp:attachment":[{"href":"https:\/\/trachtler.at\/index.php?rest_route=%2Fwp%2Fv2%2Fmedia&parent=1023"}],"curies":[{"name":"wp","href":"https:\/\/api.w.org\/{rel}","templated":true}]}}