{"id":1020,"date":"2025-09-14T22:01:02","date_gmt":"2025-09-14T20:01:02","guid":{"rendered":"https:\/\/trachtler.at\/?page_id=1020"},"modified":"2025-09-14T23:11:02","modified_gmt":"2025-09-14T21:11:02","slug":"gesellschaftliche-aktivitaeten","status":"publish","type":"page","link":"https:\/\/trachtler.at\/?page_id=1020","title":{"rendered":"Gesellschaftliche Aktivit\u00e4ten"},"content":{"rendered":"\n<p>Bereits ein altes Sprichwort sagt &#8222;durch`s redn kumman d` Leut z`samm&#8220;. Genau aus diesem Leitsatz heraus veranstalten wir regelm\u00e4\u00dfig verschiedene gesellschaftliche Veranstaltungen ausschlie\u00dflich zum zusammen kommen.<\/p>\n\n\n<div class=\"wp-block-image\">\n<figure class=\"aligncenter size-full\"><img loading=\"lazy\" decoding=\"async\" width=\"551\" height=\"187\" src=\"https:\/\/trachtler.at\/wp-content\/uploads\/2025\/09\/stammtisch.jpg\" alt=\"\" class=\"wp-image-1021\" srcset=\"https:\/\/trachtler.at\/wp-content\/uploads\/2025\/09\/stammtisch.jpg 551w, https:\/\/trachtler.at\/wp-content\/uploads\/2025\/09\/stammtisch-300x102.jpg 300w\" sizes=\"auto, (max-width: 551px) 100vw, 551px\" \/><\/figure>\n<\/div>\n\n\n<p>&nbsp;So findet in regelm\u00e4\u00dfigen Abst\u00e4nden statt:<\/p>\n\n\n\n<ul class=\"wp-block-list\">\n<li>Verbandsstammtische &#8211; Organisiert und Durchgef\u00fchrt von einem Mitgliederverein<\/li>\n\n\n\n<li>Wandertag zum Nationalfeiertag am 26. Oktober in die jeweilige Maibaumspendergemeinde<\/li>\n\n\n\n<li>Verbandsehrenabende zur Ehrung bei runden Geburtstagen und Auszeichnungen<\/li>\n\n\n\n<li>Publikumsdiskussionen zu aktuellen, fachspezifischen Themen<\/li>\n<\/ul>\n\n\n\n<p>Der Verband der Heimat- und Trachtenvereine ist stetig bem\u00fcht, den Kontakt zu dem Mitgliedervereinen zu verbessern. Wie erwarten uns aber auch von unseren angeschlossenen Organisationen ein entsprechendes Feedback wie z.B. der Besuch von Veranstaltungen und R\u00fcckanworten auf Mitteilungen.<\/p>\n","protected":false},"excerpt":{"rendered":"<p>Bereits ein altes Sprichwort sagt &#8222;durch`s redn kumman d` Leut z`samm&#8220;. Genau aus diesem Leitsatz heraus veranstalten wir regelm\u00e4\u00dfig verschiedene gesellschaftliche Veranstaltungen ausschlie\u00dflich zum zusammen kommen. &nbsp;So findet in regelm\u00e4\u00dfigen Abst\u00e4nden statt: Der Verband der Heimat- und Trachtenvereine ist stetig bem\u00fcht, den Kontakt zu dem Mitgliedervereinen zu verbessern. Wie erwarten uns aber auch von unseren angeschlossenen Organisationen ein entsprechendes Feedback wie z.B. der Besuch von Veranstaltungen und R\u00fcckanworten auf Mitteilungen.<\/p>\n","protected":false},"author":1,"featured_media":0,"parent":1014,"menu_order":0,"comment_status":"closed","ping_status":"closed","template":"","meta":{"footnotes":""},"class_list":["post-1020","page","type-page","status-publish","hentry"],"_links":{"self":[{"href":"https:\/\/trachtler.at\/index.php?rest_route=\/wp\/v2\/pages\/1020","targetHints":{"allow":["GET"]}}],"collection":[{"href":"https:\/\/trachtler.at\/index.php?rest_route=\/wp\/v2\/pages"}],"about":[{"href":"https:\/\/trachtler.at\/index.php?rest_route=\/wp\/v2\/types\/page"}],"author":[{"embeddable":true,"href":"https:\/\/trachtler.at\/index.php?rest_route=\/wp\/v2\/users\/1"}],"replies":[{"embeddable":true,"href":"https:\/\/trachtler.at\/index.php?rest_route=%2Fwp%2Fv2%2Fcomments&post=1020"}],"version-history":[{"count":2,"href":"https:\/\/trachtler.at\/index.php?rest_route=\/wp\/v2\/pages\/1020\/revisions"}],"predecessor-version":[{"id":1040,"href":"https:\/\/trachtler.at\/index.php?rest_route=\/wp\/v2\/pages\/1020\/revisions\/1040"}],"up":[{"embeddable":true,"href":"https:\/\/trachtler.at\/index.php?rest_route=\/wp\/v2\/pages\/1014"}],"wp:attachment":[{"href":"https:\/\/trachtler.at\/index.php?rest_route=%2Fwp%2Fv2%2Fmedia&parent=1020"}],"curies":[{"name":"wp","href":"https:\/\/api.w.org\/{rel}","templated":true}]}}